{"id":272,"date":"2022-10-08T10:45:45","date_gmt":"2022-10-08T10:45:45","guid":{"rendered":"https:\/\/nextstationmorocco.com\/\/?page_id=272"},"modified":"2022-11-12T10:51:31","modified_gmt":"2022-11-12T10:51:31","slug":"6-giorni-da-marrakech-a-ouarzazate-e-zagora","status":"publish","type":"page","link":"https:\/\/nextstationmorocco.com\/it\/6-giorni-da-marrakech-a-ouarzazate-e-zagora\/","title":{"rendered":"6 giorni da Marrakech a Ouarzazate e Zagora"},"content":{"rendered":"<h4>GIORNO 1 : MARRAKECH- OUASISE TELOIET- AIT BEN HADOU- OUARZAZATE- BOUMALN DADES<\/h4>\n<p>Partenza di buon&#8217;ora in 4\u00d74 verso l&#8217;Alto Atlante e il passo del Tichka (2260 m). Si prende poi la direzione del bellissimo sito di T\u00e9louet da dove si raggiunge la kasbah di Ait Ben Haddou percorrendo l&#8217;antica strada dei carovanieri. Pranzo e visita di questo gioiello classificato come patrimonio mondiale dall&#8217;Unesco. Si prosegue verso le Gole del Dades passando per Ouarzazate e il palmeto di Skoura. Arrivo a fine pomeriggio, cena e notte al riad.<\/p>\n<h4>GIORNO 2: BOUMALN DADES-MONTAGNA DI SAGHRO- VALLE DEL DRAA- ZAGORA<\/h4>\n<p>Dopo la prima colazione in hotel, iniziamo l&#8217;esplorazione delle montagne vulcaniche del Sarhro. Si attraversa la strada del Tizi n Tazazart, una pista spettacolare che si snoda tra spettacolari formazioni rocciose e gole con grandi panorami. Proseguirete poi il viaggio attraverso la Valle del Draa, fiancheggiata da palmeti e numerosi villaggi berberi subsahariani. Cenate a Zagora e trascorrete la notte e la cena al Riad.<\/p>\n<h4>GIORNO 3: ZAGORA &#8211; TAMGROUT &#8211; AIT BEN BRAHIM &#8211; DESERTO DI MHAMID<\/h4>\n<p>Dopo il piccolo pranzo si prosegue per il deserto Sosta con il villaggio di Tamgroute per i laboratori e le fornaci di ceramica e, se desiderato, la visita alla biblioteca coranica Proseguimento verso M&#8217;hamid, l&#8217;ultima piantagione di palme di Dr\u00e2a e la porta del deserto. Installazione nel bivacco di M&#8217;hamid a 2 km dal villaggio, in mezzo alle prime dune&#8230; cena e serata con i canti dei nomadi, una notte sotto la tenda o la notte del deserto e cena nel bivacco.<\/p>\n<h4>GIORNO 4 : MHAMID &#8211; ERG CHEGAGA &#8211; GRANDE DESERTO<\/h4>\n<p>Dopo la prima colazione, partenza in 4&#215;4 su una pista sabbiosa per le grandi dune di Chegaga, le pi\u00f9 grandi dune del Marocco, passaggio attraverso l&#8217;oasi sacra. pranzo all&#8217;ombra di palme o tamerici, nel pomeriggio ripresa della pista verso Chegaga. installazione nel bivacco di Chegaga, poi salita sulla duna pi\u00f9 alta per assistere al tramonto sul mare di sabbia e sulle onde delle dune dorate, cena, serata e cena nel campo.<\/p>\n<h4>GIORNO 5: VISITA A UNA FAMIGLIA NOMADE NEL DESERTO<\/h4>\n<p>Questa giornata sar\u00e0 dedicata alla vita nel deserto. Cavalcherete un cammello. Salirete sulle dune per vedere il sole apparire e scomparire. Imparerete a fare il pane nella sabbia calda. La sera, prepareremo il pasto e la danza delle stelle sulla vostra testa ricomincer\u00e0 a farvi sognare un altro mondo. Una seconda notte in un bivacco in mezzo alle dune. Cena e notte al campo nel deserto<\/p>\n<h4>6\u00b0 GIORNO: ERG CHEGAGA- FOUM ZGUID-TAZNAKHT &#8211; MARRAKECH<\/h4>\n<p>Partenza da Chegaga al mattino dopo la colazione con il 4&#215;4 attraverso la pista dell&#8217;oued di Chegaga passando per il lago Iriki (vasta superficie di sabbia impaccata) alla scoperta ancora delle dune si passa vicino ai nomadi, si fa una sosta nel villaggio e anche verso i fossili nella parte desertica di pietra. &#8230;. arrivo al villaggio guida di Foum-z&#8217; alla fine della pista, sosta per un t\u00e8 e poi strada per Taroudant passiamo da TAZNAKHT. \u00e8 una citt\u00e0 del Marocco situata nella regione di Dr\u00e2a-Tafilalet. Faceva parte della confederazione di Ait-Ouaouzguite e attualmente \u00e8 un grande centro per la tessitura di tappeti berberi. Attraversando le montagne dell&#8217;Atlante si \u00e8 arrivati a Marrakech verso le 20:00.<\/p>\n<p><strong>Cosa \u00e8 incluso:<\/strong><\/p>\n<ul>\n<li>Prelievo dall&#8217;hotel di Marrakech la mattina del tour.<\/li>\n<li>Veicolo moderno con aria condizionata<\/li>\n<li>Cammellata fino all&#8217;accampamento nel deserto e ritorno.<\/li>\n<li>3 notte in un campo tradizionale standard nel deserto<\/li>\n<li>2 notte in hotel o riad<\/li>\n<li>Colazioni e pasti serali<\/li>\n<\/ul>\n<p><strong>Cosa non \u00e8 incluso:<\/strong><\/p>\n<ul>\n<li>Acquisti personali, bevande, pranzo, mance<\/li>\n<\/ul>\n","protected":false},"excerpt":{"rendered":"<p>GIORNO 1 : MARRAKECH- OUASISE TELOIET- AIT BEN HADOU- OUARZAZATE- BOUMALN DADES Partenza di buon&#8217;ora in 4\u00d74 verso l&#8217;Alto Atlante e il passo del Tichka (2260<span class=\"excerpt-hellip\"> [\u2026]<\/span><\/p>\n","protected":false},"author":1,"featured_media":0,"parent":0,"menu_order":0,"comment_status":"closed","ping_status":"closed","template":"","meta":{"ngg_post_thumbnail":0,"footnotes":""},"class_list":["post-272","page","type-page","status-publish","hentry"],"_links":{"self":[{"href":"https:\/\/nextstationmorocco.com\/it\/wp-json\/wp\/v2\/pages\/272","targetHints":{"allow":["GET"]}}],"collection":[{"href":"https:\/\/nextstationmorocco.com\/it\/wp-json\/wp\/v2\/pages"}],"about":[{"href":"https:\/\/nextstationmorocco.com\/it\/wp-json\/wp\/v2\/types\/page"}],"author":[{"embeddable":true,"href":"https:\/\/nextstationmorocco.com\/it\/wp-json\/wp\/v2\/users\/1"}],"replies":[{"embeddable":true,"href":"https:\/\/nextstationmorocco.com\/it\/wp-json\/wp\/v2\/comments?post=272"}],"version-history":[{"count":7,"href":"https:\/\/nextstationmorocco.com\/it\/wp-json\/wp\/v2\/pages\/272\/revisions"}],"predecessor-version":[{"id":429,"href":"https:\/\/nextstationmorocco.com\/it\/wp-json\/wp\/v2\/pages\/272\/revisions\/429"}],"wp:attachment":[{"href":"https:\/\/nextstationmorocco.com\/it\/wp-json\/wp\/v2\/media?parent=272"}],"curies":[{"name":"wp","href":"https:\/\/api.w.org\/{rel}","templated":true}]}}