{"id":268,"date":"2022-10-08T10:44:06","date_gmt":"2022-10-08T10:44:06","guid":{"rendered":"https:\/\/nextstationmorocco.com\/\/?page_id=268"},"modified":"2022-11-12T10:51:04","modified_gmt":"2022-11-12T10:51:04","slug":"3-giorni-da-marrakech-al-deserto-di-erg-chegaga","status":"publish","type":"page","link":"https:\/\/nextstationmorocco.com\/it\/3-giorni-da-marrakech-al-deserto-di-erg-chegaga\/","title":{"rendered":"3 giorni da Marrakech al deserto di Erg Chegaga"},"content":{"rendered":"<h4>GIORNO 1: MARRAKECH-OUARZAZAT &#8211; VALLE DEL DRAA -ZAGORA &#8211; MHAMID<\/h4>\n<p>Partenza da Marrakech al mattino, in 4\u00d74, si attraversa nella prima tappa della giornata l&#8217;alto atlante. Arrivo ad Ait-Ben-Haddou, visita della kasbah e proseguimento per Agdz. Pranzo nel cuore della Kasbah di Tamnougalt. Proseguimento verso M&#8217;hamid, l&#8217;ultimo palmeto della Dr\u00e2a e la porta del deserto. Installazione nel bivacco di M&#8217;hamid a 2 km dal villaggio in mezzo alle prime dune&#8230; cena e serata con i canti dei nomadi, una notte sotto la tenda o la notte del deserto \u00e8 la cena o il comp<\/p>\n<h4>GIORNO 2: MHAMID-OUASASI SACRO-ERG CHEGAGA<\/h4>\n<p>Dopo la prima colazione, partenza in 4&#215;4 su una pista sabbiosa per le grandi dune di Chegaga, le pi\u00f9 grandi dune del Marocco, passaggio nell&#8217;oasi sacra&#8230; pranzo all&#8217;ombra di palme o tamerici, nel pomeriggio ripresa della pista verso Chegaga. installazione nel bivacco di Chegaga, poi salita sulla duna pi\u00f9 alta per assistere al tramonto sul mare di sabbia e sulle onde delle dune dorate, cena, serata e cena nel bivacco.<\/p>\n<h4>GIORNO 3 : ERG CHEGAGA- FOUM ZGUID-TAZNAKHT &#8211; MARRAKECH<\/h4>\n<p>Partenza da Chegaga al mattino dopo la colazione con il 4&#215;4 attraverso la pista dell&#8217;oued di Chegaga passando per il lago Iriki (vasta superficie di sabbia impaccata) alla scoperta ancora delle dune si passa vicino ai nomadi, sosta nel villaggio e anche verso i fossili nella parte desertica di pietra. &#8230;. arrivo al villaggio guida di Foum-z&#8217; alla fine della pista, sosta per un t\u00e8 e poi strada per Taroudant passiamo da TAZNAKHT. \u00e8 una citt\u00e0 del Marocco situata nella regione di Dr\u00e2a-Tafilalet. Faceva parte della confederazione di Ait-Ouaouzguite e attualmente \u00e8 un grande centro per la tessitura dei tappeti berberi. attraversa le montagne atlantidee \u00e8 arrivata a Marrakech verso le 20:00.<\/p>\n<p><strong>Cosa \u00e8 incluso:<\/strong><\/p>\n<ul>\n<li>Prelievo dall&#8217;hotel di Marrakech la mattina del tour.<\/li>\n<li>Veicolo moderno con aria condizionata<\/li>\n<li>Cammellata fino all&#8217;accampamento nel deserto e ritorno.<\/li>\n<li>1 notte in un campo tradizionale standard nel deserto<\/li>\n<li>Colazioni e pasti serali<\/li>\n<\/ul>\n<p><strong>Cosa non \u00e8 incluso:<\/strong><\/p>\n<ul>\n<li>Acquisti personali, bevande, pranzo, mance<\/li>\n<\/ul>\n","protected":false},"excerpt":{"rendered":"<p>GIORNO 1: MARRAKECH-OUARZAZAT &#8211; VALLE DEL DRAA -ZAGORA &#8211; MHAMID Partenza da Marrakech al mattino, in 4\u00d74, si attraversa nella prima tappa della giornata l&#8217;alto atlante.<span class=\"excerpt-hellip\"> [\u2026]<\/span><\/p>\n","protected":false},"author":1,"featured_media":0,"parent":0,"menu_order":0,"comment_status":"closed","ping_status":"closed","template":"","meta":{"ngg_post_thumbnail":0,"footnotes":""},"class_list":["post-268","page","type-page","status-publish","hentry"],"_links":{"self":[{"href":"https:\/\/nextstationmorocco.com\/it\/wp-json\/wp\/v2\/pages\/268","targetHints":{"allow":["GET"]}}],"collection":[{"href":"https:\/\/nextstationmorocco.com\/it\/wp-json\/wp\/v2\/pages"}],"about":[{"href":"https:\/\/nextstationmorocco.com\/it\/wp-json\/wp\/v2\/types\/page"}],"author":[{"embeddable":true,"href":"https:\/\/nextstationmorocco.com\/it\/wp-json\/wp\/v2\/users\/1"}],"replies":[{"embeddable":true,"href":"https:\/\/nextstationmorocco.com\/it\/wp-json\/wp\/v2\/comments?post=268"}],"version-history":[{"count":6,"href":"https:\/\/nextstationmorocco.com\/it\/wp-json\/wp\/v2\/pages\/268\/revisions"}],"predecessor-version":[{"id":426,"href":"https:\/\/nextstationmorocco.com\/it\/wp-json\/wp\/v2\/pages\/268\/revisions\/426"}],"wp:attachment":[{"href":"https:\/\/nextstationmorocco.com\/it\/wp-json\/wp\/v2\/media?parent=268"}],"curies":[{"name":"wp","href":"https:\/\/api.w.org\/{rel}","templated":true}]}}