{"id":145,"date":"2022-09-30T15:39:10","date_gmt":"2022-09-30T15:39:10","guid":{"rendered":"https:\/\/nextstationmorocco.com\/\/?page_id=145"},"modified":"2022-10-13T15:13:12","modified_gmt":"2022-10-13T15:13:12","slug":"9-giorni-da-tanger-a-chefchaouen-fes","status":"publish","type":"page","link":"https:\/\/nextstationmorocco.com\/it\/9-giorni-da-tanger-a-chefchaouen-fes\/","title":{"rendered":"9 giorni da Tanger a Chefchaouen Fes"},"content":{"rendered":"<h4>Giorno 1: Tangeri<\/h4>\n<p>Benvenuti in Marocco Arrivo a Tangeri in nave o in aereo e trasferimento in hotel a Tangeri. Tangeri \u00e8 un antico porto ricco di storia, in quanto era a guardia dell&#8217;ingresso del Mediterraneo. Ha una medina e una citt\u00e0 nuova molto frequentate.<\/p>\n<h4>Giorno 2: Cap Spartel<\/h4>\n<p>Trascorrete la mattinata esplorando Tangeri. Nel pomeriggio si parte a ovest di Tangeri verso Cap Spartel attraverso La Montagne. Qui \u00e8 possibile vedere le aquile e gli uccelli migratori diretti in Spagna o di ritorno per l&#8217;inverno. Visitate le Grottes d&#8217;Hercule a 5 km a sud del faro di Cap Spartel. Secondo la leggenda, Ercole si ripos\u00f2 in queste grotte dopo aver scavato lo stretto tra Europa e Africa.<\/p>\n<h4>Giorno 3: Tetouan<\/h4>\n<p>Lasciata Tangeri, ci si dirige a ovest lungo la costa e la strada collinare verso Ceuta (Sebta per i locali). Si gode di una buona vista sul mare ed \u00e8 possibile salire sul Jebel Musa, di fronte alla rocca di Gibilterra (Jebel Tarik). Dopo il pranzo a Tetouan, si prosegue il viaggio lungo la costa, passando per il piccolo porto di pescatori di Cabo Negro e dirigendosi poi verso le montagne fino a Chefchaouen. Questa citt\u00e0, fondata nel 1471, era molto isolata fino all&#8217;inizio del XX secolo. In cima alle montagne del Rif, Chefchaouen \u00e8 dipinta con deliziose tonalit\u00e0 di blu, eredit\u00e0 della popolazione ebraica che vi abitava.<\/p>\n<h4>Giorno 4: Chefchaouen<\/h4>\n<p>Godetevi una giornata di svago a Chefchaouen, un&#8217;oasi di pace e tranquillit\u00e0. Scoprite la medina di Chefchaouen, il quartiere della tessitura della seta e della lana, la piazza principale con i suoi caff\u00e8 e i souk. Magari barattate un kilim al mercato, dove potrete fare ottimi affari.<\/p>\n<h4>Giorno 5: Le montagne del Rif<\/h4>\n<p>Oggi si viaggia attraverso le montagne del Rif fino a Fes. Le montagne del Rif sono ancora relativamente inesplorate dai visitatori, in parte perch\u00e9 sono piuttosto remote e in parte a causa dell&#8217;hashish che viene coltivato nei campi delle valli nascoste. Tuttavia, con la vostra guida e il vostro autista, potrete rilassarvi e vedere il Marocco incontaminato.<\/p>\n<h4>6\u00b0 giorno: Fes<\/h4>\n<p>La pi\u00f9 antica e pi\u00f9 grande citt\u00e0 medievale del mondo, Fes \u00e8 un brulicante centro di attivit\u00e0 e davvero affascinante. Trascorrete la giornata esplorando questa citt\u00e0 storica, i souk, i palazzi e le viste dal museo e dalla vecchia Kasbah appena fuori dalle mura.<\/p>\n<h4>7\u00b0 giorno: citt\u00e0 romana di Volubilis<\/h4>\n<p>Questa mattina, uscendo dalla citt\u00e0, visitate l&#8217;antica citt\u00e0 romana di Volubilis, ai piedi delle montagne del Medio Atlante. Sono rimasti incredibili mosiaci, porte, ville e il foro &#8211; la citt\u00e0 \u00e8 cos\u00ec grande che non \u00e8 ancora stata scavata tutta. Nel pomeriggio, visitate la citt\u00e0 di Moulay Idriss, aperta solo ai non musulmani nella storia recente e intitolata al fondatore di Fes. Pernottamento nella citt\u00e0 imperiale di Meknes.<\/p>\n<h4>8\u00b0 giorno: vista sulle montagne del Rif<\/h4>\n<p>Lasciata Meknes, si attraversano le montagne del Rif e la citt\u00e0 di Ksar-el Kbir, per tornare a Tangeri. Trascorrete l&#8217;ultima serata a vostro piacimento, con la possibilit\u00e0 di fare acquisti di souvenir dell&#8217;ultimo minuto o di gustare un buon pasto in uno dei numerosi e gustosi ristoranti.<\/p>\n<h4>9\u00b0 giorno: Tangeri<\/h4>\n<p>Trasferimento all&#8217;aeroporto o al porto dei traghetti.<\/p>\n","protected":false},"excerpt":{"rendered":"<p>Giorno 1: Tangeri Benvenuti in Marocco Arrivo a Tangeri in nave o in aereo e trasferimento in hotel a Tangeri. Tangeri \u00e8 un antico porto ricco<span class=\"excerpt-hellip\"> [\u2026]<\/span><\/p>\n","protected":false},"author":1,"featured_media":0,"parent":0,"menu_order":0,"comment_status":"closed","ping_status":"closed","template":"","meta":{"ngg_post_thumbnail":0,"footnotes":""},"class_list":["post-145","page","type-page","status-publish","hentry"],"_links":{"self":[{"href":"https:\/\/nextstationmorocco.com\/it\/wp-json\/wp\/v2\/pages\/145","targetHints":{"allow":["GET"]}}],"collection":[{"href":"https:\/\/nextstationmorocco.com\/it\/wp-json\/wp\/v2\/pages"}],"about":[{"href":"https:\/\/nextstationmorocco.com\/it\/wp-json\/wp\/v2\/types\/page"}],"author":[{"embeddable":true,"href":"https:\/\/nextstationmorocco.com\/it\/wp-json\/wp\/v2\/users\/1"}],"replies":[{"embeddable":true,"href":"https:\/\/nextstationmorocco.com\/it\/wp-json\/wp\/v2\/comments?post=145"}],"version-history":[{"count":4,"href":"https:\/\/nextstationmorocco.com\/it\/wp-json\/wp\/v2\/pages\/145\/revisions"}],"predecessor-version":[{"id":343,"href":"https:\/\/nextstationmorocco.com\/it\/wp-json\/wp\/v2\/pages\/145\/revisions\/343"}],"wp:attachment":[{"href":"https:\/\/nextstationmorocco.com\/it\/wp-json\/wp\/v2\/media?parent=145"}],"curies":[{"name":"wp","href":"https:\/\/api.w.org\/{rel}","templated":true}]}}