{"id":143,"date":"2022-09-30T15:38:54","date_gmt":"2022-09-30T15:38:54","guid":{"rendered":"https:\/\/nextstationmorocco.com\/\/?page_id=143"},"modified":"2022-10-13T15:13:36","modified_gmt":"2022-10-13T15:13:36","slug":"8-giorni-da-tanger-chefchaouen-marrakech","status":"publish","type":"page","link":"https:\/\/nextstationmorocco.com\/it\/8-giorni-da-tanger-chefchaouen-marrakech\/","title":{"rendered":"8 giorni Da Tanger Chefchaouen Marrakech"},"content":{"rendered":"<h4>Giorno 1: Tanger:<\/h4>\n<p>Trasferimento dall&#8217;aeroporto o dal terminal dei traghetti all&#8217;hotel. Avrete tempo per esplorare questa vivace citt\u00e0 portuale che un tempo era il parco giochi della mondanit\u00e0 internazionale, tra cui scrittori, artisti, musicisti e politici. (Paul Bowles). La citt\u00e0 \u00e8 un luogo vivace, cosmopolita e storico del Mediterraneo, dove potrete esplorare numerosi musei e siti. Pernottamento in hotel.<\/p>\n<h4>Giorno 2 : Fes Chefchaouen:<\/h4>\n<p>Oggi ci dirigiamo a Chefchaouen, una bella citt\u00e0 andalusa dalle facciate bianche e blu incastonata nelle montagne del Rif. \u00c8 una citt\u00e0 rilassata, con piccoli vicoli tortuosi e piazze del mercato, dove le donne del Rif circostante vengono a vendere i loro prodotti fatti a mano. La cena \u00e8 in hotel.<\/p>\n<h4>Giorno 3 : Chefchaouen Fes :<\/h4>\n<p>Ci dirigiamo verso la citt\u00e0 pi\u00f9 affascinante del Marocco e l&#8217;ultima citt\u00e0 medievale rimasta al mondo. Visiterete la medina con i suoi &#8220;souk&#8221; (mercati), fermandovi alla porta del Palazzo Reale, alla Moschea Karouine del IX secolo e all&#8217;Universit\u00e0. Visiterete la tomba del fondatore della citt\u00e0, Moulay Idris II. Pranzerete in uno dei ristoranti tradizionali della vecchia medina. Dopo pranzo continuerete a esplorare la Fontana Najarine, la porta di Bab Boujloud, i vecchi giardini dell&#8217;harem e il Museo Batha. Sulla via del ritorno all&#8217;hotel, ci fermeremo per godere di una vista panoramica della citt\u00e0. Mausoleo e una famosa conceria dove le pelli vengono stagionate e tinte in enormi vasche.<\/p>\n<h4>4\u00b0 giorno: Fez Beni Mellal Marrakech:<\/h4>\n<p>Partenza per Marrakech passando per le montagne del Medio Atlante e il villaggio berbero di Ifrane e Azrou, tempo libero per una pausa pranzo facoltativa e un momento di relax a Beni Mellal, uno dei centri agricoli del Marocco. Arrivo a Marrakech nel tardo pomeriggio. Check-in in hotel, pernottamento e cena in hotel.<\/p>\n<h4>5\u00b0 giorno: Marrakech:<\/h4>\n<p>Visita della Marrakech storica: il giardino della Menara, le tombe Saadiane, il Palazzo Bahia, il Minareto della Koutoubia e i Giardini Majorelle che prendono il nome dal famoso pittore francese che qui costru\u00ec la sua villa art d\u00e9co e diede vita al giardino botanico. Nel 1980 divenne la residenza di Yves Saint Laurent. Nel pomeriggio visita della famosa piazza Djemaa El Fna con i suoi souk e quartieri artigianali circostanti. Il t\u00e8 marocchino viene servito alla &#8220;Maison de la photographie&#8221;, un riad nella citt\u00e0 vecchia, dove si pu\u00f2 ammirare un&#8217;incredibile collezione fotografica di &#8220;Paesaggi e volti del Marocco&#8221; realizzata tra il 1870 e il 1950. Questa sera \u00e8 possibile assistere facoltativamente allo spettacolo Fantasia con cena. Pernottamento con cena in hotel.<\/p>\n<h4>6\u00b0 giorno: Marrakech Casablanca:<\/h4>\n<p>Mattinata a disposizione per lo shopping dell&#8217;ultimo minuto o per rilassarsi. Nel pomeriggio partenza per Casablanca. Pernottamento con cena in hotel.<\/p>\n<h4>7\u00b0 giorno: Casablanca Tanger :<\/h4>\n<p>Dopo la prima colazione in hotel, potrete ammirare la splendida moschea di Hassan II. Poi, partenza verso il nord. Vi fermerete lungo il percorso per scattare foto, rilassarvi e godervi il paesaggio della regione. Arrivo a Tanger nel tardo pomeriggio. Cena e pernottamento in hotel.<\/p>\n<h4>Giorno 8 : Tanger :<\/h4>\n<p>Ritorno all&#8217;aeroporto Trasferimento mattutino all&#8217;aeroporto per il volo di partenza.<\/p>\n","protected":false},"excerpt":{"rendered":"<p>Giorno 1: Tanger: Trasferimento dall&#8217;aeroporto o dal terminal dei traghetti all&#8217;hotel. Avrete tempo per esplorare questa vivace citt\u00e0 portuale che un tempo era il parco giochi<span class=\"excerpt-hellip\"> [\u2026]<\/span><\/p>\n","protected":false},"author":1,"featured_media":0,"parent":0,"menu_order":0,"comment_status":"closed","ping_status":"closed","template":"","meta":{"ngg_post_thumbnail":0,"footnotes":""},"class_list":["post-143","page","type-page","status-publish","hentry"],"_links":{"self":[{"href":"https:\/\/nextstationmorocco.com\/it\/wp-json\/wp\/v2\/pages\/143","targetHints":{"allow":["GET"]}}],"collection":[{"href":"https:\/\/nextstationmorocco.com\/it\/wp-json\/wp\/v2\/pages"}],"about":[{"href":"https:\/\/nextstationmorocco.com\/it\/wp-json\/wp\/v2\/types\/page"}],"author":[{"embeddable":true,"href":"https:\/\/nextstationmorocco.com\/it\/wp-json\/wp\/v2\/users\/1"}],"replies":[{"embeddable":true,"href":"https:\/\/nextstationmorocco.com\/it\/wp-json\/wp\/v2\/comments?post=143"}],"version-history":[{"count":5,"href":"https:\/\/nextstationmorocco.com\/it\/wp-json\/wp\/v2\/pages\/143\/revisions"}],"predecessor-version":[{"id":344,"href":"https:\/\/nextstationmorocco.com\/it\/wp-json\/wp\/v2\/pages\/143\/revisions\/344"}],"wp:attachment":[{"href":"https:\/\/nextstationmorocco.com\/it\/wp-json\/wp\/v2\/media?parent=143"}],"curies":[{"name":"wp","href":"https:\/\/api.w.org\/{rel}","templated":true}]}}