{"id":141,"date":"2022-09-30T15:37:33","date_gmt":"2022-09-30T15:37:33","guid":{"rendered":"https:\/\/nextstationmorocco.com\/\/?page_id=141"},"modified":"2022-10-13T15:21:29","modified_gmt":"2022-10-13T15:21:29","slug":"trekking-a-cammello","status":"publish","type":"page","link":"https:\/\/nextstationmorocco.com\/it\/trekking-a-cammello\/","title":{"rendered":"Trekking a Cammello"},"content":{"rendered":"<h4>1 notte di cammello nel deserto di Merzouga:<\/h4>\n<p>Il trekking notturno in cammello nel deserto di Merzouga \u00e8 una grande esperienza. \u00c8 un&#8217;attivit\u00e0 da non perdere nel deserto! Si consiglia di soggiornare almeno 1 notte nel deserto e di dormire nell&#8217;accampamento del deserto.<\/p>\n<p>Questo trekking in cammello inizia nel pomeriggio con una cavalcata nel deserto di circa 1 ora. Ci godremo il deserto e dopo aver raggiunto il nostro campo nel deserto, prepareremo la cena. Dormiremo nella tenda del deserto e la musica berbera render\u00e0 speciale la nostra notte.<\/p>\n<p>Il mattino seguente ci sveglieremo presto per ammirare l&#8217;alba nel deserto del Sahara. Poi torneremo all&#8217;hotel nel deserto cavalcando cammelli per circa 1 ora. Faremo colazione nell&#8217;hotel del deserto.<\/p>\n<p>2 notti di Camel Trek nel deserto di Merzouga:<\/p>\n<p>Questo trekking a dorso di cammello inizier\u00e0 nel pomeriggio e ci addentreremo a dorso di cammello nel deserto. I nostri cammelli saranno carichi di cibo, coperte e tutto ci\u00f2 di cui avremo bisogno. Passeremo un&#8217;oasi in mezzo alle dune dove passeremo la notte intorno a un fuoco, ceneremo con musica berbera e passeremo la notte in tende nomadi.<\/p>\n<p>Il mattino seguente, dopo la colazione nel campo, cavalcheremo i cammelli per visitare e pranzare con i nomadi. Saliremo su alte dune da cui si gode di una bella vista e potremo provare il sand boarding. Dopo il tramonto torneremo al campo dove trascorreremo la notte.<\/p>\n<p>La mattina dopo, torneremo in cammello all&#8217;hotel nel deserto di Merzouga, dove faremo colazione e ci faremo una doccia.<\/p>\n<p>Trekking a cammello al tramonto nel deserto di Merzouga:<\/p>\n<p>Il trekking a cammello al tramonto nel deserto di Merzouga \u00e8 l&#8217;occasione ideale per vivere il deserto del Sahara.<\/p>\n<p>Il nostro trekking a dorso di cammello inizia dall&#8217;hotel nel deserto e sarete seguiti da una guida esperta che si occuper\u00e0 del vostro viaggio nel deserto per ammirare il tramonto nel deserto.<\/p>\n<p>Il nostro giro in cammello nel deserto durer\u00e0 circa 30 minuti e raggiungeremo la duna pi\u00f9 alta di Merzouga, da cui potrete godere di una splendida vista. Poi torneremo all&#8217;hotel nel deserto.<\/p>\n<p>Cammellata all&#8217;alba nel deserto di Merzouga:<\/p>\n<p>Il trekking a dorso di cammello all&#8217;alba nel deserto di Merzouga \u00e8 l&#8217;occasione perfetta per vivere il deserto del Sahara.<\/p>\n<p>Il nostro trekking a dorso di cammello inizia dall&#8217;hotel nel deserto e si procede a dorso di cammello per circa 30 minuti per raggiungere la duna pi\u00f9 alta del deserto di Merzouga. Godremo di un&#8217;incredibile vista dell&#8217;alba e poi torneremo al nostro hotel nel deserto.<\/p>\n","protected":false},"excerpt":{"rendered":"<p>1 notte di cammello nel deserto di Merzouga: Il trekking notturno in cammello nel deserto di Merzouga \u00e8 una grande esperienza. \u00c8 un&#8217;attivit\u00e0 da non perdere<span class=\"excerpt-hellip\"> [\u2026]<\/span><\/p>\n","protected":false},"author":1,"featured_media":0,"parent":0,"menu_order":0,"comment_status":"closed","ping_status":"closed","template":"","meta":{"ngg_post_thumbnail":0,"footnotes":""},"class_list":["post-141","page","type-page","status-publish","hentry"],"_links":{"self":[{"href":"https:\/\/nextstationmorocco.com\/it\/wp-json\/wp\/v2\/pages\/141","targetHints":{"allow":["GET"]}}],"collection":[{"href":"https:\/\/nextstationmorocco.com\/it\/wp-json\/wp\/v2\/pages"}],"about":[{"href":"https:\/\/nextstationmorocco.com\/it\/wp-json\/wp\/v2\/types\/page"}],"author":[{"embeddable":true,"href":"https:\/\/nextstationmorocco.com\/it\/wp-json\/wp\/v2\/users\/1"}],"replies":[{"embeddable":true,"href":"https:\/\/nextstationmorocco.com\/it\/wp-json\/wp\/v2\/comments?post=141"}],"version-history":[{"count":5,"href":"https:\/\/nextstationmorocco.com\/it\/wp-json\/wp\/v2\/pages\/141\/revisions"}],"predecessor-version":[{"id":351,"href":"https:\/\/nextstationmorocco.com\/it\/wp-json\/wp\/v2\/pages\/141\/revisions\/351"}],"wp:attachment":[{"href":"https:\/\/nextstationmorocco.com\/it\/wp-json\/wp\/v2\/media?parent=141"}],"curies":[{"name":"wp","href":"https:\/\/api.w.org\/{rel}","templated":true}]}}