{"id":139,"date":"2022-09-30T15:20:12","date_gmt":"2022-09-30T15:20:12","guid":{"rendered":"https:\/\/nextstationmorocco.com\/\/?page_id=139"},"modified":"2022-10-13T15:14:27","modified_gmt":"2022-10-13T15:14:27","slug":"7-giorni-da-casablanca-tour-privato","status":"publish","type":"page","link":"https:\/\/nextstationmorocco.com\/it\/7-giorni-da-casablanca-tour-privato\/","title":{"rendered":"7 giorni da Casablanca Tour privato"},"content":{"rendered":"<h3>Punti salienti del viaggio<\/h3>\n<ul>\n<li>Villaggi berberi.<\/li>\n<li>Tenda nomade berbera.<\/li>\n<li>Gole del Dades e del Todra<\/li>\n<li>Ouarzazate e Ait ben Haddou<\/li>\n<li>Passo di Tichka 2660m<\/li>\n<\/ul>\n<p>Il tour privato da Casablanca a Fez e Marrakech vi offre la possibilit\u00e0 di vedere il vero Marocco. .<\/p>\n<h3>Itinerario<\/h3>\n<h4>Giorno 1: Casablanca &#8211; Rabat :<\/h4>\n<p>Il nostro tour privato di 7 giorni in Marocco inizia oggi con un breve tour di Casablanca, che \u00e8 la capitale economica del Marocco e visiteremo la Grande Moschea di Hassan II. Si tratta di uno dei pi\u00f9 grandi monumenti del mondo islamico. Visiteremo anche Place Mohammed V e i dintorni del Palazzo Reale. Successivamente si parte per Rabat, capitale amministrativa del Marocco, dove si visitano il Mausoleo di Mohammed V, la Torre di Hassan e la Place des Oudayas. Nel tardo pomeriggio, check-in in hotel, cena e pernottamento.<\/p>\n<h4>Giorno 2: Rabat &#8211; Meknes :<\/h4>\n<p>Oggi ci dirigiamo a Meknes per visitare questa antica citt\u00e0 imperiale. Pernotteremo qui in un hotel locale. La citt\u00e0 di Meknes sar\u00e0 visitata con una guida.<\/p>\n<h4>Giorno 3: Meknes &#8211; Volubilis &#8211; Fes :<\/h4>\n<p>Dopo la prima colazione partiremo per Fes con una sosta alle rovine romane di Volubilis. Poi partenza per Fez, dove ci fermeremo per la cena e il pernottamento in un riad locale.<\/p>\n<h4>Giorno 4: Visita della citt\u00e0 di Fes:<\/h4>\n<p>L&#8217;intera giornata di oggi sar\u00e0 dedicata alla visita di Fez. \u00c8 la pi\u00f9 antica citt\u00e0 imperiale culturale e spirituale del Marocco e i punti salienti includono la Medina medievale, la Medersas (un&#8217;universit\u00e0 islamica), la Moschea El Qaraouiyyin. Ci fermiamo di nuovo a Fez per la cena e il pernottamento in hotel.<\/p>\n<h4>5\u00b0 giorno: Fes &#8211; Beni Mellal &#8211; Marrakech:<\/h4>\n<p>Oggi, dopo la prima colazione, ci dirigeremo verso Marrakech passando per Azrou, un villaggio berbero noto per la sua cooperativa di artigianato. Continueremo questo viaggio panoramico attraverso la bella regione montuosa della catena dell&#8217;Atlante medio. All&#8217;arrivo a Beni-Mellal, pranzeremo prima di proseguire per Marrakech, dove ci sistemeremo in un hotel locale per la cena e il pernottamento.<\/p>\n<h4>6\u00b0 giorno: visita della citt\u00e0 di Marrakech:<\/h4>\n<p>Oggi avrete una visita guidata delle principali attrazioni di Marrakech, la seconda citt\u00e0 imperiale pi\u00f9 antica. Visiteremo le tombe saadiane, la Moschea Koutoubia, il Palazzo Bahia e i Giardini della Menara. Nel pomeriggio esploreremo il souk e la piazza Djemaa el Fna, famosa in tutto il mondo per i suoi vari intrattenimenti, come cantastorie, acrobati, incantatori di serpenti. Pernottamento in hotel e pernottamento a Marrakech.<\/p>\n<h4>7\u00b0 giorno: Marrakech &#8211; aeroporto di Casablanca:<\/h4>\n<p>La mattina avrete un programma libero e poi partiremo per Casablanca. Questo sar\u00e0 il termine del nostro tour privato di 7 giorni in Marocco.<\/p>\n<p><strong>Cosa \u00e8 incluso?<\/strong><\/p>\n<ul>\n<li>Sistemazione in autentici Riad (camera + colazione + cena)<\/li>\n<li>Confortevole veicolo 4&#215;4 con aria condizionata<\/li>\n<li>Autista esperto che parla inglese &#8211; Guida<\/li>\n<li>Cammellata per raggiungere il campo del deserto (1 cammello a persona)<\/li>\n<li>Giro in cammello.<\/li>\n<li>1 notte tra le dune del deserto del Sahara con cena e colazione.<\/li>\n<\/ul>\n<p><strong>Cosa non \u00e8 incluso?<\/strong><\/p>\n<ul>\n<li>Biglietti aerei<\/li>\n<li>Pranzi e bevande durante il viaggio<\/li>\n<li>Biglietti per i monumenti<\/li>\n<\/ul>\n","protected":false},"excerpt":{"rendered":"<p>Punti salienti del viaggio Villaggi berberi. Tenda nomade berbera. Gole del Dades e del Todra Ouarzazate e Ait ben Haddou Passo di Tichka 2660m Il tour<span class=\"excerpt-hellip\"> [\u2026]<\/span><\/p>\n","protected":false},"author":1,"featured_media":0,"parent":0,"menu_order":0,"comment_status":"closed","ping_status":"closed","template":"","meta":{"ngg_post_thumbnail":0,"footnotes":""},"class_list":["post-139","page","type-page","status-publish","hentry"],"_links":{"self":[{"href":"https:\/\/nextstationmorocco.com\/it\/wp-json\/wp\/v2\/pages\/139","targetHints":{"allow":["GET"]}}],"collection":[{"href":"https:\/\/nextstationmorocco.com\/it\/wp-json\/wp\/v2\/pages"}],"about":[{"href":"https:\/\/nextstationmorocco.com\/it\/wp-json\/wp\/v2\/types\/page"}],"author":[{"embeddable":true,"href":"https:\/\/nextstationmorocco.com\/it\/wp-json\/wp\/v2\/users\/1"}],"replies":[{"embeddable":true,"href":"https:\/\/nextstationmorocco.com\/it\/wp-json\/wp\/v2\/comments?post=139"}],"version-history":[{"count":5,"href":"https:\/\/nextstationmorocco.com\/it\/wp-json\/wp\/v2\/pages\/139\/revisions"}],"predecessor-version":[{"id":345,"href":"https:\/\/nextstationmorocco.com\/it\/wp-json\/wp\/v2\/pages\/139\/revisions\/345"}],"wp:attachment":[{"href":"https:\/\/nextstationmorocco.com\/it\/wp-json\/wp\/v2\/media?parent=139"}],"curies":[{"name":"wp","href":"https:\/\/api.w.org\/{rel}","templated":true}]}}