{"id":134,"date":"2022-09-30T15:17:56","date_gmt":"2022-09-30T15:17:56","guid":{"rendered":"https:\/\/nextstationmorocco.com\/\/?page_id=134"},"modified":"2022-10-13T15:17:51","modified_gmt":"2022-10-13T15:17:51","slug":"5-giorni-da-marrakech-a-merzouga","status":"publish","type":"page","link":"https:\/\/nextstationmorocco.com\/it\/5-giorni-da-marrakech-a-merzouga\/","title":{"rendered":"5 giorni da Marrakech a Merzouga"},"content":{"rendered":"<h3>Punti salienti del viaggio<\/h3>\n<ul>\n<li>Villaggi berberi.<\/li>\n<li>Tenda nomade berbera.<\/li>\n<li>Gole del Dades e del Todra<\/li>\n<li>Ouarzazate e Ait ben Haddou<\/li>\n<li>Passo di Tichka 2660m<\/li>\n<\/ul>\n<p>Il nostro tour privato da Marrakech a Merzouga vi offre la possibilit\u00e0 di vedere il vero deserto dell&#8217;Erg Chebbi. Godetevi il giro in cammello e l&#8217;esperienza del campo nel deserto del Sahara. .<\/p>\n<h3>Itinerario:<\/h3>\n<h4>Giorno 1 &#8211; Marrakech &#8211; Tizi n Tichka &#8211; Gole del Dades:<\/h4>\n<p>Il nostro viaggio di 5 giorni in Marocco inizia oggi da Marrakech e viaggia attraverso il passo di Tizi n&#8217;Tichka. Durante il trasporto si gode di una vista perfetta sulle montagne e sui villaggi berberi. Ci fermeremo al sito del patrimonio mondiale di Ait Benhaddou &#8211; questa kasbah \u00e8 stata utilizzata come sfondo per molti film famosi. Passeremo poi per Ouarzazate e proseguiremo verso la Valle delle Rose e la Valle del Dades, dove pernotteremo in un hotel locale.<\/p>\n<h4>Giorno 2 &#8211; Gole del Dades &#8211; Rissani &#8211; Merzouga:<\/h4>\n<p>Il nostro tour del Marocco prosegue dopo la prima colazione in direzione delle Gole del Todra, un&#8217;enorme faglia che si erge a 300 m in una valle stretta. Qui pranzeremo e poi ci inoltreremo nel deserto fino al piccolo villaggio di Merzouga, passando per Erfoud e Rissani. A Merzouga faremo un&#8217;escursione a dorso di cammello nel bellissimo deserto dell&#8217;Erg Chebbi. Passeremo la notte in un accampamento nel deserto e gusterete sicuramente una cena marocchina.<\/p>\n<h4>Giorno 3- Tour 4&#215;4 nel deserto di Merzouga:<\/h4>\n<p>Il nostro viaggio privato in Marocco continua la mattina seguente e dopo la colazione esploreremo la zona desertica locale visitando il villaggio di Khamlia &#8211; la casa del popolo Gnawi, originario del Sudan e di cui sperimenteremo la musica e lo stile di vita. Saremo guidati da un cammelliere esperto ed esploreremo il misterioso mare di sabbia dell&#8217;Erg-Chebbi prima di trascorrere la prima notte sotto le stelle in una tradizionale tenda nomade berbera. La cena sar\u00e0 servita nella tenda dove trascorrerete questa notte.<\/p>\n<h4>Giorno 4 &#8211; Merzouga &#8211; Agdez &#8211; Ourzazatte:<\/h4>\n<p>Oggi il nostro tour privato di 5 giorni in Marocco prosegue osservando l&#8217;alba sulle dune. Torneremo in cammello all&#8217;hotel di Merzouga per una doccia e la colazione. Poi continueremo il tour privato del Marocco verso la valle del Draa, passando per Tazarin e Nkob, capitale della trib\u00f9 berbera Ait Atta. La valle del Draa \u00e8 la pi\u00f9 lunga valle del Marocco, lunga circa 1100 km. Visiteremo anche Agdz, chiamata la &#8220;Porta della Valle del Draa&#8221; e famosa per il suo mercato dei datteri. Si prosegue poi per Ouarzazatte, dove si pernotta in un riad tradizionale.<\/p>\n<h4>Giorno 5 &#8211; Ouarzazatte &#8211; Passo del Tichka &#8211; Marrakech:<\/h4>\n<p>L&#8217;ultimo giorno del nostro viaggio privato di 5 giorni in Marocco torniamo a Marrakech passando per le montagne dell&#8217;Alto Atlante.<\/p>\n<p><strong>COSA \u00c8 INCLUSO ?<\/strong><\/p>\n<ul>\n<li>Tour in veicolo\/minibus 4&#215;4 con aria condizionata.<\/li>\n<li>Autista\/Guida<\/li>\n<li>Guida in inglese e carburante.<\/li>\n<li>Pernottamenti in hotel (colazione e cena incluse).<\/li>\n<li>Giro in cammello.<\/li>\n<li>1 notte in un campo nel deserto.<\/li>\n<\/ul>\n<p><strong>COSA NON \u00c8 INCLUSO?<\/strong><\/p>\n<ul>\n<li>Pranzi<\/li>\n<li>Bevande<\/li>\n<\/ul>\n","protected":false},"excerpt":{"rendered":"<p>Punti salienti del viaggio Villaggi berberi. Tenda nomade berbera. Gole del Dades e del Todra Ouarzazate e Ait ben Haddou Passo di Tichka 2660m Il nostro<span class=\"excerpt-hellip\"> [\u2026]<\/span><\/p>\n","protected":false},"author":1,"featured_media":0,"parent":0,"menu_order":0,"comment_status":"closed","ping_status":"closed","template":"","meta":{"ngg_post_thumbnail":0,"footnotes":""},"class_list":["post-134","page","type-page","status-publish","hentry"],"_links":{"self":[{"href":"https:\/\/nextstationmorocco.com\/it\/wp-json\/wp\/v2\/pages\/134","targetHints":{"allow":["GET"]}}],"collection":[{"href":"https:\/\/nextstationmorocco.com\/it\/wp-json\/wp\/v2\/pages"}],"about":[{"href":"https:\/\/nextstationmorocco.com\/it\/wp-json\/wp\/v2\/types\/page"}],"author":[{"embeddable":true,"href":"https:\/\/nextstationmorocco.com\/it\/wp-json\/wp\/v2\/users\/1"}],"replies":[{"embeddable":true,"href":"https:\/\/nextstationmorocco.com\/it\/wp-json\/wp\/v2\/comments?post=134"}],"version-history":[{"count":6,"href":"https:\/\/nextstationmorocco.com\/it\/wp-json\/wp\/v2\/pages\/134\/revisions"}],"predecessor-version":[{"id":350,"href":"https:\/\/nextstationmorocco.com\/it\/wp-json\/wp\/v2\/pages\/134\/revisions\/350"}],"wp:attachment":[{"href":"https:\/\/nextstationmorocco.com\/it\/wp-json\/wp\/v2\/media?parent=134"}],"curies":[{"name":"wp","href":"https:\/\/api.w.org\/{rel}","templated":true}]}}