{"id":129,"date":"2022-09-30T14:50:15","date_gmt":"2022-09-30T14:50:15","guid":{"rendered":"https:\/\/nextstationmorocco.com\/\/?page_id=129"},"modified":"2022-10-13T15:04:40","modified_gmt":"2022-10-13T15:04:40","slug":"10-giorni-di-tour-nel-deserto-verso-le-citta-imperiali-da-casablanca","status":"publish","type":"page","link":"https:\/\/nextstationmorocco.com\/it\/10-giorni-di-tour-nel-deserto-verso-le-citta-imperiali-da-casablanca\/","title":{"rendered":"10 giorni di tour nel deserto verso le citt\u00e0 imperiali da Casablanca"},"content":{"rendered":"<p>Durante questa visita di dieci giorni in Marocco, il primo giorno inizia con un tour panoramico di Casablanca per esplorare le principali attrazioni, esplorare la citt\u00e0 di Meknes, scoprire le porte della bella citt\u00e0, ed esplorare l&#8217;antica citt\u00e0 di Fes e tutti gli altri. Luoghi interessanti: la citt\u00e0 vecchia, il mercato centrale, i souk di Marrakech e i loro splendidi giardini, la vecchia Essaouira a Mogador e un pasto marocchino a base di pesce nel vecchio porto. Viaggiate nella bellezza del deserto, esplorate le Kasbah, attraversate le valli, godetevi una notte sul campo del deserto e ammirate il bellissimo tramonto sulle dune dorate.<\/p>\n<h3>Itinerario per il tour del deserto di 10 giorni alle citt\u00e0 imperiali da casablanca<\/h3>\n<h4>Giorno 1: aeroporto &#8211; Casablanca<\/h4>\n<p>Il vostro tour privato del Marocco inizia con il trasferimento dall&#8217;aeroporto al vostro hotel a Casablanca. La visita al sito di viaggio dipende dall&#8217;orario di arrivo. Se il tempo a disposizione lo permette, possiamo esplorare alcune attrazioni di Casablanca, come la Moschea di Hassan II, il Grand Maghreb e la vicina spiaggia.<\/p>\n<h4>giorno 2: Casablanca &#8211; Meknes &#8211; Volubilis &#8211; Fez<\/h4>\n<p>Questa mattina possiamo terminare le attrazioni di Casablanca, che non sono state consentite dal tempo del primo giorno. Dopo il pranzo a Medina, ci dirigiamo a Meknes, l&#8217;antica citt\u00e0 imperiale circondata da una delle regioni vinicole pi\u00f9 prestigiose del Marocco. Dopo una breve pausa a Meknes, ci dirigeremo verso le antiche rovine romane di Volubilis. Avrete il tempo di esplorare i monumenti e i mosaici da soli o di affidarvi a una guida locale. Quindi proseguiamo per Fez, dove trascorreremo la notte in un riad\/hotel locale.<\/p>\n<h4>Giorno 3: esplorazione della citt\u00e0 di Fez con le guide<\/h4>\n<p>Oggi giornata dedicata al turismo a Fez, la capitale spirituale del Marocco. La citt\u00e0 medievale, la fontana del falegname, il mausoleo di Moulay Idriss e la moschea Al-Qarawiyyin (solo per visite esterne). Potrete pranzare in un ristorante tradizionale nel cuore della citt\u00e0 vecchia e, dopo un pomeriggio, visitare i souk e la nuova Fez (Nueva Fee), rientrare in hotel.<\/p>\n<h4>4\u00b0 giorno: Fez &#8211; Ifrane &#8211; Midelt &#8211; Erfoud &#8211; Risani &#8211; Deserto di Merzouga<\/h4>\n<p>Oggi andremo a Ifrane dopo la prima colazione. Ifrane \u00e8 conosciuta come la &#8220;Svizzera del Marocco&#8221;. Proseguiamo verso Midelt e poi passiamo la valle dello Ziz per raggiungere la citt\u00e0 di Erfoud. Erfoud \u00e8 famosa per i suoi prodotti fossili locali. \u00c8 anche possibile fermarsi per conoscere meglio la regione e i fossili. Dopo Erfoud, ci dirigiamo verso l&#8217;antica citt\u00e0 di Rizani per esplorare i suoi mercati. Questa sera il viaggio si conclude a Merzouga, dove pernotteremo in un hotel ai margini delle dune del deserto.<\/p>\n<h4>5\u00b0 giorno: visita del deserto e trekking in cammello fino all&#8217;accampamento nel deserto<\/h4>\n<p>Oggi, dopo la colazione, ci dirigiamo verso un posto di blocco nel deserto di Merzouga. All&#8217;arrivo, cambiamo il nostro SUV con un cammello (facoltativo). Lasciatevi guidare da un esperto di bellezza ed esplorate la regione intorno ad Arj Al-Shabibi. Ci vogliono circa 90 minuti per raggiungere il campo. Una volta arrivati, ci godiamo il tramonto sulle dune. Al tramonto, cena servita accanto al camino. Notte in tende berbere tradizionali sotto il cielo del deserto.<\/p>\n<h4>6\u00b0 giorno: Deserto di Merzouga &#8211; Todra &#8211; Dades<\/h4>\n<p>Questa mattina ci svegliamo presto per ammirare l&#8217;alba sulle dune prima di raggiungere un hotel locale per rilassarci e fare colazione. Poi ci dirigeremo verso Todra George passando per Rizani e Tinghir. Il passo pi\u00f9 alto e pi\u00f9 stretto del Marocco. Dopo il pranzo nelle gole, attraverseremo il Dades. Ci fermeremo per ammirare la caratteristica geologica conosciuta localmente come &#8220;dita di scimmia&#8221;. Questa sera pernotteremo a Dades.<\/p>\n<h4>7\u00b0 giorno: Gole del Dades &#8211; Ouarzazate &#8211; Ait Ben Haddou &#8211; Marrakech<\/h4>\n<p>Il tour privato di oggi prosegue con una gita al castello di El Majouna, a Ouarzazate, noto come la &#8220;Hollywood africana&#8221;. Qui possiamo visitare lo studio cinematografico locale e la Kasbah (Fortaleza). Poi si va ad Ait Ben Haddou per visitare la Kasbah locale, la pi\u00f9 grande Kasbah del Marocco e patrimonio dell&#8217;umanit\u00e0 dell&#8217;UNESCO. Continuiamo l&#8217;Alto Atlante fino a Marrakech, dove passeremo la notte.<\/p>\n<h4>8\u00b0 giorno: tour di Marrakech<\/h4>\n<p>La giornata odierna si svolge interamente a Marrakech. Esplorerete le principali attrazioni della citt\u00e0, tra cui la famosa piazza Jemaa El Fna, la moschea Koutoubia, i mercati, i palazzi e i musei. Esploreremo anche parti della citt\u00e0 come Kellys, i Giardini del Faro e il Museo Majorelle. Dopo il pranzo in un ristorante locale, avrete la possibilit\u00e0 di esplorare la citt\u00e0 a vostro piacimento. Tornate a Piazza Jemaa El Fna per cenare in uno dei tanti stand gastronomici o in un hammam o in entrambi. Prima di tornare al vostro hotel\/riad a Marrakech.<\/p>\n<h4>Giorno 9: Marrakech &#8211; Essaouira (escursione giornaliera)<\/h4>\n<p>Oggi faremo una visita guidata alla bellissima citt\u00e0 di Essaouira, una citt\u00e0 storica sulla costa atlantica con mura del XVIII secolo chiamate Scala de la Casbah e una citt\u00e0 pi\u00f9 riposante. L&#8217;ultima sera torneremo al vostro hotel\/sport a Marrakech.<\/p>\n<h4>10\u00b0 giorno: da Marrakech all&#8217;aeroporto di Casablanca<\/h4>\n<p>Oggi ci trasferiamo a Casablanca, dove si conclude il tour.<\/p>\n<p><strong>Il tour di 10 giorni nel deserto verso le citt\u00e0 imperiali da Casablanca comprende<\/strong><\/p>\n<ul>\n<li>Un 4&#215;4 o un minivan con aria condizionata,<\/li>\n<li>Cammellata fino a pernottare in un campo di lusso con bagno e doccia in camera<\/li>\n<li>Autista parlante inglese\/francese\/spagnolo durante il tour<\/li>\n<li>Camere\/tende private<\/li>\n<li>Hotel<\/li>\n<li>Cena<\/li>\n<li>Pick up e drop off presso il vostro alloggio a Marrakech<\/li>\n<\/ul>\n","protected":false},"excerpt":{"rendered":"<p>Durante questa visita di dieci giorni in Marocco, il primo giorno inizia con un tour panoramico di Casablanca per esplorare le principali attrazioni, esplorare la citt\u00e0<span class=\"excerpt-hellip\"> [\u2026]<\/span><\/p>\n","protected":false},"author":1,"featured_media":0,"parent":0,"menu_order":0,"comment_status":"closed","ping_status":"closed","template":"","meta":{"ngg_post_thumbnail":0,"footnotes":""},"class_list":["post-129","page","type-page","status-publish","hentry"],"_links":{"self":[{"href":"https:\/\/nextstationmorocco.com\/it\/wp-json\/wp\/v2\/pages\/129","targetHints":{"allow":["GET"]}}],"collection":[{"href":"https:\/\/nextstationmorocco.com\/it\/wp-json\/wp\/v2\/pages"}],"about":[{"href":"https:\/\/nextstationmorocco.com\/it\/wp-json\/wp\/v2\/types\/page"}],"author":[{"embeddable":true,"href":"https:\/\/nextstationmorocco.com\/it\/wp-json\/wp\/v2\/users\/1"}],"replies":[{"embeddable":true,"href":"https:\/\/nextstationmorocco.com\/it\/wp-json\/wp\/v2\/comments?post=129"}],"version-history":[{"count":5,"href":"https:\/\/nextstationmorocco.com\/it\/wp-json\/wp\/v2\/pages\/129\/revisions"}],"predecessor-version":[{"id":333,"href":"https:\/\/nextstationmorocco.com\/it\/wp-json\/wp\/v2\/pages\/129\/revisions\/333"}],"wp:attachment":[{"href":"https:\/\/nextstationmorocco.com\/it\/wp-json\/wp\/v2\/media?parent=129"}],"curies":[{"name":"wp","href":"https:\/\/api.w.org\/{rel}","templated":true}]}}