{"id":127,"date":"2022-09-30T14:49:17","date_gmt":"2022-09-30T14:49:17","guid":{"rendered":"https:\/\/nextstationmorocco.com\/\/?page_id=127"},"modified":"2022-10-13T15:15:51","modified_gmt":"2022-10-13T15:15:51","slug":"6-giorni-alle-citta-imperiali-e-al-deserto-del-sahara-da-casablanca","status":"publish","type":"page","link":"https:\/\/nextstationmorocco.com\/it\/6-giorni-alle-citta-imperiali-e-al-deserto-del-sahara-da-casablanca\/","title":{"rendered":"6 giorni alle citt\u00e0 imperiali e al deserto del Sahara da Casablanca"},"content":{"rendered":"<p>Esplorate con l&#8217;agenzia di viaggi del Marocco le citt\u00e0 imperiali marocchine che passeggiano lungo le strette vie di Fez e Marrakech e godetevi i colorati mercati. Godetevi la cultura e le tradizioni marocchine in sei giorni dopo il tour culturale e la partenza da Casablanca e visitate le bellissime citt\u00e0 imperiali di Fez, Meknes, Rabat e Marrakech. Esplorate il deserto, le dune, le passeggiate in cammello, scoprite il patrimonio mondiale della Kasbah e godetevi l&#8217;ospitalit\u00e0 marocchina e la deliziosa cucina marocchina durante la visita.<\/p>\n<h3>Itinerario:<\/h3>\n<h4>Giorno 1: Casablanca &#8211; Rabat &#8211; Meknes &#8211; Fez<\/h4>\n<p>Il tour inizia con l&#8217;autista che verr\u00e0 a prendervi in albergo a Casablanca. Esploriamo quindi i principali siti culturali prima di dirigerci a Rabat per una breve visita della citt\u00e0. Poi proseguiamo attraverso Meknes fino a Fez, dove trascorriamo la notte in un riad\/hotel.<\/p>\n<h4>Giorno 2: visita di Fes<\/h4>\n<p>Oggi esploriamo per la prima volta la citt\u00e0 pi\u00f9 antica del Marocco con le sue strade strette e anguste. Iniziamo visitando la porta del palazzo reale, seguita dalla sede ebraica, dove il primo marinaio marocchino costru\u00ec nel XVI secolo. Ci assicureremo di visitare tutti i luoghi di interesse storico e culturale, tra cui la famosa Universit\u00e0 Al-Karaouine, la pi\u00f9 antica della regione. Visiteremo anche le concerie di Moulay Idriss, il museo dei profumi e il mausoleo. Dopo pranzo, visiterete diverse cooperative, per poi godere di una magnifica vista panoramica dell&#8217;intera citt\u00e0 di Fez nel vostro riad prima della fine della notte.<\/p>\n<h4>Giorno 3: Da Fez al deserto<\/h4>\n<p>La visita prosegue con un&#8217;escursione ad Azrou, dove si esplora la foresta di cedri, dimora del macaco berbero. Da l\u00ec, il viaggio conduce a Midelt e alla Valle dello Ziz, con una breve sosta per il pranzo\/bevanda a Erfoud. Seguendo Rissani, si arriva infine a Merzouga. Appena arrivati, cambieremo il cammello 4\u00d74 (opzionale) sotto la guida dell&#8217;esperto cammelliere ed esploreremo la regione intorno all&#8217;Erg Chebbi. Ci vorranno circa 90 minuti per raggiungere il campo e godremo di un bellissimo tramonto tra le dune. Quando sar\u00e0 buio, cena servita intorno al fuoco. Questa notte la trascorreremo nelle tende barbariche nel deserto.<\/p>\n<h4>Giorno 4: Deserto di Marzouga &#8211; Risani &#8211; Gole del Dades<\/h4>\n<p>Cercheremo di partire presto per vedere l&#8217;alba sulle dune prima di arrivare in un hotel locale per rilassarci. Dopo la colazione, attraversiamo Raisani e Tinghir verso lo Stretto di Todra. Il passaggio pi\u00f9 alto e pi\u00f9 stretto del Marocco. Dopo il pranzo nella gola, attraversiamo il Dadestal per sfruttare la caratteristica geologica nota come &#8220;dito di scimmia&#8221;. Trascorreremo la notte nella Valle del Dades, con cena e colazione libere il mattino seguente.<\/p>\n<h4>5\u00b0 giorno: Gole del Dades &#8211; Ait Ben Haddou &#8211; Tizi In Tikka &#8211; Marrakech<\/h4>\n<p>Il nostro tour privato prosegue con una gita a Ouarzazate, conosciuta come la &#8220;Hollywood d&#8217;Africa&#8221;. Qui possiamo<br \/>\nvisitare lo studio cinematografico locale e la Kasbah (fortezza). Poi andremo ad Ait<br \/>\nBen Haddou per visitare la Kasbah locale, la pi\u00f9 grande del Marocco e patrimonio dell&#8217;UNESCO.<br \/>\npatrimonio mondiale dell&#8217;UNESCO. Proseguiamo attraverso le montagne dell&#8217;Alto Atlante fino a Marrakech,<br \/>\ndove pernotteremo in un riad tradizionale della citt\u00e0.<\/p>\n<h4>Giorno 6 &#8211; MARRAKECH a Casablanca<\/h4>\n<p>Dopo la prima colazione, esploriamo Marrakech, la &#8220;citt\u00e0 rossa del Marocco&#8221;. La visita comprende i giardini Majorelle, la Torre Koutoubia, le tombe Saadiane e il Palazzo Bahia. Nel pomeriggio, avrete la possibilit\u00e0 di passeggiare per la citt\u00e0 o di partecipare ad altre attivit\u00e0 prima di tornare a Casablanca.<\/p>\n<p><strong>Include durante i 4 giorni di consigli da Marrakech<\/strong><\/p>\n<ul>\n<li>Un 4&#215;4 o un minivan con aria condizionata,<\/li>\n<li>Cammellata per pernottare in un campo di lusso con bagno e doccia in camera<\/li>\n<li>Autista parlante inglese\/francese\/spagnolo durante il tour<\/li>\n<li>Camere\/tende private<\/li>\n<li>Hotel<\/li>\n<li>Cena<\/li>\n<li>Pick up e drop off presso il vostro alloggio a Marrakech<\/li>\n<\/ul>\n","protected":false},"excerpt":{"rendered":"<p>Esplorate con l&#8217;agenzia di viaggi del Marocco le citt\u00e0 imperiali marocchine che passeggiano lungo le strette vie di Fez e Marrakech e godetevi i colorati mercati.<span class=\"excerpt-hellip\"> [\u2026]<\/span><\/p>\n","protected":false},"author":1,"featured_media":0,"parent":0,"menu_order":0,"comment_status":"closed","ping_status":"closed","template":"","meta":{"ngg_post_thumbnail":0,"footnotes":""},"class_list":["post-127","page","type-page","status-publish","hentry"],"_links":{"self":[{"href":"https:\/\/nextstationmorocco.com\/it\/wp-json\/wp\/v2\/pages\/127","targetHints":{"allow":["GET"]}}],"collection":[{"href":"https:\/\/nextstationmorocco.com\/it\/wp-json\/wp\/v2\/pages"}],"about":[{"href":"https:\/\/nextstationmorocco.com\/it\/wp-json\/wp\/v2\/types\/page"}],"author":[{"embeddable":true,"href":"https:\/\/nextstationmorocco.com\/it\/wp-json\/wp\/v2\/users\/1"}],"replies":[{"embeddable":true,"href":"https:\/\/nextstationmorocco.com\/it\/wp-json\/wp\/v2\/comments?post=127"}],"version-history":[{"count":5,"href":"https:\/\/nextstationmorocco.com\/it\/wp-json\/wp\/v2\/pages\/127\/revisions"}],"predecessor-version":[{"id":347,"href":"https:\/\/nextstationmorocco.com\/it\/wp-json\/wp\/v2\/pages\/127\/revisions\/347"}],"wp:attachment":[{"href":"https:\/\/nextstationmorocco.com\/it\/wp-json\/wp\/v2\/media?parent=127"}],"curies":[{"name":"wp","href":"https:\/\/api.w.org\/{rel}","templated":true}]}}