{"id":125,"date":"2022-09-30T14:48:26","date_gmt":"2022-09-30T14:48:26","guid":{"rendered":"https:\/\/nextstationmorocco.com\/\/?page_id=125"},"modified":"2022-10-13T15:16:24","modified_gmt":"2022-10-13T15:16:24","slug":"5-giorni-per-esplorare-le-citta-imperiali-del-marocco-da-casablanca","status":"publish","type":"page","link":"https:\/\/nextstationmorocco.com\/it\/5-giorni-per-esplorare-le-citta-imperiali-del-marocco-da-casablanca\/","title":{"rendered":"5 giorni per esplorare le citt\u00e0 imperiali del Marocco da Casablanca"},"content":{"rendered":"<p>Viaggeremo attraverso le citt\u00e0 imperiali del Marocco, dove l&#8217;originalit\u00e0 si combina con l&#8217;architettura moderna e antica. Questo tour culturale di 5 giorni inizia a Casablanca con la pi\u00f9 grande moschea di Hassan II, a Meknes con le sue splendide porte e le grandi mura, a Fez, la pi\u00f9 antica citt\u00e0 imperiale e la capitale culturale e spirituale del Marocco con il suo labirinto e i suoi mercati colorati. Infine, la capitale del Marocco (Rabat) \u00e8 ideale per esplorare le tombe reali, i monumenti culturali e i palazzi.<\/p>\n<h3>Itinerario:<\/h3>\n<h4>Giorno 1: dall&#8217;aeroporto a Casablanca<\/h4>\n<p>Il nostro tour privato inizia con il trasferimento dall&#8217;aeroporto al vostro hotel di Casablanca, dove riceverete un pasto libero. La giornata dipende dall&#8217;orario di arrivo. A causa del tempo, possiamo esplorare una manciata di attrazioni turistiche di Casablanca, come la Moschea di Hassan II, il centro commerciale marocchino e la vicina spiaggia, per poi trasferirle in hotel.<\/p>\n<h4>Giorno 2: Casablanca &#8211; Meknes &#8211; Fez<\/h4>\n<p>Dopo la prima colazione, ci recheremo a Rabat, la capitale amministrativa del Marocco. La mattinata prevede la visita del Palazzo Reale, del Giardino, della Kasbah del Ritorno, del Mausoleo di Maometto V e della Moschea della Torre di Hassan. Poi si prosegue verso Meknes e, nel pomeriggio, si visita la capitale ismailita, che comprende il muro pi\u00f9 massiccio del Marocco. La famosa porta Bab Al-Mansour. Visiteremo anche le scuderie reali e il quartiere ebraico. Da l\u00ec, proseguiremo verso il vostro hotel a Fez attraverso la citt\u00e0 sacra di Moulay Idriss, dopo le rovine della citt\u00e0 romana di Volubilis, dove potremo fermarci per scattare delle foto e poi procedere verso Fez e il suo alloggio.<\/p>\n<h4>Giorno 3: visita di Fez<\/h4>\n<p>Giornata dedicata alla visita di Fez, la capitale spirituale. Sarebbe meglio visitare i seguenti luoghi: la citt\u00e0 medievale, la Fontana dei Falegnami, il Mausoleo di Moulay Idriss e la Moschea Al-Qarawiyyin (solo visite esterne). \u00c8 possibile pranzare in un ristorante tradizionale nel cuore del centro storico. Un pomeriggio tra i souk e una nuova Fez (nuova Fez), si rientra in hotel.<\/p>\n<h4>Giorno 4: Fez &#8211; Rabat<\/h4>\n<p>Dopo la colazione in hotel, esploriamo la capitale del Marocco (Rabat) e i suoi siti culturali e concludiamo la giornata in hotel.<\/p>\n<h4>5\u00b0 giorno: Rabat &#8211; Casablanca<\/h4>\n<p>Dopo la colazione, ci mettiamo in viaggio verso Casablanca. All&#8217;arrivo, potrete pranzare in un ristorante locale. Nel pomeriggio, visitate il mercato centrale, la zona di Habous, il Palazzo Reale, la piazza Mohammed V, la zona residenziale di Anfa e la moschea di Hassan II e terminate la vostra visita.<\/p>\n<p><strong>Il tour di 5 giorni per esplorare le citt\u00e0 imperiali del Marocco da Casablanca comprende<\/strong><\/p>\n<ul>\n<li>Un 4&#215;4 o un minivan con aria condizionata,<\/li>\n<li>Cammellata per pernottare in un campo di lusso con bagno e doccia in camera<\/li>\n<li>Autista parlante inglese\/francese\/spagnolo durante il tour<\/li>\n<li>Camere\/tende private<\/li>\n<li>Hotel<\/li>\n<li>Cena<\/li>\n<li>Pick up e drop off presso il vostro alloggio a Marrakech<\/li>\n<\/ul>\n","protected":false},"excerpt":{"rendered":"<p>Viaggeremo attraverso le citt\u00e0 imperiali del Marocco, dove l&#8217;originalit\u00e0 si combina con l&#8217;architettura moderna e antica. Questo tour culturale di 5 giorni inizia a Casablanca con<span class=\"excerpt-hellip\"> [\u2026]<\/span><\/p>\n","protected":false},"author":1,"featured_media":0,"parent":0,"menu_order":0,"comment_status":"closed","ping_status":"closed","template":"","meta":{"ngg_post_thumbnail":0,"footnotes":""},"class_list":["post-125","page","type-page","status-publish","hentry"],"_links":{"self":[{"href":"https:\/\/nextstationmorocco.com\/it\/wp-json\/wp\/v2\/pages\/125","targetHints":{"allow":["GET"]}}],"collection":[{"href":"https:\/\/nextstationmorocco.com\/it\/wp-json\/wp\/v2\/pages"}],"about":[{"href":"https:\/\/nextstationmorocco.com\/it\/wp-json\/wp\/v2\/types\/page"}],"author":[{"embeddable":true,"href":"https:\/\/nextstationmorocco.com\/it\/wp-json\/wp\/v2\/users\/1"}],"replies":[{"embeddable":true,"href":"https:\/\/nextstationmorocco.com\/it\/wp-json\/wp\/v2\/comments?post=125"}],"version-history":[{"count":5,"href":"https:\/\/nextstationmorocco.com\/it\/wp-json\/wp\/v2\/pages\/125\/revisions"}],"predecessor-version":[{"id":348,"href":"https:\/\/nextstationmorocco.com\/it\/wp-json\/wp\/v2\/pages\/125\/revisions\/348"}],"wp:attachment":[{"href":"https:\/\/nextstationmorocco.com\/it\/wp-json\/wp\/v2\/media?parent=125"}],"curies":[{"name":"wp","href":"https:\/\/api.w.org\/{rel}","templated":true}]}}