{"id":119,"date":"2022-09-30T14:46:39","date_gmt":"2022-09-30T14:46:39","guid":{"rendered":"https:\/\/nextstationmorocco.com\/\/?page_id=119"},"modified":"2022-10-13T15:02:21","modified_gmt":"2022-10-13T15:02:21","slug":"2-giorni-da-fes-al-deserto-del-sahara","status":"publish","type":"page","link":"https:\/\/nextstationmorocco.com\/it\/2-giorni-da-fes-al-deserto-del-sahara\/","title":{"rendered":"2 giorni da Fes al deserto del Sahara"},"content":{"rendered":"<p>Da Fez si possono fare le migliori escursioni nel deserto e godersi un viaggio di due giorni nel cuore del sud del Marocco. La strada che ci porta alle dune pi\u00f9 imponenti del deserto balla Merzouga e attraversa il Medio Atlante dove si possono vedere scimmie barbare che danzano sugli alberi e godere di un&#8217;oasi di palme verdi, paesaggi meravigliosi, autentici villaggi barbari e villaggi. La Valle dello Ziz \u00e8 un&#8217;ottima occasione per chi ama dormire nei campi desertici sotto le stelle Watching e la musica popolare berbera, ed \u00e8 un modo diverso di vivere.<\/p>\n<h3>Itinerario:<\/h3>\n<h4>Giorno 1: Fez &#8211; Midelt &#8211; Erfoud &#8211; Merzouga<\/h4>\n<p>La nostra visita inizia con una passeggiata sulle montagne dell&#8217;Atlante, dove ci si ferma per visitare i villaggi di Azrou e Ifrane, dove si ha la possibilit\u00e0 di esplorare la famosa Foresta dei Cedri, dimora delle scimmie barbare.<\/p>\n<p>Da l\u00ec si prosegue verso Midelt, dopo aver superato Tiz Ntalghamt e la Valle dello Ziz (qui ci si pu\u00f2 fermare per scattare foto e prendere un t\u00e8 alla menta locale).<\/p>\n<p>Poi si attraversa il Wadi Ziz, Erfoud e Rissani. Un&#8217;oasi si ferma poco prima di raggiungere il deserto. Una volta raggiunte le dune del deserto dell&#8217;Erg Chebbi, ci cambieremo in 4\u00d74 ibridi (facoltativo) e viaggeremo verso il nostro campo nel deserto. \u00c8 possibile accedere all&#8217;arrivo, tradizionalmente senza servizio, e versare dal negozio di musica al negozio e decorazione al chiaro di luna.<\/p>\n<h4>Giorno 2: Merzouga &#8211; Midelt &#8211; Fes<\/h4>\n<p>L&#8217;ultimo giorno si inizia osservando l&#8217;alba sulle dune, per poi guidare e raggiungere (facoltativamente) il villaggio e approfittare della colazione gratuita in hotel. Si apprezzer\u00e0 il percorso di Rissani ed Erfoud, ma ci si fermer\u00e0 di nuovo prima di Ifrane e poi di Fez in modo pi\u00f9 continuo.<\/p>\n<p><strong>Include durante i 2 giorni di viaggio nel deserto da fes<\/strong><\/p>\n<ul>\n<li>Un 4&#215;4 o un minivan con aria condizionata,<\/li>\n<li>Cammellata per pernottare in un campo di lusso con bagno privato e doccia.<\/li>\n<li>Autista di lingua inglese\/francese\/spagnolo durante il tour<\/li>\n<li>Camere\/tende private<\/li>\n<li>Hotel<\/li>\n<li>Cena e colazione<\/li>\n<li>Pick up e drop off presso il vostro alloggio a Marrakech<\/li>\n<\/ul>\n","protected":false},"excerpt":{"rendered":"<p>Da Fez si possono fare le migliori escursioni nel deserto e godersi un viaggio di due giorni nel cuore del sud del Marocco. La strada che<span class=\"excerpt-hellip\"> [\u2026]<\/span><\/p>\n","protected":false},"author":1,"featured_media":0,"parent":0,"menu_order":0,"comment_status":"closed","ping_status":"closed","template":"","meta":{"ngg_post_thumbnail":0,"footnotes":""},"class_list":["post-119","page","type-page","status-publish","hentry"],"_links":{"self":[{"href":"https:\/\/nextstationmorocco.com\/it\/wp-json\/wp\/v2\/pages\/119","targetHints":{"allow":["GET"]}}],"collection":[{"href":"https:\/\/nextstationmorocco.com\/it\/wp-json\/wp\/v2\/pages"}],"about":[{"href":"https:\/\/nextstationmorocco.com\/it\/wp-json\/wp\/v2\/types\/page"}],"author":[{"embeddable":true,"href":"https:\/\/nextstationmorocco.com\/it\/wp-json\/wp\/v2\/users\/1"}],"replies":[{"embeddable":true,"href":"https:\/\/nextstationmorocco.com\/it\/wp-json\/wp\/v2\/comments?post=119"}],"version-history":[{"count":6,"href":"https:\/\/nextstationmorocco.com\/it\/wp-json\/wp\/v2\/pages\/119\/revisions"}],"predecessor-version":[{"id":331,"href":"https:\/\/nextstationmorocco.com\/it\/wp-json\/wp\/v2\/pages\/119\/revisions\/331"}],"wp:attachment":[{"href":"https:\/\/nextstationmorocco.com\/it\/wp-json\/wp\/v2\/media?parent=119"}],"curies":[{"name":"wp","href":"https:\/\/api.w.org\/{rel}","templated":true}]}}