{"id":117,"date":"2022-09-30T14:45:55","date_gmt":"2022-09-30T14:45:55","guid":{"rendered":"https:\/\/nextstationmorocco.com\/\/?page_id=117"},"modified":"2022-10-13T15:08:35","modified_gmt":"2022-10-13T15:08:35","slug":"3-giorni-da-marrakech-a-fes-nel-deserto","status":"publish","type":"page","link":"https:\/\/nextstationmorocco.com\/it\/3-giorni-da-marrakech-a-fes-nel-deserto\/","title":{"rendered":"3 Giorni da Marrakech a Fes nel deserto"},"content":{"rendered":"<p>Il tour privato nel deserto da Marrakech a Fes \u00e8 il tour di pi\u00f9 giorni perfetto per unire le due maestose comunit\u00e0 urbane di Marrakech e Fes con un viaggio via terra attraverso il deserto marocchino. Attraverserete le montagne dell&#8217;Alto Atlante, visiterete la Kasbah di Ait Ben Hadou, Ouarzazate, il giardino del deserto di Skoura, la Valle del Dades, Tinghir e i suoi grandiosi canyon del Todra. Apprezzate un&#8217;escursione a dorso di cammello al crepuscolo nelle creste dell&#8217;Erg Chebbi e passate la notte con i beduini nel vostro accampamento nel deserto del Sahara. Superate le montagne del Medio Atlante e i suoi cedri, dove potrete avvistare le scimmie di Barberia, prima di arrivare a Fes. In sintesi, questo \u00e8 il miglior tour nel deserto da Marrakech a Fes.<\/p>\n<h3>L&#8217;ITINERARIO DEL VIAGGIO DI 3 GIORNI DA MARRAKECH A FES<\/h3>\n<h4>Giorno 1: Marrakech &#8211; Alto Atlante &#8211; ait ben Haddou &#8211; Valle del Dades.<\/h4>\n<p>Il viaggio nel deserto da Marrakech a Fes partir\u00e0 dal vostro riad alle 07:30 per raggiungere la Kasbah Ait Ben Hadou attraverso il passo Tizi Ntichka e le montagne dell&#8217;Alto Atlante. Durante il tragitto sono previste diverse soste. Visiterete la Kasbah Ait Ben Haddou, patrimonio mondiale dell&#8217;UNESCO, che \u00e8 stata anche utilizzata come set per diversi film di Hollywood. Verso sera, si raggiunge la sorgente desertica di Skoura. Da qui si prosegue per Kalaa Mgouna, passando per la Valle delle Rose, prima di arrivare alla nostra casa vacanze situata nella Valle del Dades.<\/p>\n<h4>Giorno 2: Valle del Dades &#8211; Gole di Toudgha &#8211; Deserto di Merzouga<\/h4>\n<p>Il secondo giorno, dopo aver fatto colazione, inizieremo la nostra avventura dall&#8217;hotel in direzione del Sahara di Merzouga (Erg Chebbi). Nella nostra giornata vedremo la famiglia e la cultura berbera visitando le gole di Toudggha a piedi, continueremo a guidare fino a Erfoud in cui sentiremo l&#8217;inizio delle dune di sabbia del Marocco, poi continueremo a guidare fino al deserto di Merzouga, dopo aver riposato, andremo a cavalcare i cammelli che ci porteranno in un&#8217;avventura nel deserto tra le dune e sar\u00e0 l&#8217;occasione per scattare le foto pi\u00f9 belle del tramonto nel deserto del Marocco, passeremo la notte nell&#8217;accampamento e godremo della musica del Sahara la sera dopo cena.<\/p>\n<h4>Giorno 3: Merzouga &#8211; Ifran &#8211; Fes<\/h4>\n<p>L&#8217;ultimo giorno del nostro tour da Marrakech a Fes attraverso il deserto inizier\u00e0 dopo una sveglia di buon&#8217;ora per godere di un incredibile trekking a dorso di cammello all&#8217;alba sulle dune di Merzouga, dopo una buona colazione l&#8217;autista vi incontrer\u00e0 per iniziare un viaggio panoramico verso Fes attraversando la Valle dello Ziz attraverso Errachidia.<\/p>\n<p>Continueremo il nostro viaggio fino a Midelt, dove pranzeremo a piacere prima di continuare a guidare attraverso il centro della catena montuosa dell&#8217;Atlante, con le sue foreste di cedri e le citt\u00e0 berbere di Ifran, che sono celebrate come stazioni sciistiche invernali per i marocchini.<\/p>\n<p>Il vostro autista potrebbe avvistare alcune scimmie di Barberia durante l&#8217;avvicinamento e cogliere l&#8217;occasione per richiedere alcune foto.<\/p>\n<p><strong>Include durante i 4 giorni di viaggio da Marrakech<\/strong><\/p>\n<ul>\n<li>Un 4&#215;4 o un minivan con aria condizionata,<\/li>\n<li>Cammellata fino a pernottare in un campo di lusso con bagno e doccia in camera<\/li>\n<li>Autista parlante inglese\/francese\/spagnolo durante il tour<\/li>\n<li>Camere\/tende private<\/li>\n<li>Hotel<\/li>\n<li>Cena e colazione<\/li>\n<li>Pick up e drop off presso il vostro alloggio a Marrakech<\/li>\n<\/ul>\n","protected":false},"excerpt":{"rendered":"<p>Il tour privato nel deserto da Marrakech a Fes \u00e8 il tour di pi\u00f9 giorni perfetto per unire le due maestose comunit\u00e0 urbane di Marrakech e<span class=\"excerpt-hellip\"> [\u2026]<\/span><\/p>\n","protected":false},"author":1,"featured_media":0,"parent":0,"menu_order":0,"comment_status":"closed","ping_status":"closed","template":"","meta":{"ngg_post_thumbnail":0,"footnotes":""},"class_list":["post-117","page","type-page","status-publish","hentry"],"_links":{"self":[{"href":"https:\/\/nextstationmorocco.com\/it\/wp-json\/wp\/v2\/pages\/117","targetHints":{"allow":["GET"]}}],"collection":[{"href":"https:\/\/nextstationmorocco.com\/it\/wp-json\/wp\/v2\/pages"}],"about":[{"href":"https:\/\/nextstationmorocco.com\/it\/wp-json\/wp\/v2\/types\/page"}],"author":[{"embeddable":true,"href":"https:\/\/nextstationmorocco.com\/it\/wp-json\/wp\/v2\/users\/1"}],"replies":[{"embeddable":true,"href":"https:\/\/nextstationmorocco.com\/it\/wp-json\/wp\/v2\/comments?post=117"}],"version-history":[{"count":5,"href":"https:\/\/nextstationmorocco.com\/it\/wp-json\/wp\/v2\/pages\/117\/revisions"}],"predecessor-version":[{"id":341,"href":"https:\/\/nextstationmorocco.com\/it\/wp-json\/wp\/v2\/pages\/117\/revisions\/341"}],"wp:attachment":[{"href":"https:\/\/nextstationmorocco.com\/it\/wp-json\/wp\/v2\/media?parent=117"}],"curies":[{"name":"wp","href":"https:\/\/api.w.org\/{rel}","templated":true}]}}