{"id":115,"date":"2022-09-30T14:45:12","date_gmt":"2022-09-30T14:45:12","guid":{"rendered":"https:\/\/nextstationmorocco.com\/\/?page_id=115"},"modified":"2022-10-13T15:07:19","modified_gmt":"2022-10-13T15:07:19","slug":"3-giorni-di-tour-nel-deserto-da-marrakech-a-merzouga","status":"publish","type":"page","link":"https:\/\/nextstationmorocco.com\/it\/3-giorni-di-tour-nel-deserto-da-marrakech-a-merzouga\/","title":{"rendered":"3 giorni di tour nel deserto da Marrakech a Merzouga"},"content":{"rendered":"<p>Il viaggio di tre giorni attraverso il deserto da Marrakech a Merzouga \u00e8 il nostro tour pi\u00f9 popolare attraverso il deserto marocchino. Questo safari nel deserto \u00e8 perfetto per chi vuole scoprire il profondo Sahara in Marocco e non vuole guidare a lungo. Il tour \u00e8 ricco di paesaggi; non vi annoierete mai perch\u00e9 ammirerete una scena dopo l&#8217;altra. Il cambiamento drammatico dei paesaggi \u00e8 fantastico. Dalle fertili pianure di Haouz a Marrakech fino all&#8217;Alto Atlante e poi a diverse valli e oasi. Gli altipiani rocciosi alla fine, seguiti dalle impressionanti dune di Erg Chebbi. Il punto culminante del nostro tour di tre giorni da Marrakech a Merzouga \u00e8 il giro in cammello al tramonto e il sonno notturno sotto le stelle nell&#8217;accampamento beduino del deserto del Sahara.<\/p>\n<h3>Itinerario:<\/h3>\n<h4>GIORNO 1: MARRAKECH &#8211; Ouarzazate &#8211; VALLE DEI DADI<\/h4>\n<p>I tour nel deserto iniziano da Marrakech a Merzouga la mattina presto con un viaggio a est di Marrakech attraverso l&#8217;Alto Atlante. L&#8217;autista si fermer\u00e0 per scattare foto, godersi il panorama e bere una tazza di caff\u00e8.<\/p>\n<p>Percorrete una strada tortuosa fino al famoso passo Tizi Nitschka prima di raggiungere la Kasbah di Ait Ben Haddou. Fortificata dai Berberi, la citt\u00e0 di Ait Ben Haddou \u00e8 un monumento dell&#8217;UNESCO ed \u00e8 anche nota come luogo adatto per i grandi film epici di Hollywood, per citare solo alcuni dei pochi film che la citt\u00e0 ha realizzato: Il Regno dei Cieli, Lawrence D&#8217;Arabia e Il Gladiatore, attraversano il fiume che separa la Kasbah dalla strada principale ed esplorano il villaggio a piacimento.<\/p>\n<p>Dopo il pranzo in un ristorante locale, ci si dirige verso la valle del Dades in direzione di Ouarzazate, l&#8217;Oasi di Skoura, gli agenti di Maghouna, ed \u00e8 famosa per la sua distillazione artigianale di acqua di rose. Arrivati a Bumallen Dades, seguite il fiume Dades lungo un piccolo sentiero che costeggia i numerosi canneti fortificati che costeggiano la strada fino al Canyon del Dades. Arriverete in albergo nel tardo pomeriggio.<\/p>\n<h4>Giorno 2: Gole del Dades &#8211; Merzouga (Dune di Erg Chebbi)<\/h4>\n<p>Dopo un&#8217;ottima colazione in hotel, la giornata inizier\u00e0 nel Dades per raggiungere le dune di Merzouga. Merzouga \u00e8 famosa per le dune dell&#8217;Erg Shebby o le dune pi\u00f9 comuni con oltre 100 chilometri di terreno a Merzoug. Godetevi un giro in mezza carrozza attraverso le splendide dune dell&#8217;Erg Shebby e godetevi la vista del tramonto, che offre un panorama bellissimo e unico al mondo. La seconda notte, un soggiorno temporaneo sotto le stelle dopo una cena tradizionale sul fuoco.<\/p>\n<h4>Giorno 3: Merzouga &#8211; Ouarzazate &#8211; Marrakech (9 ore di viaggio)<\/h4>\n<p>Dopo la magnifica alba, gustate una colazione tipica e fate un giro in cammello per tornare a Merzouga. Ammirate gli splendidi paesaggi del Sahara, le oasi, i palmeti e le verdi vallate Tornate a Marrakech.<\/p>\n<p><strong>Il viaggio di 3 giorni nel deserto da Marrakech comprende<\/strong><\/p>\n<ul>\n<li>Un 4&#215;4 o un Minivan con aria condizionata,<\/li>\n<li>Cammellata fino a pernottare in un campo di lusso con bagno e doccia in camera<\/li>\n<li>Autista parlante inglese\/francese\/spagnolo durante il tour<\/li>\n<li>Camere\/tende private<\/li>\n<li>Hotel<\/li>\n<li>Cena e colazione<\/li>\n<li>Pick up e drop off presso il vostro alloggio a Marrakech<\/li>\n<\/ul>\n","protected":false},"excerpt":{"rendered":"<p>Il viaggio di tre giorni attraverso il deserto da Marrakech a Merzouga \u00e8 il nostro tour pi\u00f9 popolare attraverso il deserto marocchino. Questo safari nel deserto<span class=\"excerpt-hellip\"> [\u2026]<\/span><\/p>\n","protected":false},"author":1,"featured_media":0,"parent":0,"menu_order":0,"comment_status":"closed","ping_status":"closed","template":"","meta":{"ngg_post_thumbnail":0,"footnotes":""},"class_list":["post-115","page","type-page","status-publish","hentry"],"_links":{"self":[{"href":"https:\/\/nextstationmorocco.com\/it\/wp-json\/wp\/v2\/pages\/115","targetHints":{"allow":["GET"]}}],"collection":[{"href":"https:\/\/nextstationmorocco.com\/it\/wp-json\/wp\/v2\/pages"}],"about":[{"href":"https:\/\/nextstationmorocco.com\/it\/wp-json\/wp\/v2\/types\/page"}],"author":[{"embeddable":true,"href":"https:\/\/nextstationmorocco.com\/it\/wp-json\/wp\/v2\/users\/1"}],"replies":[{"embeddable":true,"href":"https:\/\/nextstationmorocco.com\/it\/wp-json\/wp\/v2\/comments?post=115"}],"version-history":[{"count":5,"href":"https:\/\/nextstationmorocco.com\/it\/wp-json\/wp\/v2\/pages\/115\/revisions"}],"predecessor-version":[{"id":337,"href":"https:\/\/nextstationmorocco.com\/it\/wp-json\/wp\/v2\/pages\/115\/revisions\/337"}],"wp:attachment":[{"href":"https:\/\/nextstationmorocco.com\/it\/wp-json\/wp\/v2\/media?parent=115"}],"curies":[{"name":"wp","href":"https:\/\/api.w.org\/{rel}","templated":true}]}}