{"id":109,"date":"2022-09-30T14:38:38","date_gmt":"2022-09-30T14:38:38","guid":{"rendered":"https:\/\/nextstationmorocco.com\/\/?page_id=109"},"modified":"2022-10-13T15:22:16","modified_gmt":"2022-10-13T15:22:16","slug":"gite-di-un-giorno-da-marrakech-alla-kasbah-ait-benhadou","status":"publish","type":"page","link":"https:\/\/nextstationmorocco.com\/it\/gite-di-un-giorno-da-marrakech-alla-kasbah-ait-benhadou\/","title":{"rendered":"Gite di un giorno da Marrakech alla Kasbah Ait Benhadou"},"content":{"rendered":"<h3>Viaggio di un giorno da Marrakech<\/h3>\n<p>Best Morocco Travels offre gite di un giorno da Marrakech per mostrarvi il bellissimo Paese; costumi, cultura, siti e storia. Tutti i nostri tour privati in Marocco includono tour culturali, tour nel deserto e trekking in cammello nel deserto del Sahara. Se desiderate modificare i nostri tour, non esitate a contattarci e prepareremo per voi un tour del Marocco personalizzato in base alle vostre esigenze.<\/p>\n<h4>MARRAKECH &#8211; AIT BENHADDOU<\/h4>\n<p>A\u00eft Benhaddou \u00e8 una citt\u00e0 fortificata, o palazzo (ksar), lungo l&#8217;antica via carovaniera tra il Sahara e Marrakech, nell&#8217;attuale Marocco. La maggior parte degli abitanti della zona vive oggi in abitazioni pi\u00f9 moderne in un villaggio vicino, anche se ci sono 4 famiglie che vivono ancora nell&#8217;antica citt\u00e0. Questa gigantesca fortificazione, composta da sei fortezze (Kasbah) e da quasi cinquanta palazzi che sono singole fortezze, \u00e8 un grande esempio di architettura in terra battuta, utilizzata anche nell&#8217;architettura marocchina.<\/p>\n<p><strong>A\u00eft Benhaddou \u00e8 patrimonio dell&#8217;umanit\u00e0 dell&#8217;UNESCO dal 1987 e vi sono stati girati diversi film, tra cui:<\/strong><\/p>\n<ul>\n<li>L&#8217;ultima tentazione di Cristo (1988)<\/li>\n<li>La mummia (1999)<\/li>\n<li>Il gladiatore (2000)<\/li>\n<li>Alexander (2004)<\/li>\n<li>Babel (2006)<\/li>\n<li>Principe di Persia (2010)<\/li>\n<li>Figlio di Dio (film) (2014)<\/li>\n<\/ul>\n<p><strong>Incluso :<\/strong><\/p>\n<ul>\n<li>Prelievo dal vostro hotel<\/li>\n<li>Trasporto in un comodo veicolo con aria condizionata<\/li>\n<li>Autista\/guida professionale<\/li>\n<\/ul>\n<p><strong>Non incluso:<\/strong><\/p>\n<ul>\n<li>Pranzi e bevande<\/li>\n<\/ul>\n","protected":false},"excerpt":{"rendered":"<p>Viaggio di un giorno da Marrakech Best Morocco Travels offre gite di un giorno da Marrakech per mostrarvi il bellissimo Paese; costumi, cultura, siti e storia.<span class=\"excerpt-hellip\"> [\u2026]<\/span><\/p>\n","protected":false},"author":1,"featured_media":0,"parent":0,"menu_order":0,"comment_status":"closed","ping_status":"closed","template":"","meta":{"ngg_post_thumbnail":0,"footnotes":""},"class_list":["post-109","page","type-page","status-publish","hentry"],"_links":{"self":[{"href":"https:\/\/nextstationmorocco.com\/it\/wp-json\/wp\/v2\/pages\/109","targetHints":{"allow":["GET"]}}],"collection":[{"href":"https:\/\/nextstationmorocco.com\/it\/wp-json\/wp\/v2\/pages"}],"about":[{"href":"https:\/\/nextstationmorocco.com\/it\/wp-json\/wp\/v2\/types\/page"}],"author":[{"embeddable":true,"href":"https:\/\/nextstationmorocco.com\/it\/wp-json\/wp\/v2\/users\/1"}],"replies":[{"embeddable":true,"href":"https:\/\/nextstationmorocco.com\/it\/wp-json\/wp\/v2\/comments?post=109"}],"version-history":[{"count":4,"href":"https:\/\/nextstationmorocco.com\/it\/wp-json\/wp\/v2\/pages\/109\/revisions"}],"predecessor-version":[{"id":353,"href":"https:\/\/nextstationmorocco.com\/it\/wp-json\/wp\/v2\/pages\/109\/revisions\/353"}],"wp:attachment":[{"href":"https:\/\/nextstationmorocco.com\/it\/wp-json\/wp\/v2\/media?parent=109"}],"curies":[{"name":"wp","href":"https:\/\/api.w.org\/{rel}","templated":true}]}}