{"id":95,"date":"2022-09-30T14:12:50","date_gmt":"2022-09-30T14:12:50","guid":{"rendered":"https:\/\/nextstationmorocco.com\/\/?page_id=95"},"modified":"2022-10-13T15:41:58","modified_gmt":"2022-10-13T15:41:58","slug":"a-propos-de-nous","status":"publish","type":"page","link":"https:\/\/nextstationmorocco.com\/fr\/a-propos-de-nous\/","title":{"rendered":"A propos de Nous"},"content":{"rendered":"<h2 style=\"text-align: center;\">Next Station Morocco Agency<\/h2>\n<h3 style=\"text-align: center;\">Guide de voyage au Maroc &#8211; Circuits dans le d\u00e9sert de F\u00e8s \u00e0 Marrakech &#8211; Circuits dans le d\u00e9sert de Marrakech &#8211; Circuits dans le d\u00e9sert au Maroc &#8211; Randonn\u00e9e \u00e0 dos de chameau au Maroc &#8211; Circuits marocains &#8211; Conseils de voyage au Maroc &#8211; D\u00e9sert au Maroc &#8211; S\u00e9curit\u00e9 des voyages au Maroc &#8211; Excursions au Maroc<\/h3>\n<h4>Nous faisons le maximum pour tous nos clients.<\/h4>\n<p>Next Station Maroc est une entreprise construite sur une forte connaissance du voyage au Maroc et un fort d\u00e9sir d&#8217;offrir aux clients un regard sur les nombreux visages de ce pays \u00e9tonnant. Nous sommes tr\u00e8s attentifs \u00e0 l&#8217;exp\u00e9rience que nous offrons \u00e0 nos clients.<\/p>\n<p>N&#8217;importe quelle compagnie peut vous emmener dans les montagnes ou dans le d\u00e9sert.<\/p>\n<p>Seule la meilleure agence de voyages au Maroc se soucie de votre exp\u00e9rience tout au long du voyage. Il est imp\u00e9ratif pour nous que vous ayez un guide ou un chauffeur utile, qui aura \u00e0 l&#8217;esprit vos int\u00e9r\u00eats, votre s\u00e9curit\u00e9 et votre rapport qualit\u00e9-prix \u00e0 tout moment.<\/p>\n<p>Nous s\u00e9lectionnons vos h\u00f4tels \u00e0 la main, non pas en fonction de ce que nous voyons en ligne, mais en fonction de ce que nous vivons dans ces h\u00f4tels chaque semaine. Nous n&#8217;h\u00e9sitons pas \u00e0 modifier nos s\u00e9lections d&#8217;h\u00f4tels s&#8217;il y a un probl\u00e8me quelconque qui pourrait avoir un impact sur votre s\u00e9jour.<\/p>\n<p>Nous ne s\u00e9lectionnons que des partenaires intelligents, travailleurs et authentiquement marocains pour travailler avec nous. Des personnes qui se soucient de l&#8217;exp\u00e9rience marocaine et qui traitent leur personnel et leurs h\u00f4tes avec le plus grand respect.<\/p>\n<p>Nous esp\u00e9rons que vous choisirez de voyager au Maroc avec nous, car nous aimons sinc\u00e8rement ce pays, et c&#8217;est un grand plaisir de vous faire d\u00e9couvrir un voyage authentique, s\u00fbr et m\u00e9morable.<\/p>\n<h3>Pourquoi Next Station Maroc<\/h3>\n<p>Les voyages peuvent souvent \u00eatre co\u00fbteux &#8211; comment pouvez-vous \u00eatre s\u00fbr que la soci\u00e9t\u00e9 que vous envisagez est un v\u00e9ritable expert lorsqu&#8217;il s&#8217;agit de concevoir un voyage pour vous ?<\/p>\n<h4>1-Service recommand\u00e9 :<\/h4>\n<p>Lorsque nous \u00e9laborons nos itin\u00e9raires pour travel morocco, nous vous \u00e9coutons tout au long du processus. Nous vous donnons des suggestions simples, et nous pouvons ajuster votre voyage au Maroc autant de fois que vous le souhaitez avant de tout confirmer pour \u00eatre s\u00fbr que vous obteniez les vacances que vous souhaitez.<\/p>\n<h4>2-Nos sp\u00e9cialistes.<\/h4>\n<p>La cl\u00e9 de notre succ\u00e8s a toujours \u00e9t\u00e9 notre personnel. Aujourd&#8217;hui, nous avons une \u00e9quipe dont les membres sont reconnus comme faisant partie des personnes les plus exp\u00e9riment\u00e9es du secteur. Tous nos sp\u00e9cialistes sont d&#8217;anciens guides de safari professionnels ou des directeurs de camp.<\/p>\n<h4>3-Nous ne travaillons pas \u00e0 la commission<\/h4>\n<p>Le point ici est que nous ne concevons pas un voyage au Maroc pour les propri\u00e9t\u00e9s offrant les commissions les plus \u00e9lev\u00e9es, donc Cela peut sembler une chose \u00e9trange \u00e0 dire. Pourtant, notre \u00e9quipe est encourag\u00e9e \u00e0 concevoir des voyages qu&#8217;ils feraient eux-m\u00eames. C&#8217;est quelque chose que peu d&#8217;entreprises peuvent dire &#8211; c&#8217;est incroyablement important, pour nos clients et en fin de compte pour le meilleur voyage au Maroc.<\/p>\n<h4>4-Nous sommes la meilleure compagnie de voyage au Maroc que nous pouvons \u00eatre !<\/h4>\n<p>Encore une fois, cela peut sembler une chose \u00e9trange \u00e0 dire, mais si nous nous effor\u00e7ons d&#8217;\u00eatre aussi bon que nous pouvons \u00eatre, tout le reste devrait tomber en place ! Des r\u00e9unions hebdomadaires aux sessions de brainstorming interd\u00e9partementales, nous aimons examiner minutieusement chaque partie de l&#8217;entreprise &#8211; des circuits aux voitures en passant par les op\u00e9rations et le support client &#8211; et nous nous concentrons continuellement sur la fa\u00e7on dont nous pouvons nous am\u00e9liorer chaque saison.<\/p>\n<h4>5-Le service \u00e0 la client\u00e8le est ce que nous aimons faire.<\/h4>\n<p>Des niveaux de service \u00e0 la client\u00e8le incroyablement \u00e9lev\u00e9s font partie int\u00e9grante de notre fa\u00e7on de travailler. Bien s\u00fbr, c&#8217;est facile \u00e0 dire pour de nombreuses entreprises &#8211; et cela devrait faire partie de la norme compte tenu du co\u00fbt d&#8217;un voyage &#8211; mais ce n&#8217;est pas toujours le cas. Nous avons un d\u00e9partement sp\u00e9cial qui se concentre uniquement sur le niveau de service que nos clients re\u00e7oivent. Nous disposons d&#8217;une ligne t\u00e9l\u00e9phonique d&#8217;urgence ouverte 24 heures sur 24 et 7 jours sur 7, g\u00e9r\u00e9e par nos meilleurs consultants chaque jour de l&#8217;ann\u00e9e. Il s&#8217;agit d&#8217;une valeur fondamentale de l&#8217;entreprise, qui transpara\u00eet dans nos commentaires en ligne.<\/p>\n","protected":false},"excerpt":{"rendered":"<p>Next Station Morocco Agency Guide de voyage au Maroc &#8211; Circuits dans le d\u00e9sert de F\u00e8s \u00e0 Marrakech &#8211; Circuits dans le d\u00e9sert de Marrakech &#8211;<span class=\"excerpt-hellip\"> [\u2026]<\/span><\/p>\n","protected":false},"author":1,"featured_media":0,"parent":0,"menu_order":0,"comment_status":"closed","ping_status":"closed","template":"","meta":{"ngg_post_thumbnail":0,"footnotes":""},"class_list":["post-95","page","type-page","status-publish","hentry"],"_links":{"self":[{"href":"https:\/\/nextstationmorocco.com\/fr\/wp-json\/wp\/v2\/pages\/95","targetHints":{"allow":["GET"]}}],"collection":[{"href":"https:\/\/nextstationmorocco.com\/fr\/wp-json\/wp\/v2\/pages"}],"about":[{"href":"https:\/\/nextstationmorocco.com\/fr\/wp-json\/wp\/v2\/types\/page"}],"author":[{"embeddable":true,"href":"https:\/\/nextstationmorocco.com\/fr\/wp-json\/wp\/v2\/users\/1"}],"replies":[{"embeddable":true,"href":"https:\/\/nextstationmorocco.com\/fr\/wp-json\/wp\/v2\/comments?post=95"}],"version-history":[{"count":4,"href":"https:\/\/nextstationmorocco.com\/fr\/wp-json\/wp\/v2\/pages\/95\/revisions"}],"predecessor-version":[{"id":350,"href":"https:\/\/nextstationmorocco.com\/fr\/wp-json\/wp\/v2\/pages\/95\/revisions\/350"}],"wp:attachment":[{"href":"https:\/\/nextstationmorocco.com\/fr\/wp-json\/wp\/v2\/media?parent=95"}],"curies":[{"name":"wp","href":"https:\/\/api.w.org\/{rel}","templated":true}]}}