{"id":6,"date":"2017-02-01T13:13:46","date_gmt":"2017-02-01T13:13:46","guid":{"rendered":"http:\/\/themes.muffingroup.com\/betheme\/?page_id=2"},"modified":"2022-11-13T14:32:57","modified_gmt":"2022-11-13T14:32:57","slug":"accueil","status":"publish","type":"page","link":"https:\/\/nextstationmorocco.com\/fr\/","title":{"rendered":"Accueil"},"content":{"rendered":"<h2 style=\"text-align: center;\">Next Station Morocco &#8211; Circuits priv\u00e9s dans le d\u00e9sert du Maroc<\/h2>\n<h3 style=\"text-align: center;\">VOYAGES AUTOUR DU MAROC<\/h3>\n<div class=\"title-area\">\n<p class=\"site-description\" style=\"text-align: center;\"><strong>Meilleures excursions dans le d\u00e9sert \u00e0 Marrakech Vacances au Maroc Ultimate Company Planifiez les vacances parfaites avec des experts, des circuits de luxe dans le d\u00e9sert, des excursions d&#8217;une journ\u00e9e \u00e0 partir de Marrakech.<\/strong><\/p>\n<\/div>\n<p>Pour votre voyage de d\u00e9couverte, d&#8217;apprentissage et d&#8217;aventure \u00e0 travers le Maroc : L&#8217;\u00e9quipe de Next Station Morocco est tr\u00e8s heureuse de partager avec vous les meilleures sensations et les moments heureux de votre voyage dans le pays. Nous serons \u00e0 votre disposition pour personnaliser votre voyage et r\u00e9aliser votre r\u00eave.<\/p>\n<p>Nos circuits sont disponibles \u00e0 partir de toutes les villes du Maroc ; Casablanca, Marrakech, Fez, Rabat, Agadir, et Tanger, Ouarzazate, Merzouga, et Zagora, \u00e0 partir et autour de toutes les r\u00e9gions du pays. Nos chauffeurs\/guides sont pr\u00eats \u00e0 vous accueillir et \u00e0 vous prendre au port, \u00e0 l&#8217;a\u00e9roport, \u00e0 la gare ferroviaire ou routi\u00e8re, ou \u00e0 votre logement au Maroc. Next Station Maroc vous offre des voyages tr\u00e8s relaxants, confortables, et faciles avec une voiture 4&#215;4, un van, ou un minibus.<\/p>\n<h3 style=\"text-align: center;\">EXCURSIONS DE MARRAKECH, FES ET CASABLANCA DANS LE DESERT DU SAHARA<\/h3>\n<p>Next Station Morocco&nbsp;propose des circuits priv\u00e9s au d\u00e9part de Marrakech, F\u00e8s et Casablanca pour vous faire d\u00e9couvrir le magnifique pays, ses coutumes, sa culture, ses sites et son histoire. Tous nos circuits priv\u00e9s au Maroc comprennent des visites culturelles, des visites du d\u00e9sert, et des randonn\u00e9es \u00e0 dos de chameau dans le d\u00e9sert du Sahara. Si vous souhaitez modifier nos circuits, n&#8217;h\u00e9sitez pas \u00e0 nous contacter et nous vous pr\u00e9parerons un circuit marocain personnalis\u00e9 en fonction de vos besoins.<\/p>\n<p style=\"text-align: center;\"><em><strong>Next Station Morocco organise des circuits priv\u00e9s \u00e0 Marrakech pour explorer le d\u00e9sert de Merzouga dans des tours guid\u00e9s en chameau. Nous proposons \u00e9galement des circuits dans le d\u00e9sert de F\u00e8s \u00e0 Erg Chebbi, et des circuits priv\u00e9s \u00e0 Casablanca pour explorer les villes imp\u00e9riales du Maroc. Contactez nous pour des voyages \u00e0 Casablanca avec des chauffeurs exp\u00e9riment\u00e9s, nous vous invitons \u00e0 visiter Essaouira lors d&#8217;excursions d&#8217;une journ\u00e9e \u00e0 Marrakech. D\u00e9couvrez le Maroc lors de visites culturelles et le d\u00e9sert marocain lors de visites guid\u00e9es quotidiennes. Nous sommes impatients de vous voir dans le d\u00e9sert du Sahara lors de votre voyage au Maroc.<\/strong><\/em><\/p>\n","protected":false},"excerpt":{"rendered":"<p>Next Station Morocco &#8211; Circuits priv\u00e9s dans le d\u00e9sert du Maroc VOYAGES AUTOUR DU MAROC Meilleures excursions dans le d\u00e9sert \u00e0 Marrakech Vacances au Maroc Ultimate<span class=\"excerpt-hellip\"> [\u2026]<\/span><\/p>\n","protected":false},"author":1,"featured_media":0,"parent":0,"menu_order":0,"comment_status":"closed","ping_status":"closed","template":"","meta":{"ngg_post_thumbnail":0,"footnotes":""},"class_list":["post-6","page","type-page","status-publish","hentry"],"_links":{"self":[{"href":"https:\/\/nextstationmorocco.com\/fr\/wp-json\/wp\/v2\/pages\/6","targetHints":{"allow":["GET"]}}],"collection":[{"href":"https:\/\/nextstationmorocco.com\/fr\/wp-json\/wp\/v2\/pages"}],"about":[{"href":"https:\/\/nextstationmorocco.com\/fr\/wp-json\/wp\/v2\/types\/page"}],"author":[{"embeddable":true,"href":"https:\/\/nextstationmorocco.com\/fr\/wp-json\/wp\/v2\/users\/1"}],"replies":[{"embeddable":true,"href":"https:\/\/nextstationmorocco.com\/fr\/wp-json\/wp\/v2\/comments?post=6"}],"version-history":[{"count":6,"href":"https:\/\/nextstationmorocco.com\/fr\/wp-json\/wp\/v2\/pages\/6\/revisions"}],"predecessor-version":[{"id":438,"href":"https:\/\/nextstationmorocco.com\/fr\/wp-json\/wp\/v2\/pages\/6\/revisions\/438"}],"wp:attachment":[{"href":"https:\/\/nextstationmorocco.com\/fr\/wp-json\/wp\/v2\/media?parent=6"}],"curies":[{"name":"wp","href":"https:\/\/api.w.org\/{rel}","templated":true}]}}