{"id":434,"date":"2022-11-12T13:54:03","date_gmt":"2022-11-12T13:54:03","guid":{"rendered":"https:\/\/nextstationmorocco.com\/fr\/?page_id=434"},"modified":"2022-11-13T14:23:45","modified_gmt":"2022-11-13T14:23:45","slug":"diner-dans-le-desert-dagafay-au-depart-de-marrakech","status":"publish","type":"page","link":"https:\/\/nextstationmorocco.com\/fr\/diner-dans-le-desert-dagafay-au-depart-de-marrakech\/","title":{"rendered":"D\u00eener dans le d\u00e9sert d&#8217;Agafay au d\u00e9part de Marrakech"},"content":{"rendered":"<p>A 30 minutes de Marrakech, le d\u00e9sert d&#8217;Agafay est le grand circuit inconnu ou d&#8217;int\u00e9r\u00eat touristique.<\/p>\n<p>Nous viendrons vous chercher \u00e0 votre h\u00f4tel ou riad dans l&#8217;apr\u00e8s-midi et commencerons notre excursion dans le d\u00e9sert d&#8217;Agafay. Apr\u00e8s une demi-heure immerg\u00e9e dans le paysage aride marocain, nous arriverons \u00e0 notre destination.<\/p>\n<p>Profitez d&#8217;un coucher de soleil relaxant alors que le soleil commence \u00e0 se coucher sur le d\u00e9sert, transformant le paysage avec des tons rouge\u00e2tres.<\/p>\n<p>Profitez de notre menu 100% marocain, servi dans une tente berb\u00e8re, et accompagn\u00e9 d&#8217;une atmosph\u00e8re folklorique, en savourant un fantastique d\u00eener marocain traditionnel. Faites-vous plaisir avec une s\u00e9lection de d\u00e9lices et de plats pr\u00e9par\u00e9s avec des ingr\u00e9dients locaux. Vivez l&#8217;exp\u00e9rience des mille et une nuits avec notre spectacle marocain exclusif dans le d\u00e9sert d&#8217;Agafay. Terminez par un savoureux dessert et un authentique th\u00e9 \u00e0 la menthe en regardant les \u00e9toiles.<\/p>\n<p><strong>Inclus dans le prix :<\/strong><\/p>\n<ul>\n<li>Prise en charge et retour \u00e0 l&#8217;h\u00f4tel<\/li>\n<li>Exp\u00e9rience du coucher de soleil<\/li>\n<li>D\u00eener au camp<\/li>\n<li>Boissons gazeuses et eau min\u00e9rale<\/li>\n<li>Th\u00e9 et p\u00e2tisseries marocaines<\/li>\n<li>G\u00e2teau d&#8217;anniversaire (sur pr\u00e9sentation d&#8217;une pi\u00e8ce d&#8217;identit\u00e9)<\/li>\n<li>Surprise exclusive<\/li>\n<li>1 boisson non alcoolis\u00e9e par personne<\/li>\n<li>Menu complet, entr\u00e9e, plat principal, dessert<\/li>\n<li>Ap\u00e9ritif de bienvenue<\/li>\n<\/ul>\n<p><strong>Exclus<\/strong><\/p>\n<ul>\n<li>Pourboires<br \/>\nTransfert &#8220;Option<\/li>\n<\/ul>\n","protected":false},"excerpt":{"rendered":"<p>A 30 minutes de Marrakech, le d\u00e9sert d&#8217;Agafay est le grand circuit inconnu ou d&#8217;int\u00e9r\u00eat touristique. Nous viendrons vous chercher \u00e0 votre h\u00f4tel ou riad dans<span class=\"excerpt-hellip\"> [\u2026]<\/span><\/p>\n","protected":false},"author":1,"featured_media":0,"parent":0,"menu_order":0,"comment_status":"closed","ping_status":"closed","template":"","meta":{"ngg_post_thumbnail":0,"footnotes":""},"class_list":["post-434","page","type-page","status-publish","hentry"],"_links":{"self":[{"href":"https:\/\/nextstationmorocco.com\/fr\/wp-json\/wp\/v2\/pages\/434","targetHints":{"allow":["GET"]}}],"collection":[{"href":"https:\/\/nextstationmorocco.com\/fr\/wp-json\/wp\/v2\/pages"}],"about":[{"href":"https:\/\/nextstationmorocco.com\/fr\/wp-json\/wp\/v2\/types\/page"}],"author":[{"embeddable":true,"href":"https:\/\/nextstationmorocco.com\/fr\/wp-json\/wp\/v2\/users\/1"}],"replies":[{"embeddable":true,"href":"https:\/\/nextstationmorocco.com\/fr\/wp-json\/wp\/v2\/comments?post=434"}],"version-history":[{"count":2,"href":"https:\/\/nextstationmorocco.com\/fr\/wp-json\/wp\/v2\/pages\/434\/revisions"}],"predecessor-version":[{"id":437,"href":"https:\/\/nextstationmorocco.com\/fr\/wp-json\/wp\/v2\/pages\/434\/revisions\/437"}],"wp:attachment":[{"href":"https:\/\/nextstationmorocco.com\/fr\/wp-json\/wp\/v2\/media?parent=434"}],"curies":[{"name":"wp","href":"https:\/\/api.w.org\/{rel}","templated":true}]}}