{"id":272,"date":"2022-10-08T10:45:45","date_gmt":"2022-10-08T10:45:45","guid":{"rendered":"https:\/\/nextstationmorocco.com\/\/?page_id=272"},"modified":"2022-11-12T10:49:50","modified_gmt":"2022-11-12T10:49:50","slug":"6-jours-de-marrakech-a-ouarzazate-et-zagora","status":"publish","type":"page","link":"https:\/\/nextstationmorocco.com\/fr\/6-jours-de-marrakech-a-ouarzazate-et-zagora\/","title":{"rendered":"6 Jours de Marrakech \u00e0 Ouarzazate et Zagora"},"content":{"rendered":"<h4>JOUR 1 : MARRAKECH- OUASISE TELOIET- AIT BEN HADOU- OUARZAZAT- BOUMALN DADES<\/h4>\n<p>D\u00e9part matinal en 4\u00d74 vers le Haut Atlas et le col du Tichka (2260 m). Ensuite, vous prenez la direction du tr\u00e8s beau site de T\u00e9louet d\u2019o\u00f9 vous rejoignez la kasbah d\u2019Ait Ben Haddou par l\u2019ancienne route des caravaniers. D\u00e9jeuner et visite de ce joyau class\u00e9 au patrimoine mondial par l\u2019Unesco. Vous poursuivez votre route vers Les Gorges de Dades via Ouarzazate et la palmeraie de Skoura. Arriv\u00e9e fin d\u2019apr\u00e8s midi, d\u00eener et nuit au riad<\/p>\n<h4>JOUR 2 : BOUMALN DADES-MONTAGNE SAGHRO- VALLEY DE DRAA- ZAGORA<\/h4>\n<p>Apr\u00e8s le petit d\u00e9jeuner \u00e0 l\u2019h\u00f4tel, nous commen\u00e7ons notre exploration en direction des montagnes volcaniques du Sarhro. Vous traversez la route de Tizni n Tazazart, une piste spectaculaire qui serpente \u00e0 travers des formations rocheuses spectaculaires et des gorges avec de superbes vues. Poursuivez ensuite votre voyage \u00e0 travers la vall\u00e9e du Draa bord\u00e9e de palmeraies et de nombreux villages berb\u00e8res subsahariens. Vous allez d\u00eener avec Zagora et passer la nuit et dinner au Riad<\/p>\n<h4>JOUR 3 :ZAGORA &#8211; TAMGROUT- AIT BEN BRAHIM &#8211; MHAMID DESERT<\/h4>\n<p>Apr\u00e8s le Petite d\u00e9jeuner on par ver le desert Arr\u00eat au village de Tamgroute pour les ateliers et fours de poterie et si d\u00e9sir\u00e9 , la visite de la biblioth\u00e8que coranique Continuation vers M&#8217;hamid, derni\u00e8re palmeraie du Dr\u00e2a et la porte du d\u00e9sert. Installation dans le bivouac de M&#8217;hamid a 2km du village au milieu des premi\u00e8res dunes &#8230; d\u00eener et soir\u00e9e avec les chants des nomades, nuit sous tente ou desert nuit est dinner au bivouac<\/p>\n<h4>JOUR 4 : MHAMID &#8211; ERG CHEGAGA- GRAND DESERT<\/h4>\n<p>Apr\u00e8s le petit d\u00e9jeuner, d\u00e9part en 4&#215;4 par une piste sablonneuse pour les grandes dunes de Chegaga, les plus grandes dunes au Maroc,passage \u00e0 l&#8217;oasis sacr\u00e9e .. d\u00e9jeuner \u00e0 l\u2019ombre des palmiers ou des tamaris, l\u2019apr\u00e8s-midi reprise de la piste vers Chegaga.installation au Bivouac de chegaga , puis grimper la plus haute dune pour assister au coucher de soleil sur la mer de sable et les vagues de dunes dor\u00e9es , repas du soir , soir\u00e9e et dinner au camp<\/p>\n<h4>JOUR 5 : VISITE FAMILLE NOMADE AU DESERT<\/h4>\n<p>Cette journ\u00e9e sera consacr\u00e9 \u00e0 la vie au d\u00e9sert. Promenade en dromadaire. Vous monterez sur les dunes pour voir appara\u00eetre et dispara\u00eetre le soleil. Vous apprendrez \u00e0 faire du pain dans le sable chaud. Le nuit venue, on pr\u00e9par\u00e9 le repas et la danse des \u00e9toiles sur vos t\u00eate recommencera pour vous faire r\u00eaver d\u2019un autre monde. Une 2\u00e8me nuit dans un bivouac au milieu des dunes. Dinner est nuit au camp dans le d\u00e9sert<\/p>\n<h4>JOUR 6 : ERG CHEGAGA- FOUM ZGUID-TAZNAKHT &#8211; MARRAKECH<\/h4>\n<p>D\u00e9part de chegaga le matin apr\u00e8s le petit d\u00e9jeuner avec les 4&#215;4 par la piste de l&#8217;oued de Chegaga passage par le lac Iriki ( vaste surface de sable dam\u00e9 ) \u00e0 la d\u00e9couverte encore des dunes nous passons pr\u00e8s des nomades , arr\u00eat dans le village et aussi vers les fossiles dans la partie d\u00e9sert de pierre&#8230;.. arriv\u00e9e \u00e0 Foum-z&#8217;guide village \u00e0 la fin de la piste , arr\u00eat pour un th\u00e9 et ensuite route pour taroudant passons par TAZNAKHT .est une ville du Maroc situ\u00e9e dans la r\u00e9gion de Dr\u00e2a-Tafilalet. Elle faisait partie de la conf\u00e9d\u00e9ration des Ait-Ouaouzguite et est actuellement un grand centre de tissage de tapis berb\u00e8res.traverse les montagnes atlas arriv\u00e9 \u00e0 marakeche vers 20:00.<\/p>\n<p><strong>Ce qui est inclus :<\/strong><\/p>\n<ul>\n<li>Prise en charge \u00e0 l&#8217;h\u00f4tel \u00e0 Marrakech le matin de l&#8217;excursion.<\/li>\n<li>V\u00e9hicule moderne et climatis\u00e9<\/li>\n<li>Randonn\u00e9e \u00e0 dos de chameau jusqu&#8217;au camp du d\u00e9sert et retour.<\/li>\n<li>3 nuit dans un camp traditionnel standard dans le d\u00e9sert<\/li>\n<li>2 nuit dans un h\u00f4tel ou un riad<\/li>\n<li>Petits d\u00e9jeuners et repas du soir<\/li>\n<\/ul>\n<p><strong>Ce qui n&#8217;est pas inclus :<\/strong><\/p>\n<ul>\n<li>Les achats personnels, les boissons, le d\u00e9jeuner, les pourboires<\/li>\n<\/ul>\n","protected":false},"excerpt":{"rendered":"<p>JOUR 1 : MARRAKECH- OUASISE TELOIET- AIT BEN HADOU- OUARZAZAT- BOUMALN DADES D\u00e9part matinal en 4\u00d74 vers le Haut Atlas et le col du Tichka (2260<span class=\"excerpt-hellip\"> [\u2026]<\/span><\/p>\n","protected":false},"author":1,"featured_media":0,"parent":0,"menu_order":0,"comment_status":"closed","ping_status":"closed","template":"","meta":{"ngg_post_thumbnail":0,"footnotes":""},"class_list":["post-272","page","type-page","status-publish","hentry"],"_links":{"self":[{"href":"https:\/\/nextstationmorocco.com\/fr\/wp-json\/wp\/v2\/pages\/272","targetHints":{"allow":["GET"]}}],"collection":[{"href":"https:\/\/nextstationmorocco.com\/fr\/wp-json\/wp\/v2\/pages"}],"about":[{"href":"https:\/\/nextstationmorocco.com\/fr\/wp-json\/wp\/v2\/types\/page"}],"author":[{"embeddable":true,"href":"https:\/\/nextstationmorocco.com\/fr\/wp-json\/wp\/v2\/users\/1"}],"replies":[{"embeddable":true,"href":"https:\/\/nextstationmorocco.com\/fr\/wp-json\/wp\/v2\/comments?post=272"}],"version-history":[{"count":6,"href":"https:\/\/nextstationmorocco.com\/fr\/wp-json\/wp\/v2\/pages\/272\/revisions"}],"predecessor-version":[{"id":426,"href":"https:\/\/nextstationmorocco.com\/fr\/wp-json\/wp\/v2\/pages\/272\/revisions\/426"}],"wp:attachment":[{"href":"https:\/\/nextstationmorocco.com\/fr\/wp-json\/wp\/v2\/media?parent=272"}],"curies":[{"name":"wp","href":"https:\/\/api.w.org\/{rel}","templated":true}]}}