{"id":268,"date":"2022-10-08T10:44:06","date_gmt":"2022-10-08T10:44:06","guid":{"rendered":"https:\/\/nextstationmorocco.com\/\/?page_id=268"},"modified":"2022-11-12T10:49:13","modified_gmt":"2022-11-12T10:49:13","slug":"3-jours-de-marrakech-au-desert-de-lerg-chegaga","status":"publish","type":"page","link":"https:\/\/nextstationmorocco.com\/fr\/3-jours-de-marrakech-au-desert-de-lerg-chegaga\/","title":{"rendered":"3 Jours de Marrakech au d\u00e9sert de l&#8217;Erg Chegaga"},"content":{"rendered":"<h4 dir=\"auto\">JOUR 1: MARRAKECH-OUARZAZAT &#8211; VALLEY DE DRAA -ZAGORA &#8211; MHAMID<\/h4>\n<div dir=\"auto\">\n<p>d\u00e9part de Marrakech le matin , en 4\u00d74, vous traversez en premi\u00e8re \u00e9tape du jour l\u2019atlas \u00e9lev\u00e9. Arriv\u00e9e \u00e0 Ait-Ben-Haddou, visite de la kasbah et continuation jusqu\u2019\u00e0 Agdz. D\u00e9jeuner au coeur de la Kasbah de Tamnougalt. Ensuite, continuation&nbsp;&nbsp;vers M&#8217;hamid, derni\u00e8re palmeraie du Dr\u00e2a et la porte du d\u00e9sert. Installation dans le bivouac de M&#8217;hamid a 2km du village au milieu des premi\u00e8res dunes &#8230; d\u00eener et soir\u00e9e avec les chants des&nbsp; nomades, nuit sous tente ou desert nuit est d\u00eener ou comp<\/p>\n<\/div>\n<h4 dir=\"auto\">JOUR 2: MHAMID-OUASASI SACR\u00c9E-ERG CHEGAGA<\/h4>\n<p dir=\"auto\">Apr\u00e8s le petit d\u00e9jeuner,&nbsp; d\u00e9part en 4&#215;4 par une piste sablonneuse pour les grandes dunes de Chegaga, les plus grandes dunes au Maroc,passage \u00e0 l&#8217;oasis sacr\u00e9e .. d\u00e9jeuner \u00e0 l\u2019ombre des palmiers ou des tamaris, l\u2019apr\u00e8s-midi reprise de la piste vers Chegaga.installation au Bivouac de chegaga , puis grimper la plus haute dune pour assister au coucher de soleil sur la mer de sable et les vagues de dunes dor\u00e9es , repas du soir , soir\u00e9e et d\u00eener au bivouac<\/p>\n<h4 dir=\"auto\">JOUR 3 : ERG CHEGAGA- FOUM ZGUID-TAZNAKHT &#8211; MARRAKECH<\/h4>\n<div dir=\"auto\">\n<div dir=\"auto\">D\u00e9part de chegaga le matin apr\u00e8s le petit d\u00e9jeuner avec les 4&#215;4 par la piste de l&#8217;oued de Chegaga passage par le lac Iriki ( vaste surface de sable dam\u00e9 ) \u00e0 la d\u00e9couverte encore des dunes nous passons pr\u00e8s des nomades , arr\u00eat dans le village et aussi vers les fossiles dans la partie d\u00e9sert de pierre&#8230;.. arriv\u00e9e \u00e0 Foum-z&#8217;guide village \u00e0 la fin de la piste , arr\u00eat pour un th\u00e9 et ensuite route pour taroudant passons par TAZNAKHT .est une ville du Maroc situ\u00e9e dans la r\u00e9gion de Dr\u00e2a-Tafilalet. Elle faisait partie de la conf\u00e9d\u00e9ration des Ait-Ouaouzguite et est actuellement un grand centre de tissage de tapis berb\u00e8res.traverse les montagnes atlas arriv\u00e9 \u00e0 Marrakech vers 20:00.<\/div>\n<\/div>\n<div dir=\"auto\">\n<p><strong>Ce qui est inclus :<\/strong><\/p>\n<ul>\n<li>Prise en charge \u00e0 l&#8217;h\u00f4tel \u00e0 Marrakech le matin de l&#8217;excursion.<\/li>\n<li>V\u00e9hicule moderne et climatis\u00e9<\/li>\n<li>Randonn\u00e9e \u00e0 dos de chameau jusqu&#8217;au camp du d\u00e9sert et retour.<\/li>\n<li>2 nuit dans un camp traditionnel standard dans le d\u00e9sert<\/li>\n<li>Petits d\u00e9jeuners et repas du soir<\/li>\n<\/ul>\n<p><strong>Ce qui n&#8217;est pas inclus :<\/strong><\/p>\n<ul>\n<li>Les achats personnels, les boissons, le d\u00e9jeuner, les pourboires<\/li>\n<\/ul>\n<\/div>\n","protected":false},"excerpt":{"rendered":"<p>JOUR 1: MARRAKECH-OUARZAZAT &#8211; VALLEY DE DRAA -ZAGORA &#8211; MHAMID d\u00e9part de Marrakech le matin , en 4\u00d74, vous traversez en premi\u00e8re \u00e9tape du jour l\u2019atlas<span class=\"excerpt-hellip\"> [\u2026]<\/span><\/p>\n","protected":false},"author":1,"featured_media":0,"parent":0,"menu_order":0,"comment_status":"closed","ping_status":"closed","template":"","meta":{"ngg_post_thumbnail":0,"footnotes":""},"class_list":["post-268","page","type-page","status-publish","hentry"],"_links":{"self":[{"href":"https:\/\/nextstationmorocco.com\/fr\/wp-json\/wp\/v2\/pages\/268","targetHints":{"allow":["GET"]}}],"collection":[{"href":"https:\/\/nextstationmorocco.com\/fr\/wp-json\/wp\/v2\/pages"}],"about":[{"href":"https:\/\/nextstationmorocco.com\/fr\/wp-json\/wp\/v2\/types\/page"}],"author":[{"embeddable":true,"href":"https:\/\/nextstationmorocco.com\/fr\/wp-json\/wp\/v2\/users\/1"}],"replies":[{"embeddable":true,"href":"https:\/\/nextstationmorocco.com\/fr\/wp-json\/wp\/v2\/comments?post=268"}],"version-history":[{"count":6,"href":"https:\/\/nextstationmorocco.com\/fr\/wp-json\/wp\/v2\/pages\/268\/revisions"}],"predecessor-version":[{"id":422,"href":"https:\/\/nextstationmorocco.com\/fr\/wp-json\/wp\/v2\/pages\/268\/revisions\/422"}],"wp:attachment":[{"href":"https:\/\/nextstationmorocco.com\/fr\/wp-json\/wp\/v2\/media?parent=268"}],"curies":[{"name":"wp","href":"https:\/\/api.w.org\/{rel}","templated":true}]}}