{"id":266,"date":"2022-10-08T10:43:04","date_gmt":"2022-10-08T10:43:04","guid":{"rendered":"https:\/\/nextstationmorocco.com\/\/?page_id=266"},"modified":"2022-11-12T10:49:18","modified_gmt":"2022-11-12T10:49:18","slug":"3-jours-de-marrakech-a-zagora-et-mhamid-sahara","status":"publish","type":"page","link":"https:\/\/nextstationmorocco.com\/fr\/3-jours-de-marrakech-a-zagora-et-mhamid-sahara\/","title":{"rendered":"3 Jours de Marrakech \u00e0 Zagora et Mhamid Sahara"},"content":{"rendered":"<h4>JOUR 1 : MARRAKECH- OUARZAZATE -AGDEZ -ZAGORA<\/h4>\n<p>d\u00e9part de Marrakech le matin , en 4\u00d74, vous traversez en premi\u00e8re \u00e9tape du jour l\u2019atlas \u00e9lev\u00e9. Arriv\u00e9e \u00e0 Ait-Ben-Haddou, visite de la kasbah et continuation jusqu\u2019\u00e0 Agdz. D\u00e9jeuner au coeur de la Kasbah de Tamnougalt. Ensuite, continuation par la vall\u00e9e du Dr\u00e2a, arriv\u00e9e \u00e0 Zagora, d\u00eener et nuit dans un h\u00f4tel ou riad.<\/p>\n<h4>JOUR 2 : ZAGORA \u2013 Draa Valley \u2013 Mhamid<\/h4>\n<p>Apr\u00e8s le petit d\u00e9jeuner, d\u00e9part en 4\u00d74 vers Mhamid, arr\u00eat \u00e0 Tamegroute pour visiter la kasbah sous terrain, la biblioth\u00e8que coranique et l\u2019art de poterie le plus ancien au sud. Ensuite, continuation jusqu\u2019\u00e0 Mhamid et d\u00e9jeuner. L\u2019apr\u00e8s midi d\u00e9part de Mhamid \u00e0 dos de dromadaire en randonn\u00e9e de 1H pour rejoindre le bivouac, d\u00eener et nuit sous tentes traditionnelles.le feu de camp avec la music traditionnel berb\u00e8re<\/p>\n<h4>JOUR 3 : MHAMID &#8211; MARRAKECH<\/h4>\n<p>apr\u00e8s avoir admir\u00e9 le lever du soleil et pris un petit d\u00e9jeuner au pied de la dune de l&#8217;erg lihoudi nous continuons la route en traversant la vall\u00e9e de draa le c\u00e9l\u00e8bre Ouarzazate pour arriver \u00e0 la fin a marrakeche fin service<\/p>\n<p><strong>Ce qui est inclus :<\/strong><\/p>\n<ul>\n<li>Prise en charge \u00e0 l&#8217;h\u00f4tel \u00e0 Marrakech le matin de l&#8217;excursion.<\/li>\n<li>V\u00e9hicule moderne et climatis\u00e9<\/li>\n<li>Randonn\u00e9e \u00e0 dos de chameau jusqu&#8217;au camp du d\u00e9sert et retour.<\/li>\n<li>1 nuit dans un camp traditionnel standard dans le d\u00e9sert<\/li>\n<li>1 nuit dans un h\u00f4tel ou un riad<\/li>\n<li>Petits d\u00e9jeuners et repas du soir<\/li>\n<\/ul>\n<p><strong>Ce qui n&#8217;est pas inclus :<\/strong><\/p>\n<ul>\n<li>Les achats personnels, les boissons, le d\u00e9jeuner, les pourboires<\/li>\n<\/ul>\n","protected":false},"excerpt":{"rendered":"<p>JOUR 1 : MARRAKECH- OUARZAZATE -AGDEZ -ZAGORA d\u00e9part de Marrakech le matin , en 4\u00d74, vous traversez en premi\u00e8re \u00e9tape du jour l\u2019atlas \u00e9lev\u00e9. Arriv\u00e9e \u00e0<span class=\"excerpt-hellip\"> [\u2026]<\/span><\/p>\n","protected":false},"author":1,"featured_media":0,"parent":0,"menu_order":0,"comment_status":"closed","ping_status":"closed","template":"","meta":{"ngg_post_thumbnail":0,"footnotes":""},"class_list":["post-266","page","type-page","status-publish","hentry"],"_links":{"self":[{"href":"https:\/\/nextstationmorocco.com\/fr\/wp-json\/wp\/v2\/pages\/266","targetHints":{"allow":["GET"]}}],"collection":[{"href":"https:\/\/nextstationmorocco.com\/fr\/wp-json\/wp\/v2\/pages"}],"about":[{"href":"https:\/\/nextstationmorocco.com\/fr\/wp-json\/wp\/v2\/types\/page"}],"author":[{"embeddable":true,"href":"https:\/\/nextstationmorocco.com\/fr\/wp-json\/wp\/v2\/users\/1"}],"replies":[{"embeddable":true,"href":"https:\/\/nextstationmorocco.com\/fr\/wp-json\/wp\/v2\/comments?post=266"}],"version-history":[{"count":4,"href":"https:\/\/nextstationmorocco.com\/fr\/wp-json\/wp\/v2\/pages\/266\/revisions"}],"predecessor-version":[{"id":423,"href":"https:\/\/nextstationmorocco.com\/fr\/wp-json\/wp\/v2\/pages\/266\/revisions\/423"}],"wp:attachment":[{"href":"https:\/\/nextstationmorocco.com\/fr\/wp-json\/wp\/v2\/media?parent=266"}],"curies":[{"name":"wp","href":"https:\/\/api.w.org\/{rel}","templated":true}]}}