{"id":147,"date":"2022-09-30T15:39:28","date_gmt":"2022-09-30T15:39:28","guid":{"rendered":"https:\/\/nextstationmorocco.com\/\/?page_id=147"},"modified":"2022-10-13T15:31:13","modified_gmt":"2022-10-13T15:31:13","slug":"11-jours-de-tanger-fez-merzouga-a-marrakech","status":"publish","type":"page","link":"https:\/\/nextstationmorocco.com\/fr\/11-jours-de-tanger-fez-merzouga-a-marrakech\/","title":{"rendered":"11 jours de Tanger Fez Merzouga \u00e0 Marrakech"},"content":{"rendered":"<h4>Jour 1 : Tanger &#8211; T\u00e9touan &#8211; Chefchaouen :<\/h4>\n<p>Nous vous accueillerons au port et partirons pour Chefchaouen en passant par les montagnes du Rif et en appr\u00e9ciant le paysage naturel des montagnes vertes magiques du Rif jusqu&#8217;\u00e0 ce que nous arrivions \u00e0 la ville bleue et blanche de Chefchaouen. Chefchaouen est situ\u00e9e dans le Nord, et elle \u00e9tait sous les troupes espagnoles pendant l&#8217;\u00e8re du protectorat ; ainsi, la majorit\u00e9 de ses habitants sont influenc\u00e9s par l&#8217;accent espagnol. Lorsque nous arrivons \u00e0 Chefchaouen, nous prenons le d\u00eener et passons la nuit dans l&#8217;un de ses riads tranquilles.<\/p>\n<h4>Jour 2 : Chefchaouen &#8211; Volubilis &#8211; Mekn\u00e8s<\/h4>\n<p>Apr\u00e8s le petit-d\u00e9jeuner au riad, nous poursuivons notre voyage magique en direction de Volubilis en passant par des petits villages rifains pour rejoindre les traces romaines. Une fois arriv\u00e9s \u00e0 Volubilis, nous serons accompagn\u00e9s d&#8217;un guide local pour explorer et apprendre l&#8217;histoire romaine \u00e0 Volubilis. Apr\u00e8s avoir visit\u00e9 les ruines, nous changerons de direction vers la capitale isma\u00e9lienne &#8220;Mekn\u00e8s&#8221; o\u00f9 nous prendrons le d\u00e9jeuner et nous nous prom\u00e8nerons pour d\u00e9couvrir les monuments historiques de Moulay Ismail et voir les grands murs entourant l&#8217;ancienne m\u00e9dina. Nous visiterons \u00e9galement le tombeau de Moulay Ismail, l&#8217;ancienne sous prison, Bad Mansour&#8230; Nuit en riad (d\u00eener et petit d\u00e9jeuner).<\/p>\n<h4>Jour 3 : Meknes &#8211; F\u00e8s :<\/h4>\n<p>Apr\u00e8s le petit-d\u00e9jeuner au riad, nous quittons Mekn\u00e8s pour F\u00e8s, la ville la plus ancienne du Maroc. Lorsque nous arrivons \u00e0 F\u00e8s, nous commen\u00e7ons notre voyage en explorant les secrets et les traces historiques et culturelles de la ville ; nous profiterons de notre visite en marchant dans les rues \u00e9troites de l&#8217;ancienne m\u00e9dina. Nous insisterons pour voir les sites les plus importants tels que l&#8217;ancienne universit\u00e9 Qarawyine, la place juive, le Palais Royal et le mausol\u00e9e de Moulay Idriss&#8230;.. Nuit en Riad\/h\u00f4tel.<\/p>\n<h4>Jour 4 : F\u00e8s &#8211; Ifran &#8211; For\u00eat de c\u00e8dres &#8211; Midelt :<\/h4>\n<p>Apr\u00e8s avoir pris le petit-d\u00e9jeuner au Riad\/h\u00f4tel, nous prendrons la direction du sud pour voir la belle ville d&#8217;Ifrane et nous passerons par les montagnes du Moyen Atlas jusqu&#8217;\u00e0 Azrou. Ici, nous nous arr\u00eaterons dans la for\u00eat de c\u00e8dres pour voir les moines et prendre des photos. Ensuite, nous continuons notre route vers la ville de la pomme &#8220;Midelt&#8221; o\u00f9 nous passerons la nuit dans un riad\/h\u00f4tel.<\/p>\n<h4>Jour 5 : Midelt &#8211; Errachidia &#8211; vall\u00e9e du Ziz &#8211; Merzouga<\/h4>\n<p>Nous prenons notre petit-d\u00e9jeuner \u00e0 l&#8217;h\u00f4tel, puis nous nous disons au revoir en nous dirigeant vers Merzouga via le col de Tizi ntlghmt. Pendant notre chemin Midelt- Merzouga passera par de nombreux villages \u00e9parpill\u00e9s le long du chemin. Nous passerons par Errachidia et nous continuerons notre voyage \u00e0 travers la vall\u00e9e du Ziz en passant par Erfoud, Rissani et finalement arriver \u00e0 Merzouga. Apr\u00e8s un verre de th\u00e9 \u00e0 la menthe &#8220;whisky berb\u00e8re&#8221;, nous disons temporairement au revoir \u00e0 l&#8217;h\u00f4tel et nous nous pr\u00e9parons \u00e0 prendre des chameaux pour nous immerger dans le mode de vie nomade dans le d\u00e9sert. Le trekking \u00e0 dos de chameau prend environ 1hr 30 min depuis l&#8217;h\u00f4tel jusqu&#8217;\u00e0 l&#8217;Oasis o\u00f9 nous passerons la nuit, dormant dans des tentes. Apr\u00e8s le d\u00eener, nous nous r\u00e9unissons autour du feu pour profiter de l&#8217;atmosph\u00e8re nocturne du d\u00e9sert et nous nous divertissons avec des instruments berb\u00e8res jouant de la musique du d\u00e9sert. Pour les amateurs de calme et de nature, ils peuvent faire une promenade sur les dunes.<\/p>\n<h4>Jour 6 : Merzouga &#8211; Gorges de Tinghir &#8211; Dad\u00e8s :<\/h4>\n<p>Nous nous l\u00e8verons t\u00f4t le matin pour rejoindre et appr\u00e9cier un impressionnant lever de soleil sur les dunes de l&#8217;Erg Chebbi. Apr\u00e8s cela, nous quitterons Merzouga en direction de la vall\u00e9e de Dad\u00e8s. Sur notre chemin, nous verrons beaucoup de petits villages le long de la route. Une fois arriv\u00e9s dans les gorges du Todra, nous ferons une courte promenade pour d\u00e9couvrir les paysages des strems et des rochers du Todra, puis nous continuerons notre voyage pour finalement rejoindre la vall\u00e9e du Dad\u00e8s o\u00f9 nous passerons notre nuit dans un riad.<\/p>\n<h4>Jour 7 : Vall\u00e9e du Dad\u00e8s &#8211; Ait Benhaddou &#8211; Marrakech :<\/h4>\n<p>Apr\u00e8s le petit-d\u00e9jeuner \u00e0 l&#8217;h\u00f4tel, nous traverserons la vall\u00e9e du Dad\u00e8s en direction de Kelaat M&#8217;gouna et Ouarzazate. Sur notre route vers Kelaat M&#8217;gouna, nous verrons beaucoup de Kasbahs qui \u00e9taient historiquement utilis\u00e9es comme les maisons de pr\u00e9cieuses et c\u00e9l\u00e8bres familles dans les temps anciens. Apr\u00e8s la vall\u00e9e des roses, nous passons par le village de Skoura, pour continuer vers Ouarzazate &#8220;le Hollywood de l&#8217;Afrique&#8221; o\u00f9 nous visiterons le Studio de Cin\u00e9ma. En outre, nous continuons jusqu&#8217;\u00e0 atteindre la c\u00e9l\u00e8bre Kasbah d&#8217;Ait Benhaddou qui est la plus grande Kasbah du Maroc. Nous y prenons le d\u00e9jeuner. Apr\u00e8s avoir visit\u00e9 ce monument historique matrimonial de l&#8217;UNESCO, nous continuons notre voyage via le charmant col de Tizi N Tichka (2260 m) au-dessus des montagnes du Haut Atlas. Pendant le col, nous profiterons de vues panoramiques sur le paysage en voyant les agriculteurs travailler dans leurs fermes et nous les verrons aussi garder leurs animaux. En outre, nous aurons la chance de visiter des coop\u00e9ratives d&#8217;arganiers et d&#8217;huile d&#8217;olive. Ensuite, nous continuerons notre voyage vers Marrakech.<\/p>\n<h4>Jour 8 : Visite de Marrakech :<\/h4>\n<p>Apr\u00e8s le petit d\u00e9jeuner au riad, nous commen\u00e7ons notre voyage en visitant la ville de Marrakech &#8220;la ville rouge du Maroc&#8221;, elle a \u00e9t\u00e9 fond\u00e9e au XIIe si\u00e8cle par la dynastie Almoravide. Nous insisterons pour voir les sites les plus importants du patrimoine culturel et historique. Vous aurez la chance de visiter le Tombeau Saadiyin, les Jardins Majorelle, la Tour Koutoubia. De plus, notre guide vous emm\u00e8nera voir la place Bahia, le souk de la ville, puis vous rejoindrez la c\u00e9l\u00e8bre place de la m\u00e9dina o\u00f9 vous verrez et d\u00e9couvrirez le fascinant magicien du serpent, les &#8220;s\u00e9minaires dr\u00f4les&#8221; o\u00f9 des professionnels ou des humoristes racontent des blagues fabuleuses et sympathiques, des devinettes&#8230; L&#8217;apr\u00e8s-midi, vous aurez du temps libre pour vous promener et voir, d\u00e9couvrir d&#8217;autres endroits de la ville par vous-m\u00eame.<\/p>\n<h4>Jour 9 : Marrakech &#8211; Essaouira :<\/h4>\n<p>Apr\u00e8s le petit-d\u00e9jeuner dans votre riad, notre personnel vous accueille \u00e0 la r\u00e9ception pour organiser une excursion \u00e0 la d\u00e9couverte des paysages de &#8220;Mogador&#8221; Essaouira. Sur la route Marrakech-Essaouira, nous rencontrerons des petites boutiques de femmes de coop\u00e9ratives d&#8217;arganiers. Nous vous emm\u00e8nerons dans un \u00e9norme circuit au Maroc pour profiter de votre journ\u00e9e \u00e0 fl\u00e2ner dans cette ville oc\u00e9ane et explorer l&#8217;ancien port de p\u00eache fortifi\u00e9 d&#8217;Essaouira sur la c\u00f4te atlantique. Ce dernier est le favori des v\u00e9liplanchistes et des kitesurfeurs en raison de ses eaux peu profondes. C&#8217;\u00e9tait autrefois le lieu de pr\u00e9dilection de Bob Marley et de Jimi Hendrix. Malgr\u00e9 la plage, il y a aussi beaucoup de choses \u00e0 vivre dans cette ville. Nous veillerons \u00e0 ce que vous d\u00e9couvriez et voyiez les monuments les plus connus de cette ville : \u00e9tonnante coh\u00e9sion, m\u00e9lange d&#8217;architecture portugaise et berb\u00e8re, souks color\u00e9s, m\u00e9dina au design fran\u00e7ais et galeries d&#8217;art. Vous d\u00e9couvrirez \u00e9galement le Mellah (important quartier juif) et la forteresse portugaise construite au XVIe si\u00e8cle pour prot\u00e9ger la base commerciale de Mogador. La ville a \u00e9t\u00e9 envahie par diverses nations : Ph\u00e9niciens, Carthaginois, Romains, Portugais et Fran\u00e7ais. Les diff\u00e9rentes origines des habitants d&#8217;Essaouira ont cr\u00e9\u00e9 son caract\u00e8re unique et ont conduit \u00e0 sa prosp\u00e9rit\u00e9. Essaouira est typique des nombreuses petites villes marocaines fortifi\u00e9es. \u00c0 une \u00e9poque, elle \u00e9tait consid\u00e9r\u00e9e comme l&#8217;un des ports les plus essentiels du Maroc, et elle l&#8217;est toujours \u00e0 certains \u00e9gards. Essaouira est une ville class\u00e9e au patrimoine mondial. Nous vous emm\u00e8nerons dans un circuit m\u00e9morable pour d\u00e9couvrir le Maroc. Nuit dans un riad.<\/p>\n<h4>Jour 10 : Essaouira &#8211; Marrakech :<\/h4>\n<p>Nous quittons Essaouira pour retourner \u00e0 Marrakech. Nous serons \u00e0 Marrakech en fin d&#8217;apr\u00e8s-midi. Soir\u00e9e libre pour vous promener et d\u00e9couvrir la ville \u00e0 votre rythme.<\/p>\n<h4>Jour 11 : Transfert \u00e0 l&#8217;a\u00e9roport :<\/h4>\n<p>Transfert du riad \u00e0 l&#8217;a\u00e9roport.<\/p>\n","protected":false},"excerpt":{"rendered":"<p>Jour 1 : Tanger &#8211; T\u00e9touan &#8211; Chefchaouen : Nous vous accueillerons au port et partirons pour Chefchaouen en passant par les montagnes du Rif et<span class=\"excerpt-hellip\"> [\u2026]<\/span><\/p>\n","protected":false},"author":1,"featured_media":0,"parent":0,"menu_order":0,"comment_status":"closed","ping_status":"closed","template":"","meta":{"ngg_post_thumbnail":0,"footnotes":""},"class_list":["post-147","page","type-page","status-publish","hentry"],"_links":{"self":[{"href":"https:\/\/nextstationmorocco.com\/fr\/wp-json\/wp\/v2\/pages\/147","targetHints":{"allow":["GET"]}}],"collection":[{"href":"https:\/\/nextstationmorocco.com\/fr\/wp-json\/wp\/v2\/pages"}],"about":[{"href":"https:\/\/nextstationmorocco.com\/fr\/wp-json\/wp\/v2\/types\/page"}],"author":[{"embeddable":true,"href":"https:\/\/nextstationmorocco.com\/fr\/wp-json\/wp\/v2\/users\/1"}],"replies":[{"embeddable":true,"href":"https:\/\/nextstationmorocco.com\/fr\/wp-json\/wp\/v2\/comments?post=147"}],"version-history":[{"count":5,"href":"https:\/\/nextstationmorocco.com\/fr\/wp-json\/wp\/v2\/pages\/147\/revisions"}],"predecessor-version":[{"id":333,"href":"https:\/\/nextstationmorocco.com\/fr\/wp-json\/wp\/v2\/pages\/147\/revisions\/333"}],"wp:attachment":[{"href":"https:\/\/nextstationmorocco.com\/fr\/wp-json\/wp\/v2\/media?parent=147"}],"curies":[{"name":"wp","href":"https:\/\/api.w.org\/{rel}","templated":true}]}}