{"id":145,"date":"2022-09-30T15:39:10","date_gmt":"2022-09-30T15:39:10","guid":{"rendered":"https:\/\/nextstationmorocco.com\/\/?page_id=145"},"modified":"2022-10-13T15:41:34","modified_gmt":"2022-10-13T15:41:34","slug":"9-jours-de-tanger-a-chefchaouen-fes","status":"publish","type":"page","link":"https:\/\/nextstationmorocco.com\/fr\/9-jours-de-tanger-a-chefchaouen-fes\/","title":{"rendered":"9 jours de Tanger \u00e0 Chefchaouen Fes"},"content":{"rendered":"<h4>Jour 1 : Tanger<\/h4>\n<p>Bienvenue au Maroc Arriv\u00e9e \u00e0 Tanger par bateau ou par avion et transfert \u00e0 votre h\u00f4tel \u00e0 Tanger. Tanger est un ancien port charg\u00e9 d&#8217;histoire puisqu&#8217;il gardait autrefois l&#8217;entr\u00e9e de la M\u00e9diterran\u00e9e. Il poss\u00e8de une m\u00e9dina et une nouvelle ville tr\u00e8s anim\u00e9es.<\/p>\n<h4>Jour 2 : Cap Spartel<\/h4>\n<p>Passez la matin\u00e9e \u00e0 explorer Tanger. Cet apr\u00e8s-midi, partez juste \u00e0 l&#8217;ouest de Tanger vers le Cap Spartel en passant par La Montagne. Ici, il est possible d&#8217;observer des aigles et des oiseaux migrateurs se dirigeant vers l&#8217;Espagne ou revenant pour l&#8217;hiver. Visitez les Grottes d&#8217;Hercule, \u00e0 5 km au sud du phare de Cap Spartel. Selon la l\u00e9gende, Hercule se serait repos\u00e9 dans ces grottes apr\u00e8s avoir creus\u00e9 le d\u00e9troit entre l&#8217;Europe et l&#8217;Afrique.<\/p>\n<h4>Jour 3 : T\u00e9touan<\/h4>\n<p>En quittant Tanger, vous vous dirigez vers l&#8217;ouest en longeant la c\u00f4te et la route vallonn\u00e9e en direction de Ceuta (Sebta pour les locaux). Il y a de belles vues sur la mer et il est possible de monter au Jebel Musa, en face du rocher de Gibraltar (Jebel Tarik). Apr\u00e8s le d\u00e9jeuner \u00e0 T\u00e9touan, vous poursuivrez votre voyage le long de la c\u00f4te, en passant par le petit port de p\u00eache de Cabo Negro, puis en vous dirigeant vers Chefchaouen, dans les montagnes. Cette ville, fond\u00e9e en 1471, \u00e9tait tr\u00e8s isol\u00e9e jusqu&#8217;au d\u00e9but du XXe si\u00e8cle. Haut perch\u00e9e dans les montagnes du Rif, Chefchaouen est peinte dans de belles nuances de bleu, h\u00e9ritage de la population juive qui y vivait.<\/p>\n<h4>Jour 4 : Chefchaouen<\/h4>\n<p>Profitez d&#8217;une journ\u00e9e libre \u00e0 Chefchaouen, un havre de paix et de tranquillit\u00e9. D\u00e9couvrez la m\u00e9dina de Chefchaouen, le quartier du tissage de la soie et de la laine, la place principale avec ses caf\u00e9s, et les souks. Peut-\u00eatre troquerez-vous un kilim au march\u00e9, o\u00f9 vous pourrez faire de bonnes affaires.<\/p>\n<h4>Jour 5 : Les montagnes du Rif<\/h4>\n<p>Aujourd&#8217;hui, vous traversez les montagnes du Rif jusqu&#8217;\u00e0 F\u00e8s. Les montagnes du Rif sont encore relativement inexplor\u00e9es par les visiteurs, en partie parce qu&#8217;elles sont assez \u00e9loign\u00e9es, et en partie \u00e0 cause du haschisch qui est cultiv\u00e9 dans les champs des vall\u00e9es cach\u00e9es. Cependant, avec votre guide et votre chauffeur, vous pourrez vous d\u00e9tendre et voir le Maroc intact.<\/p>\n<h4>Jour 6 : F\u00e8s<\/h4>\n<p>La plus ancienne et la plus grande ville m\u00e9di\u00e9vale du monde, F\u00e8s est une ruche anim\u00e9e d&#8217;activit\u00e9 et vraiment fascinante. Passez la journ\u00e9e \u00e0 explorer cette ville historique, les souks, les palais et les vues depuis le mus\u00e9e et la vieille Kasbah juste \u00e0 l&#8217;ext\u00e9rieur des murs de la ville.<\/p>\n<h4>Jour 7 : Ville romaine de Volubilis<\/h4>\n<p>En sortant de la ville ce matin, visitez l&#8217;ancienne ville romaine de Volubilis dans les contreforts des montagnes du Moyen Atlas. D&#8217;incroyables mosqu\u00e9es, portes, villas et le forum subsistent encore &#8211; la ville est si grande qu&#8217;elle n&#8217;a pas encore \u00e9t\u00e9 enti\u00e8rement fouill\u00e9e. Dans l&#8217;apr\u00e8s-midi, visitez la ville de Moulay Idriss, ouverte aux non-musulmans depuis peu et nomm\u00e9e d&#8217;apr\u00e8s le fondateur de F\u00e8s. Passez la nuit dans la ville imp\u00e9riale de Mekn\u00e8s.<\/p>\n<h4>Jour 8 : Vues sur les montagnes du Rif<\/h4>\n<p>En quittant Mekn\u00e8s, vous passerez par les montagnes du Rif et la ville de Ksar-el Kbir, pour revenir \u00e0 Tanger. Passez votre derni\u00e8re soir\u00e9e libre, le temps de faire quelques achats de souvenirs de derni\u00e8re minute ou de prendre un bon repas dans l&#8217;un des nombreux restaurants savoureux.<\/p>\n<h4>Jour 9 : Tanger<\/h4>\n<p>Transfert de d\u00e9part vers l&#8217;a\u00e9roport ou le port de ferry.<\/p>\n","protected":false},"excerpt":{"rendered":"<p>Jour 1 : Tanger Bienvenue au Maroc Arriv\u00e9e \u00e0 Tanger par bateau ou par avion et transfert \u00e0 votre h\u00f4tel \u00e0 Tanger. Tanger est un ancien<span class=\"excerpt-hellip\"> [\u2026]<\/span><\/p>\n","protected":false},"author":1,"featured_media":0,"parent":0,"menu_order":0,"comment_status":"closed","ping_status":"closed","template":"","meta":{"ngg_post_thumbnail":0,"footnotes":""},"class_list":["post-145","page","type-page","status-publish","hentry"],"_links":{"self":[{"href":"https:\/\/nextstationmorocco.com\/fr\/wp-json\/wp\/v2\/pages\/145","targetHints":{"allow":["GET"]}}],"collection":[{"href":"https:\/\/nextstationmorocco.com\/fr\/wp-json\/wp\/v2\/pages"}],"about":[{"href":"https:\/\/nextstationmorocco.com\/fr\/wp-json\/wp\/v2\/types\/page"}],"author":[{"embeddable":true,"href":"https:\/\/nextstationmorocco.com\/fr\/wp-json\/wp\/v2\/users\/1"}],"replies":[{"embeddable":true,"href":"https:\/\/nextstationmorocco.com\/fr\/wp-json\/wp\/v2\/comments?post=145"}],"version-history":[{"count":5,"href":"https:\/\/nextstationmorocco.com\/fr\/wp-json\/wp\/v2\/pages\/145\/revisions"}],"predecessor-version":[{"id":349,"href":"https:\/\/nextstationmorocco.com\/fr\/wp-json\/wp\/v2\/pages\/145\/revisions\/349"}],"wp:attachment":[{"href":"https:\/\/nextstationmorocco.com\/fr\/wp-json\/wp\/v2\/media?parent=145"}],"curies":[{"name":"wp","href":"https:\/\/api.w.org\/{rel}","templated":true}]}}