{"id":143,"date":"2022-09-30T15:38:54","date_gmt":"2022-09-30T15:38:54","guid":{"rendered":"https:\/\/nextstationmorocco.com\/\/?page_id=143"},"modified":"2022-10-13T15:41:09","modified_gmt":"2022-10-13T15:41:09","slug":"8-jours-de-tanger-chefchaouen-marrakech","status":"publish","type":"page","link":"https:\/\/nextstationmorocco.com\/fr\/8-jours-de-tanger-chefchaouen-marrakech\/","title":{"rendered":"8 jours de Tanger Chefchaouen Marrakech"},"content":{"rendered":"<h4>Jour 1 : Tanger :<\/h4>\n<p>Transfert de l&#8217;a\u00e9roport ou du terminal des ferries \u00e0 votre h\u00f4tel. Vous avez le temps d&#8217;explorer cette ville portuaire anim\u00e9e qui \u00e9tait autrefois le terrain de jeu des mondains internationaux, notamment des \u00e9crivains, des artistes, des musiciens et des politiciens. (Paul Bowles). La ville est une M\u00e9diterran\u00e9e vivante, cosmopolite et historique o\u00f9 vous pourrez explorer de nombreux mus\u00e9es et sites. Nuit \u00e0 l&#8217;h\u00f4tel.<\/p>\n<h4>Jour 2 : F\u00e8s Chefchaouen :<\/h4>\n<p>Aujourd&#8217;hui, nous nous dirigeons vers Chefchaouen, une belle ville andalouse aux fa\u00e7ades bleues et blanches, nich\u00e9e dans les montagnes du Rif. La ville est une ville d\u00e9contract\u00e9e, avec de petites ruelles sinueuses et des places de march\u00e9, o\u00f9 les femmes du Rif environnant viennent vendre leurs produits faits main. D\u00eener \u00e0 l&#8217;h\u00f4tel.<\/p>\n<h4>Jour 3 : Chefchaouen Fes :<\/h4>\n<p>Nous nous rendons dans la ville la plus fascinante du Maroc et la derni\u00e8re ville m\u00e9di\u00e9vale encore debout. Vous ferez le tour de la m\u00e9dina avec ses &#8220;souks&#8221; (march\u00e9s) en vous arr\u00eatant \u00e0 la porte du Palais Royal, \u00e0 la Mosqu\u00e9e Karouine du 9\u00e8me si\u00e8cle et \u00e0 l&#8217;Universit\u00e9. Vous visiterez la tombe du fondateur de la ville, Moulay Idris II. Le d\u00e9jeuner aura lieu dans l&#8217;un des restaurants traditionnels de l&#8217;ancienne m\u00e9dina. Apr\u00e8s le d\u00e9jeuner, vous continuerez \u00e0 explorer la fontaine Najarine, la porte de Bab Boujloud, les anciens jardins du harem et le mus\u00e9e Batha. Sur le chemin du retour \u00e0 l&#8217;h\u00f4tel, nous nous arr\u00eaterons pour profiter d&#8217;une vue panoramique de la ville. Mausol\u00e9e et c\u00e9l\u00e8bre tannerie o\u00f9 les peaux sont s\u00e9ch\u00e9es et teintes dans d&#8217;\u00e9normes cuves.<\/p>\n<h4>Jour 4 : F\u00e8s Beni Mellal Marrakech :<\/h4>\n<p>D\u00e9part pour Marrakech en passant par les montagnes du Moyen Atlas et le village berb\u00e8re d&#8217;Ifrane et Azrou, temps libre pour une pause d\u00e9jeuner facultative et un moment de d\u00e9tente \u00e0 Beni Mellal l&#8217;un des centres agricoles du Maroc. Arriv\u00e9e \u00e0 Marrakech en fin d&#8217;apr\u00e8s-midi. Installation \u00e0 l&#8217;h\u00f4tel, nuit et d\u00eener \u00e0 l&#8217;h\u00f4tel.<\/p>\n<h4>Jour 5 : Marrakech :<\/h4>\n<p>Visite de la ville historique de Marrakech : le jardin de la M\u00e9nara, les tombeaux Saadiens, le Palais de la Bahia, le Minaret de la Koutoubia et les Jardins Majorelle nomm\u00e9s d&#8217;apr\u00e8s le c\u00e9l\u00e8bre peintre fran\u00e7ais, qui y a construit sa villa art d\u00e9co et a commenc\u00e9 les jardins botaniques. En 1980, il est devenu la r\u00e9sidence d&#8217;Yves Saint Laurent. L&#8217;apr\u00e8s-midi, visite de la c\u00e9l\u00e8bre place Djemaa El Fna avec ses souks et ses quartiers artisanaux. Un th\u00e9 marocain est servi \u00e0 la &#8220;Maison de la photographie&#8221;, un riad de la vieille ville, o\u00f9 l&#8217;on peut admirer une \u00e9tonnante collection de photos de &#8220;Paysages et visages du Maroc&#8221; r\u00e9alis\u00e9es entre 1870 et 1950. Ce soir, vous avez la possibilit\u00e9 d&#8217;assister au spectacle Fantasia avec le d\u00eener.<\/p>\n<h4>Jour 6 : Marrakech Casablanca :<\/h4>\n<p>Nous avons cette matin\u00e9e libre pour faire des achats de derni\u00e8re minute ou pour se d\u00e9tendre. Cet apr\u00e8s-midi, nous partons pour Casablanca. Nuit et d\u00eener \u00e0 l&#8217;h\u00f4tel.<\/p>\n<h4>Jour 7 : Casablanca Tanger :<\/h4>\n<p>Apr\u00e8s le petit d\u00e9jeuner \u00e0 l&#8217;h\u00f4tel, vous appr\u00e9cierez la belle et magnifique mosqu\u00e9e de Hassan II. Puis, d\u00e9part vers le nord. Vous vous arr\u00eaterez en cours de route pour prendre des photos, vous d\u00e9tendre et profiter du calme de la r\u00e9gion. Arriv\u00e9e \u00e0 Tanger en fin d&#8217;apr\u00e8s-midi. D\u00eener et nuit \u00e0 l&#8217;h\u00f4tel.<\/p>\n<h4>Jour 8 : Tanger :<\/h4>\n<p>Retour \u00e0 l&#8217;a\u00e9roport Transfert matinal \u00e0 l&#8217;a\u00e9roport pour votre vol de d\u00e9part.<\/p>\n","protected":false},"excerpt":{"rendered":"<p>Jour 1 : Tanger : Transfert de l&#8217;a\u00e9roport ou du terminal des ferries \u00e0 votre h\u00f4tel. Vous avez le temps d&#8217;explorer cette ville portuaire anim\u00e9e qui<span class=\"excerpt-hellip\"> [\u2026]<\/span><\/p>\n","protected":false},"author":1,"featured_media":0,"parent":0,"menu_order":0,"comment_status":"closed","ping_status":"closed","template":"","meta":{"ngg_post_thumbnail":0,"footnotes":""},"class_list":["post-143","page","type-page","status-publish","hentry"],"_links":{"self":[{"href":"https:\/\/nextstationmorocco.com\/fr\/wp-json\/wp\/v2\/pages\/143","targetHints":{"allow":["GET"]}}],"collection":[{"href":"https:\/\/nextstationmorocco.com\/fr\/wp-json\/wp\/v2\/pages"}],"about":[{"href":"https:\/\/nextstationmorocco.com\/fr\/wp-json\/wp\/v2\/types\/page"}],"author":[{"embeddable":true,"href":"https:\/\/nextstationmorocco.com\/fr\/wp-json\/wp\/v2\/users\/1"}],"replies":[{"embeddable":true,"href":"https:\/\/nextstationmorocco.com\/fr\/wp-json\/wp\/v2\/comments?post=143"}],"version-history":[{"count":4,"href":"https:\/\/nextstationmorocco.com\/fr\/wp-json\/wp\/v2\/pages\/143\/revisions"}],"predecessor-version":[{"id":348,"href":"https:\/\/nextstationmorocco.com\/fr\/wp-json\/wp\/v2\/pages\/143\/revisions\/348"}],"wp:attachment":[{"href":"https:\/\/nextstationmorocco.com\/fr\/wp-json\/wp\/v2\/media?parent=143"}],"curies":[{"name":"wp","href":"https:\/\/api.w.org\/{rel}","templated":true}]}}