{"id":141,"date":"2022-09-30T15:37:33","date_gmt":"2022-09-30T15:37:33","guid":{"rendered":"https:\/\/nextstationmorocco.com\/\/?page_id=141"},"modified":"2022-10-13T15:43:53","modified_gmt":"2022-10-13T15:43:53","slug":"trekking-en-chameau","status":"publish","type":"page","link":"https:\/\/nextstationmorocco.com\/fr\/trekking-en-chameau\/","title":{"rendered":"Trekking en chameau"},"content":{"rendered":"<h4>1 nuit de randonn\u00e9e \u00e0 dos de chameau dans le d\u00e9sert de Merzouga :<\/h4>\n<p>Une nuit de trekking \u00e0 dos de chameau dans le d\u00e9sert de Merzouga est une exp\u00e9rience formidable. C&#8217;est une activit\u00e9 incontournable dans le d\u00e9sert ! Nous vous recommandons de rester au moins une nuit dans le d\u00e9sert et de dormir dans le camp du d\u00e9sert.<\/p>\n<p>Cette randonn\u00e9e \u00e0 dos de chameau commence l&#8217;apr\u00e8s-midi par une promenade \u00e0 dos de chameau dans le d\u00e9sert pendant environ 1 heure. Nous profiterons du d\u00e9sert et apr\u00e8s avoir atteint notre camp du d\u00e9sert, nous pr\u00e9parerons le d\u00eener. Nous dormirons dans une tente dans le d\u00e9sert et la musique berb\u00e8re rendra notre nuit sp\u00e9ciale.<\/p>\n<p>Le lendemain matin, nous nous levons t\u00f4t pour profiter du lever du soleil sur le d\u00e9sert du Sahara. Puis nous retournons \u00e0 l&#8217;h\u00f4tel du d\u00e9sert en chevauchant des chameaux pendant environ 1 heure. Nous prendrons le petit-d\u00e9jeuner \u00e0 l&#8217;h\u00f4tel du d\u00e9sert.<\/p>\n<h4>2 nuits de randonn\u00e9e \u00e0 dos de chameau dans le d\u00e9sert de Merzouga :<\/h4>\n<p>Cette randonn\u00e9e \u00e0 dos de chameau commence l&#8217;apr\u00e8s-midi et nous chevauchons des chameaux dans le d\u00e9sert. Nos chameaux seront charg\u00e9s de nourriture, de couvertures et de tout ce dont nous aurons besoin. Nous passerons par des oasis au milieu des dunes o\u00f9 nous passerons la nuit autour d&#8217;un feu de camp, nous d\u00eenerons avec de la musique berb\u00e8re et nous passerons la nuit dans des tentes nomades.<\/p>\n<p>Le lendemain matin, apr\u00e8s le petit-d\u00e9jeuner au camp, nous monterons les chameaux pour visiter et d\u00e9jeuner avec les nomades. Nous monterons sur de hautes dunes o\u00f9 nous aurons une belle vue et nous pourrons essayer le sand boarding. Apr\u00e8s le coucher du soleil, nous retournerons au camp o\u00f9 nous passerons la nuit.<\/p>\n<p>Le lendemain matin, nous retournerons \u00e0 dos de chameau \u00e0 l&#8217;h\u00f4tel du d\u00e9sert de Merzouga o\u00f9 nous prendrons le petit-d\u00e9jeuner et une douche.<\/p>\n<h4>Sunset Camel Trek dans le d\u00e9sert de Merzouga :<\/h4>\n<p>La randonn\u00e9e \u00e0 dos de chameau au coucher du soleil dans le d\u00e9sert de Merzouga est l&#8217;occasion id\u00e9ale de d\u00e9couvrir le d\u00e9sert du Sahara.<\/p>\n<p>Notre randonn\u00e9e \u00e0 dos de chameau commence \u00e0 l&#8217;h\u00f4tel dans le d\u00e9sert et vous suivrez un guide exp\u00e9riment\u00e9 qui s&#8217;occupera de votre randonn\u00e9e dans le d\u00e9sert pour observer le coucher du soleil dans le d\u00e9sert.<\/p>\n<p>Notre randonn\u00e9e \u00e0 dos de chameau dans le d\u00e9sert durera environ 30 minutes et nous atteindrons la plus haute dune de Merzouga, d&#8217;o\u00f9 vous profiterez d&#8217;une vue magnifique. Puis nous retournons \u00e0 l&#8217;h\u00f4tel dans le d\u00e9sert.<\/p>\n<h4>Randonn\u00e9e \u00e0 dos de chameau au lever du soleil dans le d\u00e9sert de Merzouga :<\/h4>\n<p>La randonn\u00e9e \u00e0 dos de chameau au lever du soleil dans le d\u00e9sert de Merzouga est l&#8217;occasion id\u00e9ale de d\u00e9couvrir le d\u00e9sert du Sahara.<\/p>\n<p>Notre randonn\u00e9e \u00e0 dos de chameau commence \u00e0 l&#8217;h\u00f4tel du d\u00e9sert et nous chevaucherons des chameaux pendant environ 30 minutes pour atteindre la plus haute dune du d\u00e9sert de Merzouga. Nous profiterons d&#8217;une vue incroyable au lever du soleil, puis nous retournerons \u00e0 notre h\u00f4tel dans le d\u00e9sert.<\/p>\n","protected":false},"excerpt":{"rendered":"<p>1 nuit de randonn\u00e9e \u00e0 dos de chameau dans le d\u00e9sert de Merzouga : Une nuit de trekking \u00e0 dos de chameau dans le d\u00e9sert de<span class=\"excerpt-hellip\"> [\u2026]<\/span><\/p>\n","protected":false},"author":1,"featured_media":0,"parent":0,"menu_order":0,"comment_status":"closed","ping_status":"closed","template":"","meta":{"ngg_post_thumbnail":0,"footnotes":""},"class_list":["post-141","page","type-page","status-publish","hentry"],"_links":{"self":[{"href":"https:\/\/nextstationmorocco.com\/fr\/wp-json\/wp\/v2\/pages\/141","targetHints":{"allow":["GET"]}}],"collection":[{"href":"https:\/\/nextstationmorocco.com\/fr\/wp-json\/wp\/v2\/pages"}],"about":[{"href":"https:\/\/nextstationmorocco.com\/fr\/wp-json\/wp\/v2\/types\/page"}],"author":[{"embeddable":true,"href":"https:\/\/nextstationmorocco.com\/fr\/wp-json\/wp\/v2\/users\/1"}],"replies":[{"embeddable":true,"href":"https:\/\/nextstationmorocco.com\/fr\/wp-json\/wp\/v2\/comments?post=141"}],"version-history":[{"count":4,"href":"https:\/\/nextstationmorocco.com\/fr\/wp-json\/wp\/v2\/pages\/141\/revisions"}],"predecessor-version":[{"id":355,"href":"https:\/\/nextstationmorocco.com\/fr\/wp-json\/wp\/v2\/pages\/141\/revisions\/355"}],"wp:attachment":[{"href":"https:\/\/nextstationmorocco.com\/fr\/wp-json\/wp\/v2\/media?parent=141"}],"curies":[{"name":"wp","href":"https:\/\/api.w.org\/{rel}","templated":true}]}}