{"id":139,"date":"2022-09-30T15:20:12","date_gmt":"2022-09-30T15:20:12","guid":{"rendered":"https:\/\/nextstationmorocco.com\/\/?page_id=139"},"modified":"2022-10-13T15:40:42","modified_gmt":"2022-10-13T15:40:42","slug":"7-jours-au-depart-de-casablanca","status":"publish","type":"page","link":"https:\/\/nextstationmorocco.com\/fr\/7-jours-au-depart-de-casablanca\/","title":{"rendered":"7 jours au d\u00e9part de Casablanca"},"content":{"rendered":"<h3>Points forts du voyage<\/h3>\n<ul>\n<li>Villages berb\u00e8res.<\/li>\n<li>Tente nomade berb\u00e8re.<\/li>\n<li>Gorges du Dad\u00e8s, Todra<\/li>\n<li>Ouarzazate et Ait ben Haddou<\/li>\n<li>Col du Tichka 2660m<\/li>\n<\/ul>\n<p>Le circuit priv\u00e9 au Maroc de Casablanca \u00e0 F\u00e8s et Marrakech vous donne la chance de voir le vrai Maroc. .<\/p>\n<h3>Itin\u00e9raire<\/h3>\n<h4>Jour 1 : Casablanca &#8211; Rabat :<\/h4>\n<p>Notre circuit priv\u00e9 de 7 jours au Maroc commence aujourd&#8217;hui par une courte visite de Casablanca, qui est la capitale \u00e9conomique du Maroc, et nous visiterons la Grande Mosqu\u00e9e Hassan II. C&#8217;est l&#8217;un des plus grands monuments du monde islamique. Nous visiterons \u00e9galement la Place Mohammed V, et les environs du Palais Royal. Apr\u00e8s cela, nous partons pour Rabat, qui est la capitale administrative du Maroc et nous visitons ici le Mausol\u00e9e Mohammed V, la Tour Hassan et la Place des Oudayas. En fin d&#8217;apr\u00e8s-midi, nous nous installons \u00e0 votre h\u00f4tel, avec d\u00eener et nuit.<\/p>\n<h4>Jour 2 : Rabat &#8211; Mekn\u00e8s :<\/h4>\n<p>Aujourd&#8217;hui, nous nous rendons \u00e0 Mekn\u00e8s pour visiter cette ancienne ville imp\u00e9riale. Nous passons la nuit dans un h\u00f4tel local. Vous aurez une visite guid\u00e9e de la ville de Mekn\u00e8s.<\/p>\n<h4>Jour 3 : Mekn\u00e8s &#8211; Volubilis &#8211; F\u00e8s :<\/h4>\n<p>Apr\u00e8s le petit-d\u00e9jeuner, nous partons pour F\u00e8s avec un arr\u00eat aux ruines romaines de Volubilis. Puis nous partons pour F\u00e8s o\u00f9 nous restons pour le d\u00eener et la nuit dans un riad local.<\/p>\n<h4>Jour 4 : Visite de la ville de F\u00e8s :<\/h4>\n<p>La journ\u00e9e d&#8217;aujourd&#8217;hui sera consacr\u00e9e \u00e0 la visite de F\u00e8s. C&#8217;est la plus ancienne ville imp\u00e9riale culturelle et spirituelle du Maroc et les points forts seront la M\u00e9dina m\u00e9di\u00e9vale, les Medersas (une universit\u00e9 d&#8217;enseignement islamique), la mosqu\u00e9e El Qaraouiyyin. Nous restons encore \u00e0 F\u00e8s pour le d\u00eener et la nuit \u00e0 l&#8217;h\u00f4tel.<\/p>\n<h4>Jour 5 : F\u00e8s &#8211; Beni Mellal &#8211; Marrakech :<\/h4>\n<p>Aujourd&#8217;hui, apr\u00e8s le petit-d\u00e9jeuner, nous prendrons la route vers Marrakech en passant par Azrou, un village berb\u00e8re connu pour sa coop\u00e9rative artisanale. Nous continuerons cette route panoramique \u00e0 travers la belle r\u00e9gion montagneuse de la cha\u00eene du Moyen-Atlas. A l&#8217;arriv\u00e9e \u00e0 Beni-Mellal, nous d\u00e9jeunerons avant de continuer vers Marrakech o\u00f9 nous resterons dans un h\u00f4tel local pour le d\u00eener et la nuit.<\/p>\n<h4>Jour 6 : Visite de la ville de Marrakech :<\/h4>\n<p>Aujourd&#8217;hui, vous aurez une visite guid\u00e9e des principaux sites touristiques de Marrakech, la deuxi\u00e8me plus ancienne ville imp\u00e9riale. Nous visiterons les tombeaux Saadiens, la mosqu\u00e9e Koutoubia, le palais de la Bahia et les jardins de la Menara. Dans l&#8217;apr\u00e8s-midi, nous explorerons le souk et la place Djemaa el Fna, c\u00e9l\u00e8bre dans le monde entier, avec ses divers divertissements, tels que les conteurs, les acrobates, les charmeurs de serpents. Nous restons \u00e0 l&#8217;h\u00f4tel et passons la nuit ici \u00e0 Marrakech.<\/p>\n<h4>Jour 7 : Marrakech &#8211; a\u00e9roport de Casablanca :<\/h4>\n<p>Le matin, vous aurez un programme libre et ensuite nous partons pour Casablanca. Ce sera la fin de notre circuit priv\u00e9 de 7 jours au Maroc.<\/p>\n<p><strong>Ce qui est inclus ?<\/strong><\/p>\n<ul>\n<li>H\u00e9bergement dans des Riads authentiques (chambre + petit-d\u00e9jeuner + d\u00eener)<\/li>\n<li>V\u00e9hicule 4&#215;4 confortable et climatis\u00e9<\/li>\n<li>Chauffeur exp\u00e9riment\u00e9 parlant anglais &#8211; Guide<\/li>\n<li>Randonn\u00e9e \u00e0 dos de chameau pour atteindre le camp du d\u00e9sert (1 chameau par personne)<\/li>\n<li>Promenade \u00e0 dos de chameau.<\/li>\n<li>1 nuit dans les dunes du d\u00e9sert du Sahara avec d\u00eener et petit d\u00e9jeuner.<\/li>\n<\/ul>\n<p><strong>Ce qui n&#8217;est pas inclus ?<\/strong><\/p>\n<ul>\n<li>Billets d&#8217;avion<\/li>\n<li>D\u00e9jeuners et boissons pendant votre voyage<\/li>\n<li>Billets pour les monuments<\/li>\n<\/ul>\n","protected":false},"excerpt":{"rendered":"<p>Points forts du voyage Villages berb\u00e8res. Tente nomade berb\u00e8re. Gorges du Dad\u00e8s, Todra Ouarzazate et Ait ben Haddou Col du Tichka 2660m Le circuit priv\u00e9 au<span class=\"excerpt-hellip\"> [\u2026]<\/span><\/p>\n","protected":false},"author":1,"featured_media":0,"parent":0,"menu_order":0,"comment_status":"closed","ping_status":"closed","template":"","meta":{"ngg_post_thumbnail":0,"footnotes":""},"class_list":["post-139","page","type-page","status-publish","hentry"],"_links":{"self":[{"href":"https:\/\/nextstationmorocco.com\/fr\/wp-json\/wp\/v2\/pages\/139","targetHints":{"allow":["GET"]}}],"collection":[{"href":"https:\/\/nextstationmorocco.com\/fr\/wp-json\/wp\/v2\/pages"}],"about":[{"href":"https:\/\/nextstationmorocco.com\/fr\/wp-json\/wp\/v2\/types\/page"}],"author":[{"embeddable":true,"href":"https:\/\/nextstationmorocco.com\/fr\/wp-json\/wp\/v2\/users\/1"}],"replies":[{"embeddable":true,"href":"https:\/\/nextstationmorocco.com\/fr\/wp-json\/wp\/v2\/comments?post=139"}],"version-history":[{"count":5,"href":"https:\/\/nextstationmorocco.com\/fr\/wp-json\/wp\/v2\/pages\/139\/revisions"}],"predecessor-version":[{"id":347,"href":"https:\/\/nextstationmorocco.com\/fr\/wp-json\/wp\/v2\/pages\/139\/revisions\/347"}],"wp:attachment":[{"href":"https:\/\/nextstationmorocco.com\/fr\/wp-json\/wp\/v2\/media?parent=139"}],"curies":[{"name":"wp","href":"https:\/\/api.w.org\/{rel}","templated":true}]}}