{"id":137,"date":"2022-09-30T15:19:22","date_gmt":"2022-09-30T15:19:22","guid":{"rendered":"https:\/\/nextstationmorocco.com\/\/?page_id=137"},"modified":"2022-10-13T15:36:59","modified_gmt":"2022-10-13T15:36:59","slug":"5-jours-dexcursion-dans-le-desert-de-fes-a-merzouga","status":"publish","type":"page","link":"https:\/\/nextstationmorocco.com\/fr\/5-jours-dexcursion-dans-le-desert-de-fes-a-merzouga\/","title":{"rendered":"5 jours d&#8217;excursion dans le d\u00e9sert de F\u00e8s \u00e0 Merzouga"},"content":{"rendered":"<h3>Points forts du voyage<\/h3>\n<ul>\n<li>Villages berb\u00e8res.<\/li>\n<li>Tente nomade berb\u00e8re.<\/li>\n<li>Gorges du Dad\u00e8s, Todra<\/li>\n<li>Ouarzazate et Ait ben Haddou<\/li>\n<li>Col du Tichka 2660m<\/li>\n<\/ul>\n<p>Notre circuit de F\u00e8s \u00e0 Merzouga vous donne la chance de voir le vrai d\u00e9sert de l&#8217;Erg Chebbi. Visitez aussi Ifrane, Midelt dans les montagnes de l&#8217;Atlas. Nous ne manquons pas les endroits int\u00e9ressants comme les gorges de Dades, Ait Benhaddou et bien s\u00fbr Marrakech. .<\/p>\n<h3>Itin\u00e9raire<\/h3>\n<h4>JOUR 1 : F\u00e8s &#8211; Ifrane &#8211; Azrou &#8211; Vall\u00e9e du Ziz &#8211; d\u00e9sert de Merzouga :<\/h4>\n<p>Notre circuit priv\u00e9 de 5 jours au Maroc \u00e0 partir de F\u00e8s commence par la ville d&#8217;Ifrane, appel\u00e9e &#8220;la Suisse du Maroc&#8221;. Puis nous passons Midlet dans les montagnes du Haut Atlas. Nous nous arr\u00eaterons \u00e0 la c\u00e9l\u00e8bre for\u00eat de c\u00e8dres o\u00f9 vous pourrez voir les singes barbares. Notre voyage dans le d\u00e9sert marocain continue le long de la spectaculaire vall\u00e9e du Ziz avec des vues panoramiques tout au long du chemin. Nous passerons par quelques villages berb\u00e8res pour atteindre Erfoud, et Rissani. Dans la soir\u00e9e, nous atteindrons Merzouga et nous passerons la nuit dans un h\u00f4tel\/riad local.<\/p>\n<h4>JOUR 2 : Merzouga &#8211; d\u00e9sert du Sahara &#8211; randonn\u00e9e \u00e0 dos de chameau :<\/h4>\n<p>Notre voyage priv\u00e9 au Maroc continue le lendemain matin et apr\u00e8s le petit d\u00e9jeuner, nous explorerons la zone d\u00e9sertique locale en visitant le village de Khamlia &#8211; la maison du peuple Gnawi, \u00e0 l&#8217;origine des esclaves du Soudan et nous faisons l&#8217;exp\u00e9rience de leur musique et leur mode de vie. Nous serons guid\u00e9s par un chamelier exp\u00e9riment\u00e9, et nous explorerons la myst\u00e9rieuse mer de sable de l&#8217;Erg-Chebbi avant de passer notre premi\u00e8re nuit \u00e0 la belle \u00e9toile dans une tente nomade berb\u00e8re traditionnelle. Le d\u00eener sera servi dans la tente o\u00f9 vous passerez cette nuit.<\/p>\n<h4>JOUR 3 : Merzouga &#8211; Gorges du Todra &#8211; Vall\u00e9e du Dad\u00e8s :<\/h4>\n<p>Notre voyage priv\u00e9 de 5 jours au Maroc se poursuit le matin par une randonn\u00e9e \u00e0 dos de chameau et vous profiterez \u00e9galement du lever du soleil sur les dunes. Ensuite, nous retournons au village de Merzouga et apr\u00e8s le petit-d\u00e9jeuner, nous nous dirigeons vers les gorges de Tinghir et Todra &#8211; les gorges les plus hautes et les plus \u00e9troites du Maroc. Ici, nous aurons l&#8217;occasion de faire une randonn\u00e9e le long de sa vall\u00e9e. Apr\u00e8s le d\u00e9jeuner au c\u0153ur de la gorge, nous traverserons la vall\u00e9e du Dad\u00e8s, o\u00f9 vous verrez les ch\u00e2teaux et les formations rocheuses \u00e9tonnantes connues sous le nom de &#8220;doigts de singe&#8221;. Nous passons la nuit dans un h\u00f4tel\/riad local au c\u0153ur de la gorge.<\/p>\n<h4>JOUR 4 : Vall\u00e9e du Dad\u00e8s &#8211; Skoura &#8211; Ouarzazate :<\/h4>\n<p>Aujourd&#8217;hui, apr\u00e8s le petit-d\u00e9jeuner, nous traversons la vall\u00e9e du Dad\u00e8s en passant par &#8220;la route des mille Kasbahs&#8221;. Nous nous arr\u00eaterons \u00e0 Kalaat Mgouna, &#8220;la ville des roses&#8221; o\u00f9 vous pourrez acheter l&#8217;eau de rose qui fera sentir votre linge longtemps apr\u00e8s la fin de votre voyage. Apr\u00e8s cela, nous continuons vers Ouarzazate, appel\u00e9 comme &#8220;le Hollywood de l&#8217;Afrique&#8221;. Nous passons la nuit ici dans un riad\/h\u00f4tel local.<\/p>\n<h4>JOUR 5 : Ouarzazate &#8211; Ait Ben Haddou &#8211; Marrakech :<\/h4>\n<p>Le dernier jour de notre voyage priv\u00e9 au Maroc, nous nous rendons \u00e0 Ait Ben Haddou qui est la plus grande Kasbah du Maroc et est reconnue par l&#8217;UNESCO comme un patrimoine mondial. Elle a servi de toile de fond \u00e0 de nombreux films c\u00e9l\u00e8bres, notamment &#8220;Lawrence d&#8217;Arabie&#8221;, &#8220;Gladiator&#8221;, etc. Notre voyage priv\u00e9 au Maroc se poursuit par le col du Tizi &#8216;n&#8217; tichka \u00e0 2260 m, en passant par les montagnes du Haut Atlas. Nous arrivons \u00e0 Marrakech en fin d&#8217;apr\u00e8s-midi.<\/p>\n<p><strong>CE QUI EST INCLUS ?<\/strong><\/p>\n<ul>\n<li>Tour en v\u00e9hicule 4&#215;4\/minibus avec A\/C<\/li>\n<li>Chauffeur\/Guide<\/li>\n<li>Guide parlant anglais et carburant.<\/li>\n<li>Nuit\u00e9e \u00e0 l&#8217;h\u00f4tel (petit-d\u00e9jeuner et d\u00eener inclus).<\/li>\n<li>Promenade en chameau .<\/li>\n<li>1 nuit en camp dans le d\u00e9sert.<\/li>\n<\/ul>\n<p><strong>CE QUI N&#8217;EST PAS INCLUS ?<\/strong><\/p>\n<ul>\n<li>Les d\u00e9jeuners<\/li>\n<li>Boissons<\/li>\n<\/ul>\n","protected":false},"excerpt":{"rendered":"<p>Points forts du voyage Villages berb\u00e8res. Tente nomade berb\u00e8re. Gorges du Dad\u00e8s, Todra Ouarzazate et Ait ben Haddou Col du Tichka 2660m Notre circuit de F\u00e8s<span class=\"excerpt-hellip\"> [\u2026]<\/span><\/p>\n","protected":false},"author":1,"featured_media":0,"parent":0,"menu_order":0,"comment_status":"closed","ping_status":"closed","template":"","meta":{"ngg_post_thumbnail":0,"footnotes":""},"class_list":["post-137","page","type-page","status-publish","hentry"],"_links":{"self":[{"href":"https:\/\/nextstationmorocco.com\/fr\/wp-json\/wp\/v2\/pages\/137","targetHints":{"allow":["GET"]}}],"collection":[{"href":"https:\/\/nextstationmorocco.com\/fr\/wp-json\/wp\/v2\/pages"}],"about":[{"href":"https:\/\/nextstationmorocco.com\/fr\/wp-json\/wp\/v2\/types\/page"}],"author":[{"embeddable":true,"href":"https:\/\/nextstationmorocco.com\/fr\/wp-json\/wp\/v2\/users\/1"}],"replies":[{"embeddable":true,"href":"https:\/\/nextstationmorocco.com\/fr\/wp-json\/wp\/v2\/comments?post=137"}],"version-history":[{"count":5,"href":"https:\/\/nextstationmorocco.com\/fr\/wp-json\/wp\/v2\/pages\/137\/revisions"}],"predecessor-version":[{"id":341,"href":"https:\/\/nextstationmorocco.com\/fr\/wp-json\/wp\/v2\/pages\/137\/revisions\/341"}],"wp:attachment":[{"href":"https:\/\/nextstationmorocco.com\/fr\/wp-json\/wp\/v2\/media?parent=137"}],"curies":[{"name":"wp","href":"https:\/\/api.w.org\/{rel}","templated":true}]}}