{"id":134,"date":"2022-09-30T15:17:56","date_gmt":"2022-09-30T15:17:56","guid":{"rendered":"https:\/\/nextstationmorocco.com\/\/?page_id=134"},"modified":"2022-10-13T15:36:12","modified_gmt":"2022-10-13T15:36:12","slug":"5-jours-de-marrakech-a-merzouga","status":"publish","type":"page","link":"https:\/\/nextstationmorocco.com\/fr\/5-jours-de-marrakech-a-merzouga\/","title":{"rendered":"5 jours de Marrakech \u00e0 Merzouga"},"content":{"rendered":"<h3>Points forts du voyage<\/h3>\n<ul>\n<li>Villages berb\u00e8res.<\/li>\n<li>Tente nomade berb\u00e8re.<\/li>\n<li>Gorges du Dad\u00e8s, Todra<\/li>\n<li>Ouarzazate et Ait ben Haddou<\/li>\n<li>Col du Tichka 2660m<\/li>\n<\/ul>\n<p>Notre circuit priv\u00e9 au Maroc de Marrakech \u00e0 Merzouga vous donne la chance de voir le vrai d\u00e9sert de l&#8217;Erg Chebbi. Profitez d&#8217;une promenade \u00e0 dos de chameau et de l&#8217;exp\u00e9rience d&#8217;un camp dans le d\u00e9sert du Sahara. .<\/p>\n<h3>Itin\u00e9raire :<\/h3>\n<h4>Jour 1 &#8211; Marrakech &#8211; Tizi n Tichka &#8211; Gorges du Dad\u00e8s :<\/h4>\n<p>Notre voyage de 5 jours au Maroc commence aujourd&#8217;hui de Marrakech et nous voyageons par le col de Tizi n&#8217;Tichka, Pendant le transport vous appr\u00e9cierez les vues parfaites des montagnes et des villages berb\u00e8res. Nous nous arr\u00eaterons au site du patrimoine mondial d&#8217;Ait Benhaddou &#8211; cette kasbah a \u00e9t\u00e9 utilis\u00e9e comme toile de fond pour de nombreux films c\u00e9l\u00e8bres. Puis nous passerons par Ouarzazate et nous continuerons vers la Vall\u00e9e des Roses et la vall\u00e9e du Dad\u00e8s, o\u00f9 nous passerons la nuit dans un h\u00f4tel local.<\/p>\n<h4>Jour 2 &#8211; Gorges du Dad\u00e8s &#8211; Rissani &#8211; Merzouga :<\/h4>\n<p>Notre circuit au Maroc continue apr\u00e8s le petit-d\u00e9jeuner en direction des gorges du Todra &#8211; une faille massive, s&#8217;\u00e9levant \u00e0 300 m dans une vall\u00e9e \u00e9troite. Nous d\u00e9jeunerons ici, puis nous nous enfoncerons dans le d\u00e9sert jusqu&#8217;au petit village de Merzouga, en passant par Erfoud et Rissani. \u00c0 Merzouga, nous ferons une randonn\u00e9e \u00e0 dos de chameau dans le magnifique d\u00e9sert de l&#8217;Erg Chebbi. Nous passerons la nuit dans un camp dans le d\u00e9sert, et vous appr\u00e9cierez certainement un d\u00eener marocain.<\/p>\n<h4>Jour 3 &#8211; Circuit en 4&#215;4 dans le d\u00e9sert de Merzouga :<\/h4>\n<p>Notre voyage priv\u00e9 au Maroc continue le lendemain matin et apr\u00e8s le petit d\u00e9jeuner, nous explorerons la zone d\u00e9sertique locale en visitant le village de Khamlia &#8211; la maison du peuple Gnawi, \u00e0 l&#8217;origine des esclaves du Soudan et nous faisons l&#8217;exp\u00e9rience de leur musique et de leur mode de vie. Nous serons guid\u00e9s par un chamelier exp\u00e9riment\u00e9, et nous explorerons la myst\u00e9rieuse mer de sable de l&#8217;Erg-Chebbi avant de passer notre premi\u00e8re nuit \u00e0 la belle \u00e9toile dans une tente nomade berb\u00e8re traditionnelle. Le d\u00eener sera servi dans la tente o\u00f9 vous passerez cette nuit.<\/p>\n<h4>Jour 4 &#8211; Merzouga &#8211; Agdez &#8211; Ourzazatte :<\/h4>\n<p>Aujourd&#8217;hui, notre circuit priv\u00e9 de 5 jours au Maroc se poursuit en observant le lever du soleil sur les dunes. Nous chevaucherons des chameaux pour retourner \u00e0 l&#8217;h\u00f4tel \u00e0 Merzouga pour une douche et un petit d\u00e9jeuner. Ensuite, nous continuerons le circuit priv\u00e9 au Maroc vers la vall\u00e9e du Draa en passant par Tazarin et Nkob &#8211; qui est la capitale de la tribu berb\u00e8re Ait Atta. La vall\u00e9e du Draa est la plus longue vall\u00e9e du Maroc ,et fait environ 1100 km de long. Nous visiterons \u00e9galement Agdz, appel\u00e9e &#8220;la porte de la vall\u00e9e du Draa&#8221; et c\u00e9l\u00e8bre pour son march\u00e9 de dattes. Puis nous continuons vers Ouarzazatte o\u00f9 nous passons la nuit dans un riad traditionnel.<\/p>\n<h4>Jour 5 &#8211; Ourzazatte &#8211; col du Tichka &#8211; Marrakech :<\/h4>\n<p>Le dernier jour de notre voyage priv\u00e9 au Maroc de 5 jours, nous retournons \u00e0 Marrakech en passant par les montagnes du Haut Atlas.<\/p>\n<p><strong>CE QUI EST INCLUS ?<\/strong><\/p>\n<ul>\n<li>Tour en v\u00e9hicule 4&#215;4\/minibus avec A\/C<\/li>\n<li>Chauffeur\/Guide<\/li>\n<li>Guide parlant anglais et carburant.<\/li>\n<li>Les nuits d&#8217;h\u00f4tel (petit-d\u00e9jeuner et d\u00eener inclus).<\/li>\n<li>Promenade en chameau .<\/li>\n<li>1 nuit en camp dans le d\u00e9sert.<\/li>\n<\/ul>\n<p><strong>CE QUI N&#8217;EST PAS INCLUS ?<\/strong><\/p>\n<ul>\n<li>Les d\u00e9jeuners<\/li>\n<li>Boissons<\/li>\n<\/ul>\n","protected":false},"excerpt":{"rendered":"<p>Points forts du voyage Villages berb\u00e8res. Tente nomade berb\u00e8re. Gorges du Dad\u00e8s, Todra Ouarzazate et Ait ben Haddou Col du Tichka 2660m Notre circuit priv\u00e9 au<span class=\"excerpt-hellip\"> [\u2026]<\/span><\/p>\n","protected":false},"author":1,"featured_media":0,"parent":0,"menu_order":0,"comment_status":"closed","ping_status":"closed","template":"","meta":{"ngg_post_thumbnail":0,"footnotes":""},"class_list":["post-134","page","type-page","status-publish","hentry"],"_links":{"self":[{"href":"https:\/\/nextstationmorocco.com\/fr\/wp-json\/wp\/v2\/pages\/134","targetHints":{"allow":["GET"]}}],"collection":[{"href":"https:\/\/nextstationmorocco.com\/fr\/wp-json\/wp\/v2\/pages"}],"about":[{"href":"https:\/\/nextstationmorocco.com\/fr\/wp-json\/wp\/v2\/types\/page"}],"author":[{"embeddable":true,"href":"https:\/\/nextstationmorocco.com\/fr\/wp-json\/wp\/v2\/users\/1"}],"replies":[{"embeddable":true,"href":"https:\/\/nextstationmorocco.com\/fr\/wp-json\/wp\/v2\/comments?post=134"}],"version-history":[{"count":6,"href":"https:\/\/nextstationmorocco.com\/fr\/wp-json\/wp\/v2\/pages\/134\/revisions"}],"predecessor-version":[{"id":340,"href":"https:\/\/nextstationmorocco.com\/fr\/wp-json\/wp\/v2\/pages\/134\/revisions\/340"}],"wp:attachment":[{"href":"https:\/\/nextstationmorocco.com\/fr\/wp-json\/wp\/v2\/media?parent=134"}],"curies":[{"name":"wp","href":"https:\/\/api.w.org\/{rel}","templated":true}]}}