{"id":131,"date":"2022-09-30T15:01:45","date_gmt":"2022-09-30T15:01:45","guid":{"rendered":"https:\/\/nextstationmorocco.com\/\/?page_id=131"},"modified":"2022-10-13T15:31:39","modified_gmt":"2022-10-13T15:31:39","slug":"2-jours-dexcursion-dans-le-desert-de-marrakech-a-zagora","status":"publish","type":"page","link":"https:\/\/nextstationmorocco.com\/fr\/2-jours-dexcursion-dans-le-desert-de-marrakech-a-zagora\/","title":{"rendered":"2 jours d&#8217;excursion dans le d\u00e9sert de Marrakech \u00e0 Zagora"},"content":{"rendered":"<p>2 jours d&#8217;excursion dans le d\u00e9sert de Marrakech \u00e0 Zagora en passant par les montagnes, les Kasbahs, les Oasis, y compris une randonn\u00e9e \u00e0 dos de chameau pour le coucher et le lever du soleil et la nuit dans le d\u00e9sert.<\/p>\n<h3>Programme :<\/h3>\n<h4>Jour 1 : Marrakech &#8211; Montagnes de l&#8217;Atlas &#8211; Vall\u00e9e du Draa &#8211; Zagora (randonn\u00e9e \u00e0 dos de chameau et nuit dans le d\u00e9sert)<\/h4>\n<p>Nous commen\u00e7ons le voyage de 2 jours de Marrakech \u00e0 Zagora t\u00f4t le matin.<\/p>\n<p>Le 1er jour, nous viendrons vous chercher au riad, \u00e0 l&#8217;h\u00f4tel ou \u00e0 tout autre endroit de votre choix. Nous vous demandons d&#8217;\u00eatre effectivement pr\u00eat avant 7h00 du matin.<\/p>\n<p>D\u00e9part de Marrakech et travers\u00e9e des montagnes du Haut Atlas et du col de Tizi n&#8217;Tichka, nous aurons le temps de faire une pause et d&#8217;appr\u00e9cier les panoramas impressionnants et les villages berb\u00e8res, et nous profiterons de l&#8217;occasion pour visiter le site du patrimoine universel de la Kasbah d&#8217;Ait Benhaddou tel qu&#8217;il a \u00e9t\u00e9 identifi\u00e9 par l&#8217;UNESCO en 1987. Apr\u00e8s le d\u00e9jeuner, vous serez conduits vers le sud et traverserez le deuxi\u00e8me col qui est Tizi N&#8217;Tnifift \u00e0 1710m et le village d&#8217;Ait Saoun, l&#8217;ancienne route des caravanes pour les marchands du Sahara arrivant de &#8220;Tombouktou&#8221;, vous atteindrez le centre administratif nomm\u00e9 &#8220;Agdez Village&#8221; qui retrace la source de la vall\u00e9e du Draa avec ses 6 palmeraies en s\u00e9rie (Mezguita palmary, Fezouata&#8230;) et ses Kasbahs&#8230;<\/p>\n<p>Une fois arriv\u00e9s \u00e0 Zagora nous irons monter les chameaux qui nous attendent pour une magnifique aventure dans le Sahara, quand nous atteindrons le campement, et d\u00eenerons, alors vous serez invit\u00e9s \u00e0 une musique festive de tambours au milieu du Sahara et nous passerons la nuit dans des tentes nomades.<\/p>\n<h4>Jour 2 : Zagora &#8211; Ouarzazate &#8211; Kasbah Ait Ben Haddou &#8211; Montagnes de l&#8217;Atlas &#8211; Marrakech<\/h4>\n<p>Nous nous r\u00e9veillerons t\u00f4t le matin dans le 2\u00e8me jour de notre voyage pour regarder le lever du soleil dans le d\u00e9sert, apr\u00e8s avoir pris le petit d\u00e9jeuner et la douche, nous voyagerons \u00e0 dos de chameaux, puis nous retournerons \u00e0 Marrakech, bien s\u00fbr, nous aurons de nombreux arr\u00eats pour profiter des vues magnifiques et prendre du th\u00e9. Nous retournons \u00e0 Marrakech vers 18h00 ou 19h00 o\u00f9 vous pouvez vous attendre \u00e0 revenir.<\/p>\n<p><strong>Ce qui est inclus :<\/strong><\/p>\n<ul>\n<li>Ramassage \u00e0 l&#8217;h\u00f4tel \u00e0 Marrakech le matin de la visite.<\/li>\n<li>V\u00e9hicule moderne et climatis\u00e9<\/li>\n<li>Visite de la Kasbah Ait Ben Haddou<\/li>\n<li>Randonn\u00e9e \u00e0 dos de chameau de Zagora au camp du d\u00e9sert et retour.<\/li>\n<li>1 nuit dans un camp traditionnel standard dans le d\u00e9sert<\/li>\n<li>Petits d\u00e9jeuners et repas du soir<\/li>\n<\/ul>\n<p><strong>Ce qui n&#8217;est pas inclus :<\/strong><\/p>\n<ul>\n<li>Achats personnels, boissons, d\u00e9jeuner, pourboires (guide d&#8217;Ait Ben Haddou g\u00e9n\u00e9ralement 3 Eur).<\/li>\n<\/ul>\n","protected":false},"excerpt":{"rendered":"<p>2 jours d&#8217;excursion dans le d\u00e9sert de Marrakech \u00e0 Zagora en passant par les montagnes, les Kasbahs, les Oasis, y compris une randonn\u00e9e \u00e0 dos de<span class=\"excerpt-hellip\"> [\u2026]<\/span><\/p>\n","protected":false},"author":1,"featured_media":0,"parent":0,"menu_order":0,"comment_status":"closed","ping_status":"closed","template":"","meta":{"ngg_post_thumbnail":0,"footnotes":""},"class_list":["post-131","page","type-page","status-publish","hentry"],"_links":{"self":[{"href":"https:\/\/nextstationmorocco.com\/fr\/wp-json\/wp\/v2\/pages\/131","targetHints":{"allow":["GET"]}}],"collection":[{"href":"https:\/\/nextstationmorocco.com\/fr\/wp-json\/wp\/v2\/pages"}],"about":[{"href":"https:\/\/nextstationmorocco.com\/fr\/wp-json\/wp\/v2\/types\/page"}],"author":[{"embeddable":true,"href":"https:\/\/nextstationmorocco.com\/fr\/wp-json\/wp\/v2\/users\/1"}],"replies":[{"embeddable":true,"href":"https:\/\/nextstationmorocco.com\/fr\/wp-json\/wp\/v2\/comments?post=131"}],"version-history":[{"count":5,"href":"https:\/\/nextstationmorocco.com\/fr\/wp-json\/wp\/v2\/pages\/131\/revisions"}],"predecessor-version":[{"id":334,"href":"https:\/\/nextstationmorocco.com\/fr\/wp-json\/wp\/v2\/pages\/131\/revisions\/334"}],"wp:attachment":[{"href":"https:\/\/nextstationmorocco.com\/fr\/wp-json\/wp\/v2\/media?parent=131"}],"curies":[{"name":"wp","href":"https:\/\/api.w.org\/{rel}","templated":true}]}}