{"id":129,"date":"2022-09-30T14:50:15","date_gmt":"2022-09-30T14:50:15","guid":{"rendered":"https:\/\/nextstationmorocco.com\/\/?page_id=129"},"modified":"2022-10-13T15:30:36","modified_gmt":"2022-10-13T15:30:36","slug":"10-jours-dans-le-desert-vers-les-villes-imperiales-a-partir-de-casablanca","status":"publish","type":"page","link":"https:\/\/nextstationmorocco.com\/fr\/10-jours-dans-le-desert-vers-les-villes-imperiales-a-partir-de-casablanca\/","title":{"rendered":"10 jours dans le d\u00e9sert vers les villes imp\u00e9riales \u00e0 partir de casablanca"},"content":{"rendered":"<p>Au cours de cette visite de dix jours au Maroc, le premier jour commence par un tour panoramique de Casablanca pour explorer les principales attractions, explorer la ville de Mekn\u00e8s, d\u00e9couvrir les portes de la belle ville, et explorer l&#8217;ancienne ville de F\u00e8s et tout le reste. Lieux int\u00e9ressants : la vieille ville, le march\u00e9 central, les souks de Marrakech et leurs magnifiques jardins, l&#8217;ancienne Essaouira \u00e0 Mogador, et un repas de poisson marocain dans le vieux port. Voyagez dans la beaut\u00e9 du d\u00e9sert, explorez les Kasbah, traversez les vall\u00e9es, profitez d&#8217;une nuit sur le champ du d\u00e9sert, et admirez le magnifique coucher de soleil sur les dunes dor\u00e9es.<\/p>\n<h3>Itin\u00e9raire pour le circuit de 10 jours dans le d\u00e9sert vers les villes imp\u00e9riales depuis Casablanca<\/h3>\n<h4>1er jour : a\u00e9roport &#8211; Casablanca<\/h4>\n<p>Votre circuit priv\u00e9 au Maroc commence par le transfert de l&#8217;a\u00e9roport \u00e0 votre h\u00f4tel \u00e0 Casablanca. Votre visite sur le site du voyage aujourd&#8217;hui d\u00e9pend de votre heure d&#8217;arriv\u00e9e. Si le temps le permet, nous pouvons explorer une poign\u00e9e d&#8217;attractions \u00e0 Casablanca, comme la mosqu\u00e9e Hassan II, le Grand Maghreb, et la plage voisine.<\/p>\n<h4>Jour 2 : Casablanca &#8211; Mekn\u00e8s &#8211; Volubilis &#8211; F\u00e8s<\/h4>\n<p>Ce matin, nous pouvons terminer les attractions de Casablanca, qui n&#8217;ont pas \u00e9t\u00e9 permises par la m\u00e9t\u00e9o le premier jour. Apr\u00e8s le d\u00e9jeuner \u00e0 Medina, nous nous dirigeons vers Mekn\u00e8s, l&#8217;ancienne ville imp\u00e9riale entour\u00e9e par l&#8217;une des plus prestigieuses r\u00e9gions viticoles du Maroc. Apr\u00e8s une courte pause \u00e0 Mekn\u00e8s, nous nous dirigerons vers les anciennes ruines romaines de Volubilis. Vous avez le temps d&#8217;explorer les monuments et les mosa\u00efques par vous-m\u00eame ou d&#8217;engager un guide local. Nous continuons ensuite vers F\u00e8s, o\u00f9 nous passerons la nuit dans un riad\/h\u00f4tel local.<\/p>\n<h4>Jour 3 : exploration de la ville de F\u00e8s avec des guides<\/h4>\n<p>Aujourd&#8217;hui, c&#8217;est consacr\u00e9 au tourisme \u00e0 F\u00e8s, la capitale spirituelle du Maroc. La ville m\u00e9di\u00e9vale, la fontaine du charpentier, le mausol\u00e9e de Moulay Idriss et la mosqu\u00e9e Al-Qarawiyyin (visites ext\u00e9rieures uniquement). Vous pourrez d\u00e9jeuner dans un restaurant traditionnel au c\u0153ur de la vieille ville, et apr\u00e8s un apr\u00e8s-midi, visite des souks et d&#8217;un nouveau Fez (Nueva Fee), retour \u00e0 votre h\u00f4tel.<\/p>\n<h4>Jour 4 : F\u00e8s &#8211; Ifrane &#8211; Midelt &#8211; Erfoud &#8211; Risani &#8211; D\u00e9sert de Merzouga<\/h4>\n<p>Aujourd&#8217;hui, nous nous rendrons \u00e0 Ifrane apr\u00e8s le petit-d\u00e9jeuner. Ifrane est connu comme &#8220;la Suisse au Maroc&#8221;. Nous continuons vers Midelt puis passons la vall\u00e9e du Ziz pour atteindre la ville d&#8217;Erfoud. Erfoud est c\u00e9l\u00e8bre pour ses produits fossiles locaux. Il est \u00e9galement possible de s&#8217;arr\u00eater pour mieux conna\u00eetre la r\u00e9gion et les fossiles. Apr\u00e8s Erfoud, nous nous dirigeons vers l&#8217;ancienne ville de Rizani pour explorer ses march\u00e9s. Ce soir, le voyage se termine \u00e0 Merzouga, o\u00f9 nous passerons la nuit dans un h\u00f4tel au bord des dunes du d\u00e9sert.<\/p>\n<h4>jour 5 : visite du d\u00e9sert et randonn\u00e9e \u00e0 dos de chameau jusqu&#8217;au camp du d\u00e9sert<\/h4>\n<p>Aujourd&#8217;hui, apr\u00e8s le petit-d\u00e9jeuner, nous nous dirigeons vers un poste de contr\u00f4le dans le d\u00e9sert de Merzouga. \u00c0 l&#8217;arriv\u00e9e, nous changeons notre SUV pour un chameau (facultatif). Laissez-vous guider par un expert en beaut\u00e9 et explorez la r\u00e9gion autour d&#8217;Arj Al-Shabibi. Il faut environ 90 minutes pour atteindre le camp. Une fois sur place, nous profitons du coucher de soleil sur les dunes. Au cr\u00e9puscule, d\u00eener servi au coin du feu. Nuit dans des tentes berb\u00e8res traditionnelles sous le ciel du d\u00e9sert.<\/p>\n<h4>Jour 6 : D\u00e9sert de Merzouga &#8211; Todra &#8211; Dad\u00e8s<\/h4>\n<p>Nous nous levons t\u00f4t ce matin pour assister au lever du soleil sur les dunes avant d&#8217;arriver \u00e0 un h\u00f4tel local pour se d\u00e9tendre et prendre le petit-d\u00e9jeuner. Ensuite, nous nous dirigerons vers Todra George via Rizani et Tinghir. Le col le plus haut et le plus \u00e9troit du Maroc. Apr\u00e8s le d\u00e9jeuner dans les gorges, nous traverserons le Dades. Nous nous arr\u00eaterons pour profiter de la caract\u00e9ristique g\u00e9ologique connue localement sous le nom de &#8220;doigts de singe&#8221;. Nous passons la nuit \u00e0 Dades ce soir.<\/p>\n<h4>Jour 7 : Gorges du Dad\u00e8s &#8211; Ouarzazate &#8211; Ait Ben Haddou &#8211; Marrakech<\/h4>\n<p>Le circuit priv\u00e9 d&#8217;aujourd&#8217;hui se poursuit par une excursion au ch\u00e2teau d&#8217;El Majouna, \u00e0 Ouarzazate, connu sous le nom de &#8220;Hollywood africain&#8221;. Ici, nous pouvons visiter le studio de cin\u00e9ma local et la Kasbah (Fortaleza). Puis nous nous rendons \u00e0 Ait Ben Haddou pour visiter la Kasbah locale, la plus grande Kasbah du Maroc, et le site du patrimoine mondial de l&#8217;UNESCO. Nous continuons le Haut Atlas jusqu&#8217;\u00e0 Marrakech, o\u00f9 nous passerons la nuit.<\/p>\n<h4>Jour 8 : Tour de Marrakech<\/h4>\n<p>La journ\u00e9e est enti\u00e8rement consacr\u00e9e \u00e0 Marrakech. Vous explorerez les principales attractions de la ville, notamment la c\u00e9l\u00e8bre place Jemaa El Fna, la mosqu\u00e9e Koutoubia, les march\u00e9s, les palais et les mus\u00e9es. Nous explorerons \u00e9galement des quartiers de la ville tels que Kellys, les jardins du phare et le mus\u00e9e Majorelle. Apr\u00e8s le d\u00e9jeuner dans un restaurant local, vous avez la possibilit\u00e9 d&#8217;explorer la ville \u00e0 votre guise. Retournez \u00e0 la place Jemaa El Fna pour d\u00eener dans l&#8217;un des nombreux stands de nourriture, ou peut-\u00eatre dans un hammam ou les deux. Avant de retourner \u00e0 votre h\u00f4tel\/riad \u00e0 Marrakech.<\/p>\n<h4>Jour 9 : Marrakech &#8211; Essaouira (excursion d&#8217;une journ\u00e9e)<\/h4>\n<p>Aujourd&#8217;hui, nous ferons une visite guid\u00e9e de la belle ville d&#8217;Essaouira, une ville historique sur la c\u00f4te atlantique avec des murs du 18\u00e8me si\u00e8cle appel\u00e9s Scala de la Casbah et une ville plus reposante. Nous retournons ensuite \u00e0 votre h\u00f4tel\/sport \u00e0 Marrakech le dernier soir.<\/p>\n<h4>Jour 10 : Marrakech \u00e0 l&#8217;a\u00e9roport de Casablanca<\/h4>\n<p>Aujourd&#8217;hui, nous nous rendons \u00e0 Casablanca, o\u00f9 le circuit prend fin.<\/p>\n<p><strong>Inclus dans le circuit de 10 jours dans le d\u00e9sert vers les villes imp\u00e9riales depuis Casablanca<\/strong><\/p>\n<ul>\n<li>Un 4&#215;4 ou Minivan climatis\u00e9,<\/li>\n<li>Une randonn\u00e9e \u00e0 dos de chameau avec nuit dans un camp de luxe avec salle de bain et douche attenantes.<\/li>\n<li>Chauffeur parlant anglais\/fran\u00e7ais\/espagnol pendant l&#8217;excursion.<\/li>\n<li>Chambres\/tentes priv\u00e9es<\/li>\n<li>H\u00f4tels<\/li>\n<li>D\u00eener<\/li>\n<li>Prise en charge et retour \u00e0 votre h\u00e9bergement \u00e0 Marrakech<\/li>\n<\/ul>\n","protected":false},"excerpt":{"rendered":"<p>Au cours de cette visite de dix jours au Maroc, le premier jour commence par un tour panoramique de Casablanca pour explorer les principales attractions, explorer<span class=\"excerpt-hellip\"> [\u2026]<\/span><\/p>\n","protected":false},"author":1,"featured_media":0,"parent":0,"menu_order":0,"comment_status":"closed","ping_status":"closed","template":"","meta":{"ngg_post_thumbnail":0,"footnotes":""},"class_list":["post-129","page","type-page","status-publish","hentry"],"_links":{"self":[{"href":"https:\/\/nextstationmorocco.com\/fr\/wp-json\/wp\/v2\/pages\/129","targetHints":{"allow":["GET"]}}],"collection":[{"href":"https:\/\/nextstationmorocco.com\/fr\/wp-json\/wp\/v2\/pages"}],"about":[{"href":"https:\/\/nextstationmorocco.com\/fr\/wp-json\/wp\/v2\/types\/page"}],"author":[{"embeddable":true,"href":"https:\/\/nextstationmorocco.com\/fr\/wp-json\/wp\/v2\/users\/1"}],"replies":[{"embeddable":true,"href":"https:\/\/nextstationmorocco.com\/fr\/wp-json\/wp\/v2\/comments?post=129"}],"version-history":[{"count":5,"href":"https:\/\/nextstationmorocco.com\/fr\/wp-json\/wp\/v2\/pages\/129\/revisions"}],"predecessor-version":[{"id":332,"href":"https:\/\/nextstationmorocco.com\/fr\/wp-json\/wp\/v2\/pages\/129\/revisions\/332"}],"wp:attachment":[{"href":"https:\/\/nextstationmorocco.com\/fr\/wp-json\/wp\/v2\/media?parent=129"}],"curies":[{"name":"wp","href":"https:\/\/api.w.org\/{rel}","templated":true}]}}