{"id":127,"date":"2022-09-30T14:49:17","date_gmt":"2022-09-30T14:49:17","guid":{"rendered":"https:\/\/nextstationmorocco.com\/\/?page_id=127"},"modified":"2022-10-13T15:35:22","modified_gmt":"2022-10-13T15:35:22","slug":"6-jours-dans-les-villes-imperiales-et-le-desert-du-sahara-au-depart-de-casablanca","status":"publish","type":"page","link":"https:\/\/nextstationmorocco.com\/fr\/6-jours-dans-les-villes-imperiales-et-le-desert-du-sahara-au-depart-de-casablanca\/","title":{"rendered":"6 jours dans les villes imp\u00e9riales et le d\u00e9sert du Sahara au d\u00e9part de Casablanca."},"content":{"rendered":"<p>Explorez avec l&#8217;agence de voyage Maroc les villes imp\u00e9riales marocaines qui marchent le long de la rue \u00e9troite de F\u00e8s et Marrakech et appr\u00e9ciez les march\u00e9s color\u00e9s. Profitez de la culture et des traditions marocaines en six jours apr\u00e8s le circuit culturel et le d\u00e9part de Casablanca et visitez les belles villes imp\u00e9riales de F\u00e8s, Mekn\u00e8s, Rabat et Marrakech. Explorez le d\u00e9sert, les dunes, les balades \u00e0 dos de chameau, d\u00e9couvrez le patrimoine mondial de la Kasbah, et profitez de l&#8217;hospitalit\u00e9 marocaine et de la d\u00e9licieuse cuisine marocaine pendant la visite.<\/p>\n<h3>Itin\u00e9raire :<\/h3>\n<h4>Jour 1 : Casablanca &#8211; Rabat &#8211; Mekn\u00e8s &#8211; F\u00e8s<\/h4>\n<p>La visite commence avec le chauffeur qui viendra vous chercher \u00e0 votre h\u00f4tel \u00e0 Casablanca. Nous explorerons les principaux sites culturels avant de nous rendre \u00e0 Rabat pour une br\u00e8ve visite de la ville. Puis nous continuons par Mekn\u00e8s jusqu&#8217;\u00e0 F\u00e8s, o\u00f9 nous passons la nuit dans un riad\/h\u00f4tel.<\/p>\n<h4>Jour 2 : visite de F\u00e8s<\/h4>\n<p>Aujourd&#8217;hui, nous explorons pour la premi\u00e8re fois la plus vieille ville du Maroc avec ses rues \u00e9troites et tortueuses. Nous commen\u00e7ons par visiter la porte du palais royal, puis le quartier juif, o\u00f9 le premier marin marocain a construit au 16\u00e8me si\u00e8cle. Nous veillerons \u00e0 visiter tous les lieux d&#8217;int\u00e9r\u00eat historique et culturel, dont la c\u00e9l\u00e8bre universit\u00e9 Al-Karaouine, la plus ancienne de la r\u00e9gion. Nous visiterons \u00e9galement les tanneries de Moulay Idriss, le mus\u00e9e du parfum, et le mausol\u00e9e. Apr\u00e8s le d\u00e9jeuner, vous visiterez diff\u00e9rentes coop\u00e9ratives, puis vous aurez une magnifique vue panoramique de toute la ville de F\u00e8s dans votre riad avant la fin de la nuit.<\/p>\n<h4>Jour 3 : De F\u00e8s au d\u00e9sert<\/h4>\n<p>La visite se poursuit par une excursion \u00e0 Azrou, o\u00f9 nous explorons la for\u00eat de c\u00e8dres, habitat du macaque berb\u00e8re. De l\u00e0, notre voyage m\u00e8ne \u00e0 Midelt et \u00e0 la vall\u00e9e du Ziz, avec un court arr\u00eat pour le d\u00e9jeuner\/la boisson \u00e0 Erfoud. Suivez Rissani, et vous atteindrez finalement Merzouga. D\u00e8s notre arriv\u00e9e, nous changerons de chameau 4\u00d74 (facultatif) sous la direction du guide chamelier expert et explorerons la r\u00e9gion autour de Erg Chebbi. Il faudra environ 90 minutes pour atteindre le camp, et nous profiterons d&#8217;un magnifique coucher de soleil dans les dunes. A la tomb\u00e9e de la nuit, d\u00eener servi autour du feu. Cette nuit, nous la passerons dans les tentes barbares dans le d\u00e9sert.<\/p>\n<h4>Jour 4 : D\u00e9sert de Marzouga &#8211; Risani &#8211; Gorges du Dad\u00e8s<\/h4>\n<p>Nous chercherons \u00e0 partir t\u00f4t pour voir le lever du soleil sur les dunes avant d&#8217;arriver \u00e0 un h\u00f4tel local pour nous d\u00e9tendre. Apr\u00e8s le petit-d\u00e9jeuner, nous traverserons Raisani et Tinghir en direction du d\u00e9troit de Todra. Le passage le plus haut et le plus \u00e9troit du Maroc. Apr\u00e8s le d\u00e9jeuner dans la gorge, nous traversons le Dadestal pour profiter de la caract\u00e9ristique g\u00e9ologique connue sous le nom de &#8220;doigt de singe&#8221;. Nous passerons la nuit dans la vall\u00e9e du Dad\u00e8s, avec d\u00eener et petit-d\u00e9jeuner libres le lendemain matin.<\/p>\n<h4>Jour 5 : Gorges du Dad\u00e8s &#8211; Ait Ben Haddou &#8211; Tizi In Tikka &#8211; Marrakech<\/h4>\n<p>Notre circuit priv\u00e9 se poursuit par une excursion \u00e0 Ouarzazate, connue sous le nom de &#8220;Hollywood de l&#8217;Afrique&#8221;. Ici, nous pouvons visiter le studio de cin\u00e9ma local et la Kasbah (forteresse). Ensuite, nous irons \u00e0 Ait Ben Haddou pour visiter la Kasbah locale, la plus grande Kasbah du Maroc, et un site du patrimoine mondial de l&#8217;UNESCO. Patrimoine mondial de l&#8217;UNESCO. Nous continuons \u00e0 travers les montagnes du Haut Atlas \u00e0 Marrakech,<br \/>\no\u00f9 nous passons la nuit dans un riad traditionnel de la ville.<\/p>\n<h4>Jour 6 &#8211; MARRAKECH \u00e0 Casablanca<\/h4>\n<p>Apr\u00e8s le petit-d\u00e9jeuner, nous explorons Marrakech, la &#8220;ville rouge du Maroc&#8221;. La visite comprend la d\u00e9couverte des jardins Majorelle, de la Tour Koutoubia, des tombeaux Saadiens et du Palais Bahia. L&#8217;apr\u00e8s-midi, vous avez la possibilit\u00e9 de vous promener dans la ville ou de participer \u00e0 d&#8217;autres activit\u00e9s avant de retourner \u00e0 Casablanca.<\/p>\n<p><strong>Inclus pendant les 4 jours de conseils au d\u00e9part de Marrakech<\/strong><\/p>\n<ul>\n<li>Un 4&#215;4 ou Minivan climatis\u00e9,<\/li>\n<li>Randonn\u00e9e \u00e0 dos de chameau pour passer la nuit dans un camp de luxe avec salle de bain et douche attenantes.<\/li>\n<li>Chauffeur parlant anglais\/fran\u00e7ais\/espagnol pendant l&#8217;excursion<\/li>\n<li>Chambres\/tentes priv\u00e9es<\/li>\n<li>H\u00f4tels<\/li>\n<li>D\u00eener<\/li>\n<li>Prise en charge et retour \u00e0 votre h\u00e9bergement \u00e0 Marrakech<\/li>\n<\/ul>\n","protected":false},"excerpt":{"rendered":"<p>Explorez avec l&#8217;agence de voyage Maroc les villes imp\u00e9riales marocaines qui marchent le long de la rue \u00e9troite de F\u00e8s et Marrakech et appr\u00e9ciez les march\u00e9s<span class=\"excerpt-hellip\"> [\u2026]<\/span><\/p>\n","protected":false},"author":1,"featured_media":0,"parent":0,"menu_order":0,"comment_status":"closed","ping_status":"closed","template":"","meta":{"ngg_post_thumbnail":0,"footnotes":""},"class_list":["post-127","page","type-page","status-publish","hentry"],"_links":{"self":[{"href":"https:\/\/nextstationmorocco.com\/fr\/wp-json\/wp\/v2\/pages\/127","targetHints":{"allow":["GET"]}}],"collection":[{"href":"https:\/\/nextstationmorocco.com\/fr\/wp-json\/wp\/v2\/pages"}],"about":[{"href":"https:\/\/nextstationmorocco.com\/fr\/wp-json\/wp\/v2\/types\/page"}],"author":[{"embeddable":true,"href":"https:\/\/nextstationmorocco.com\/fr\/wp-json\/wp\/v2\/users\/1"}],"replies":[{"embeddable":true,"href":"https:\/\/nextstationmorocco.com\/fr\/wp-json\/wp\/v2\/comments?post=127"}],"version-history":[{"count":5,"href":"https:\/\/nextstationmorocco.com\/fr\/wp-json\/wp\/v2\/pages\/127\/revisions"}],"predecessor-version":[{"id":339,"href":"https:\/\/nextstationmorocco.com\/fr\/wp-json\/wp\/v2\/pages\/127\/revisions\/339"}],"wp:attachment":[{"href":"https:\/\/nextstationmorocco.com\/fr\/wp-json\/wp\/v2\/media?parent=127"}],"curies":[{"name":"wp","href":"https:\/\/api.w.org\/{rel}","templated":true}]}}