{"id":125,"date":"2022-09-30T14:48:26","date_gmt":"2022-09-30T14:48:26","guid":{"rendered":"https:\/\/nextstationmorocco.com\/\/?page_id=125"},"modified":"2022-10-13T15:38:00","modified_gmt":"2022-10-13T15:38:00","slug":"5-jours-a-la-decouverte-des-villes-imperiales-du-maroc-depuis-casablanca","status":"publish","type":"page","link":"https:\/\/nextstationmorocco.com\/fr\/5-jours-a-la-decouverte-des-villes-imperiales-du-maroc-depuis-casablanca\/","title":{"rendered":"5 jours \u00e0 la d\u00e9couverte des villes imp\u00e9riales du Maroc depuis Casablanca"},"content":{"rendered":"<p>Nous allons voyager \u00e0 travers les villes imp\u00e9riales du Maroc, o\u00f9 l&#8217;originalit\u00e9 se combine avec l&#8217;architecture moderne et ancienne. Et ce circuit culturel de 5 jours commence \u00e0 Casablanca avec la plus grande mosqu\u00e9e Hassan II ; \u00e0 Mekn\u00e8s avec ses belles portes et ses grands murs ; \u00e0 F\u00e8s, la plus ancienne ville imp\u00e9riale et la capitale culturelle et spirituelle du Maroc avec son labyrinthe et ses march\u00e9s color\u00e9s. Enfin, la capitale du Maroc (Rabat) est id\u00e9ale pour explorer les tombes royales, les monuments culturels et les palais.<\/p>\n<h3>Itin\u00e9raire :<\/h3>\n<h4>Jour 1 : de l&#8217;a\u00e9roport \u00e0 Casablanca<\/h4>\n<p>Notre circuit priv\u00e9 commence par le transfert de l&#8217;a\u00e9roport \u00e0 votre h\u00f4tel \u00e0 Casablanca, o\u00f9 vous recevrez un repas gratuit. La journ\u00e9e d\u00e9pend de l&#8217;heure d&#8217;arriv\u00e9e. En fonction du temps, nous pouvons explorer quelques attractions touristiques de Casablanca, comme la mosqu\u00e9e Hassan II, le centre commercial marocain et la plage voisine, puis les transf\u00e9rer \u00e0 l&#8217;h\u00f4tel.<\/p>\n<h4>Jour 2 : Casablanca &#8211; Mekn\u00e8s &#8211; F\u00e8s<\/h4>\n<p>Apr\u00e8s le petit-d\u00e9jeuner, nous nous rendrons \u00e0 Rabat, la capitale administrative du Maroc. Notre matin\u00e9e consiste en une visite du Palais Royal, du Jardin, de la Kasbah du Retour, du Mausol\u00e9e de Muhammad V, et de la Mosqu\u00e9e de la Tour Hassan. Puis nous continuons vers Mekn\u00e8s, et dans l&#8217;apr\u00e8s-midi, nous visitons la capitale du Maroc isma\u00e9lien, qui comprend la muraille la plus massive du Maroc. La c\u00e9l\u00e8bre porte Bab Al-Mansour. Nous visiterons \u00e9galement les \u00e9curies royales et le quartier juif. De l\u00e0, nous continuerons vers votre h\u00f4tel \u00e0 F\u00e8s en passant par la ville sacr\u00e9e de Moulay Idriss, apr\u00e8s les ruines de la ville romaine de Volubilis, o\u00f9 nous pourrons nous arr\u00eater pour prendre des photos, puis nous continuerons vers F\u00e8s et son h\u00e9bergement.<\/p>\n<h4>Jour 3 : visite de F\u00e8s<\/h4>\n<p>Cette journ\u00e9e est consacr\u00e9e \u00e0 la visite de F\u00e8s, la capitale spirituelle. Il serait pr\u00e9f\u00e9rable que vous visitiez les lieux suivants : la ville m\u00e9di\u00e9vale, la fontaine des charpentiers, le mausol\u00e9e Moulay Idriss et la mosqu\u00e9e Al-Qarawiyyin (visites externes uniquement). Vous pourrez d\u00e9jeuner dans un restaurant traditionnel au c\u0153ur du centre historique. Apr\u00e8s un apr\u00e8s-midi dans les souks et un nouveau F\u00e8s, nous retournons \u00e0 votre h\u00f4tel.<\/p>\n<h4>Jour 4 : F\u00e8s &#8211; Rabat<\/h4>\n<p>Apr\u00e8s le petit-d\u00e9jeuner \u00e0 l&#8217;h\u00f4tel, nous partons \u00e0 la d\u00e9couverte de la capitale du Maroc (Rabat) et de ses sites culturels et terminons la journ\u00e9e \u00e0 l&#8217;h\u00f4tel.<\/p>\n<h4>Jour 5 : Rabat &#8211; Casablanca<\/h4>\n<p>Apr\u00e8s le petit-d\u00e9jeuner, nous sautons sur le chemin de Casablanca. \u00c0 l&#8217;arriv\u00e9e, vous pourrez d\u00e9jeuner dans un restaurant local. Dans l&#8217;apr\u00e8s-midi, visite du march\u00e9 central, du quartier des Habous, du Palais Royal, de la place Mohammed V, du quartier r\u00e9sidentiel d&#8217;Anfa et de la mosqu\u00e9e Hassan II et fin de la visite.<\/p>\n<p><strong>Inclus dans l&#8217;excursion de 5 jours \u00e0 la d\u00e9couverte des villes imp\u00e9riales du Maroc depuis Casablanca<\/strong><\/p>\n<ul>\n<li>Un 4&#215;4 ou Minivan climatis\u00e9,<\/li>\n<li>Randonn\u00e9e \u00e0 dos de chameau et nuit dans un camp de luxe avec salle de bain et douche attenantes.<\/li>\n<li>Chauffeur parlant anglais\/fran\u00e7ais\/espagnol pendant l&#8217;excursion.<\/li>\n<li>Chambres\/tentes priv\u00e9es<\/li>\n<li>H\u00f4tels<\/li>\n<li>D\u00eener<\/li>\n<li>Prise en charge et retour \u00e0 votre h\u00e9bergement \u00e0 Marrakech<\/li>\n<\/ul>\n","protected":false},"excerpt":{"rendered":"<p>Nous allons voyager \u00e0 travers les villes imp\u00e9riales du Maroc, o\u00f9 l&#8217;originalit\u00e9 se combine avec l&#8217;architecture moderne et ancienne. Et ce circuit culturel de 5 jours<span class=\"excerpt-hellip\"> [\u2026]<\/span><\/p>\n","protected":false},"author":1,"featured_media":0,"parent":0,"menu_order":0,"comment_status":"closed","ping_status":"closed","template":"","meta":{"ngg_post_thumbnail":0,"footnotes":""},"class_list":["post-125","page","type-page","status-publish","hentry"],"_links":{"self":[{"href":"https:\/\/nextstationmorocco.com\/fr\/wp-json\/wp\/v2\/pages\/125","targetHints":{"allow":["GET"]}}],"collection":[{"href":"https:\/\/nextstationmorocco.com\/fr\/wp-json\/wp\/v2\/pages"}],"about":[{"href":"https:\/\/nextstationmorocco.com\/fr\/wp-json\/wp\/v2\/types\/page"}],"author":[{"embeddable":true,"href":"https:\/\/nextstationmorocco.com\/fr\/wp-json\/wp\/v2\/users\/1"}],"replies":[{"embeddable":true,"href":"https:\/\/nextstationmorocco.com\/fr\/wp-json\/wp\/v2\/comments?post=125"}],"version-history":[{"count":5,"href":"https:\/\/nextstationmorocco.com\/fr\/wp-json\/wp\/v2\/pages\/125\/revisions"}],"predecessor-version":[{"id":342,"href":"https:\/\/nextstationmorocco.com\/fr\/wp-json\/wp\/v2\/pages\/125\/revisions\/342"}],"wp:attachment":[{"href":"https:\/\/nextstationmorocco.com\/fr\/wp-json\/wp\/v2\/media?parent=125"}],"curies":[{"name":"wp","href":"https:\/\/api.w.org\/{rel}","templated":true}]}}