{"id":123,"date":"2022-09-30T14:47:46","date_gmt":"2022-09-30T14:47:46","guid":{"rendered":"https:\/\/nextstationmorocco.com\/\/?page_id=123"},"modified":"2022-10-13T15:39:23","modified_gmt":"2022-10-13T15:39:23","slug":"4-jours-dexcursion-dans-le-desert-de-fes-a-marrakech","status":"publish","type":"page","link":"https:\/\/nextstationmorocco.com\/fr\/4-jours-dexcursion-dans-le-desert-de-fes-a-marrakech\/","title":{"rendered":"4 jours d&#8217;excursion dans le d\u00e9sert de F\u00e8s \u00e0 Marrakech"},"content":{"rendered":"<p>Vous pouvez faire un voyage de 4 jours dans le d\u00e9sert pour vivre l&#8217;esprit du d\u00e9sert avec un incroyable ciel \u00e9toil\u00e9 au c\u0153ur des dunes du d\u00e9sert. Montez sur un chameau pour explorer les dunes du d\u00e9sert et le mode de vie des barbares. Cette excursion dans le d\u00e9sert est parfaite pour ceux qui se rendent \u00e0 F\u00e8s et quittent Marrakech (ou vice versa). Le circuit peut vous recommander pour deux nuits et trois jours, mais nous vous conseillons de prendre un minimum de 3 nuits et quatre jours.<\/p>\n<h3>Itin\u00e9raire :<\/h3>\n<h4>Jour 1 : F\u00e8s &#8211; Midelt &#8211; Erfoud &#8211; Merzouga<\/h4>\n<p>Notre circuit priv\u00e9 commence par un voyage dans les montagnes de l&#8217;Atlas pour visiter les villages d&#8217;Ifrane, o\u00f9 nous avons l&#8217;occasion d&#8217;explorer la c\u00e9l\u00e8bre for\u00eat de c\u00e8dres, la maison des singes berb\u00e8res.<\/p>\n<p>Nous avons la possibilit\u00e9 de d\u00e9jeuner avant de traverser les montagnes de l&#8217;Atlas et en cours de route. Nous profitons d&#8217;une vue imprenable sur les paysages du Midelt avant d&#8217;arriver \u00e0 la vall\u00e9e de Jeju. Nous continuons ensuite vers Merzouga, o\u00f9 nous passons la nuit dans le Riyad local.<\/p>\n<h4>Jour 2 : visite du d\u00e9sert de Merzouga et balades \u00e0 dos de chameau<\/h4>\n<p>Aujourd&#8217;hui, nous explorons le d\u00e9sert autour des dunes de l&#8217;Erg Shabby. Vous avez l&#8217;occasion de voir le mode de vie nomade et l&#8217;excellent contraste du d\u00e9sert. Nous visiterons le village des agneaux noirs. O\u00f9 nous appr\u00e9cierons la musique Gnaoua. Pour le d\u00e9jeuner, nous d\u00e9gusterons une pizza berb\u00e8re traditionnelle dans l&#8217;ancienne capitale de Rissani. En fin d&#8217;apr\u00e8s-midi, nous monterons \u00e0 dos de chameau pour admirer le coucher de soleil sur les dunes et passerons la nuit dans un champ du d\u00e9sert. Nous prendrons un d\u00eener traditionnel au Tajine, boirons un d\u00e9licieux th\u00e9 \u00e0 la menthe local et \u00e9couterons de la musique berb\u00e8re classique au coin du feu, et regarderons les \u00e9toiles et la lune se lever dans le magnifique d\u00e9sert.<\/p>\n<h4>Jour 3 : Merzouga aux gorges du Dad\u00e8s<\/h4>\n<p>Nous commencerons bient\u00f4t \u00e0 prendre le soleil avant de nous rendre \u00e0 l&#8217;h\u00f4tel pour le petit-d\u00e9jeuner et une chance de nous rafra\u00eechir avant de poursuivre notre voyage vers Ouarzazate. En chemin, vous visiterez des villages berb\u00e8res et les ponts du Todra et du Dad\u00e8s. Nous passons la nuit dans un h\u00f4tel local dans la vall\u00e9e du Dad\u00e8s.<\/p>\n<h4>JOUR 4 : Gorges du Dad\u00e8s &#8211; Ouarzazate &#8211; Marrakech<\/h4>\n<p>Apr\u00e8s le petit-d\u00e9jeuner, nous poursuivrons notre voyage vers Ouarzazate en passant par des milliers de kasbahs. Nous nous arr\u00eaterons au ch\u00e2teau de Magna, la vall\u00e9e du Centre des Roses, connue pour son festival annuel des roses.<\/p>\n<p>Nous continuerons \u00e0 visiter le site du patrimoine mondial de l&#8217;UNESCO, le palais d&#8217;Ait Ben Haddou, connu pour avoir \u00e9t\u00e9 utilis\u00e9 comme lieu de tournage pour des films hollywoodiens tels que Lawrence d&#8217;Arabie, Gladiator, et la s\u00e9rie de jeux populaires Game of Thrones de la s\u00e9rie HBO.<\/p>\n<p>Ensuite, nous passerons par Tizi n Tichka pour rejoindre Marrakech, o\u00f9 notre circuit se termine.<\/p>\n<p><strong>Inclus pendant les 4 jours de conseils sur le d\u00e9sert de fes \u00e0 marrakech<\/strong><\/p>\n<ul>\n<li>Un 4&#215;4 ou Minivan climatis\u00e9,<\/li>\n<li>Randonn\u00e9e \u00e0 dos de chameau et nuit dans un camp de luxe avec salle de bain et douche attenantes.<\/li>\n<li>Chauffeur parlant anglais\/fran\u00e7ais\/espagnol pendant l&#8217;excursion.<\/li>\n<li>Chambres\/tentes priv\u00e9es<\/li>\n<li>H\u00f4tels<\/li>\n<li>D\u00eener et petit-d\u00e9jeuner<\/li>\n<li>Prise en charge et retour \u00e0 votre h\u00e9bergement \u00e0 Marrakech<\/li>\n<\/ul>\n","protected":false},"excerpt":{"rendered":"<p>Vous pouvez faire un voyage de 4 jours dans le d\u00e9sert pour vivre l&#8217;esprit du d\u00e9sert avec un incroyable ciel \u00e9toil\u00e9 au c\u0153ur des dunes du<span class=\"excerpt-hellip\"> [\u2026]<\/span><\/p>\n","protected":false},"author":1,"featured_media":0,"parent":0,"menu_order":0,"comment_status":"closed","ping_status":"closed","template":"","meta":{"ngg_post_thumbnail":0,"footnotes":""},"class_list":["post-123","page","type-page","status-publish","hentry"],"_links":{"self":[{"href":"https:\/\/nextstationmorocco.com\/fr\/wp-json\/wp\/v2\/pages\/123","targetHints":{"allow":["GET"]}}],"collection":[{"href":"https:\/\/nextstationmorocco.com\/fr\/wp-json\/wp\/v2\/pages"}],"about":[{"href":"https:\/\/nextstationmorocco.com\/fr\/wp-json\/wp\/v2\/types\/page"}],"author":[{"embeddable":true,"href":"https:\/\/nextstationmorocco.com\/fr\/wp-json\/wp\/v2\/users\/1"}],"replies":[{"embeddable":true,"href":"https:\/\/nextstationmorocco.com\/fr\/wp-json\/wp\/v2\/comments?post=123"}],"version-history":[{"count":5,"href":"https:\/\/nextstationmorocco.com\/fr\/wp-json\/wp\/v2\/pages\/123\/revisions"}],"predecessor-version":[{"id":345,"href":"https:\/\/nextstationmorocco.com\/fr\/wp-json\/wp\/v2\/pages\/123\/revisions\/345"}],"wp:attachment":[{"href":"https:\/\/nextstationmorocco.com\/fr\/wp-json\/wp\/v2\/media?parent=123"}],"curies":[{"name":"wp","href":"https:\/\/api.w.org\/{rel}","templated":true}]}}