{"id":121,"date":"2022-09-30T14:47:19","date_gmt":"2022-09-30T14:47:19","guid":{"rendered":"https:\/\/nextstationmorocco.com\/\/?page_id=121"},"modified":"2022-10-13T15:33:12","modified_gmt":"2022-10-13T15:33:12","slug":"3-jours-de-fes-au-desert-du-sahara","status":"publish","type":"page","link":"https:\/\/nextstationmorocco.com\/fr\/3-jours-de-fes-au-desert-du-sahara\/","title":{"rendered":"3 jours de F\u00e8s au d\u00e9sert du Sahara"},"content":{"rendered":"<p>Profitez d&#8217;un voyage de trois jours au c\u0153ur du sud du Maroc et profitez de la meilleure excursion dans le d\u00e9sert de F\u00e8s, qui nous m\u00e8ne aux dunes les plus massives du d\u00e9sert de Marzuka en passant par l&#8217;Atlas central, o\u00f9 vous pouvez voir des singes berb\u00e8res dans les arbres, ainsi qu&#8217;une oasis de palmiers verts et de paysages. De magnifiques villages berb\u00e8res naturels et originaux et la vall\u00e9e de Zhiz sont d&#8217;excellentes opportunit\u00e9s pour ceux qui aiment dormir \u00e0 la belle \u00e9toile dans les champs du d\u00e9sert et voir de la musique folklorique barbare.<\/p>\n<h3>Itin\u00e9raire :<\/h3>\n<h4>Jour 1 : F\u00e8s &#8211; Midelt &#8211; Erfoud &#8211; Merzouga<\/h4>\n<p>Notre circuit priv\u00e9 commence par la route vers les montagnes de l&#8217;Atlas pour visiter le village d&#8217;Ifran, o\u00f9 nous avons l&#8217;occasion d&#8217;explorer la c\u00e9l\u00e8bre for\u00eat de c\u00e8dres o\u00f9 vivent les singes berb\u00e8res. Puis nous traversons le col de Tiz Ntalgamt et la gorge de Ziz (ici nous pouvons mettre les photos et le th\u00e9 en monnaie locale) jusqu&#8217;\u00e0 Midelt.<\/p>\n<p>Notre itin\u00e9raire passe par l&#8217;oued Ziz, Erfoud, et Rissani. Une oasis de Saree que nous atteignons les dunes du d\u00e9sert \u00e0 Erg Shebby la nuit dans un petit riad local.<\/p>\n<h4>Jour 2 : excursion dans le d\u00e9sert de Merzouga<\/h4>\n<p>Aujourd&#8217;hui, nous explorons le d\u00e9sert autour des dunes de l&#8217;Erg Shabby. Vous aurez l&#8217;occasion de voir le mode de vie b\u00e9douin et le fort contraste du d\u00e9sert. Nous visiterons le village noir de Humailia, o\u00f9 nous serons occup\u00e9s par la musique des Gnaoua. Pour le d\u00e9jeuner, nous d\u00e9gusterons la traditionnelle pizza berb\u00e8re dans l&#8217;ancienne capitale de Rissani. Nous chevaucherons sur les dunes de chameaux et passerons la nuit dans le champ du d\u00e9sert.<\/p>\n<h4>Jour 3 : Merzouga &#8211; Midelt &#8211; F\u00e8s<\/h4>\n<p>Apr\u00e8s le petit-d\u00e9jeuner, nous retournons \u00e0 F\u00e8s. Nous nous arr\u00eatons pour une promenade \u00e0 la station foresti\u00e8re d&#8217;Azrow, o\u00f9 nous pouvons voir des singes sauvages (si nous avons de la chance). Avant de terminer notre circuit de trois jours, nous nous arr\u00eatons pour d\u00e9jeuner \u00e0 Midelt, une ville c\u00e9l\u00e8bre pour ses min\u00e9raux.<\/p>\n<p><strong>Inclus pendant les conseils de 3 jours de fes<\/strong><\/p>\n<ul>\n<li>Un 4&#215;4 ou Minivan climatis\u00e9,<\/li>\n<li>Randonn\u00e9e \u00e0 dos de chameau pour passer la nuit dans un camp de luxe avec salle de bain et douche attenantes.<\/li>\n<li>Chauffeur parlant anglais\/fran\u00e7ais\/espagnol pendant l&#8217;excursion.<\/li>\n<li>Chambres\/tentes priv\u00e9es<\/li>\n<li>H\u00f4tels<\/li>\n<li>D\u00eener et petit-d\u00e9jeuner<\/li>\n<li>Prise en charge et retour \u00e0 votre h\u00e9bergement \u00e0 Marrakech<\/li>\n<\/ul>\n","protected":false},"excerpt":{"rendered":"<p>Profitez d&#8217;un voyage de trois jours au c\u0153ur du sud du Maroc et profitez de la meilleure excursion dans le d\u00e9sert de F\u00e8s, qui nous m\u00e8ne<span class=\"excerpt-hellip\"> [\u2026]<\/span><\/p>\n","protected":false},"author":1,"featured_media":0,"parent":0,"menu_order":0,"comment_status":"closed","ping_status":"closed","template":"","meta":{"ngg_post_thumbnail":0,"footnotes":""},"class_list":["post-121","page","type-page","status-publish","hentry"],"_links":{"self":[{"href":"https:\/\/nextstationmorocco.com\/fr\/wp-json\/wp\/v2\/pages\/121","targetHints":{"allow":["GET"]}}],"collection":[{"href":"https:\/\/nextstationmorocco.com\/fr\/wp-json\/wp\/v2\/pages"}],"about":[{"href":"https:\/\/nextstationmorocco.com\/fr\/wp-json\/wp\/v2\/types\/page"}],"author":[{"embeddable":true,"href":"https:\/\/nextstationmorocco.com\/fr\/wp-json\/wp\/v2\/users\/1"}],"replies":[{"embeddable":true,"href":"https:\/\/nextstationmorocco.com\/fr\/wp-json\/wp\/v2\/comments?post=121"}],"version-history":[{"count":5,"href":"https:\/\/nextstationmorocco.com\/fr\/wp-json\/wp\/v2\/pages\/121\/revisions"}],"predecessor-version":[{"id":337,"href":"https:\/\/nextstationmorocco.com\/fr\/wp-json\/wp\/v2\/pages\/121\/revisions\/337"}],"wp:attachment":[{"href":"https:\/\/nextstationmorocco.com\/fr\/wp-json\/wp\/v2\/media?parent=121"}],"curies":[{"name":"wp","href":"https:\/\/api.w.org\/{rel}","templated":true}]}}