{"id":119,"date":"2022-09-30T14:46:39","date_gmt":"2022-09-30T14:46:39","guid":{"rendered":"https:\/\/nextstationmorocco.com\/\/?page_id=119"},"modified":"2022-10-13T15:32:07","modified_gmt":"2022-10-13T15:32:07","slug":"2-jours-de-fes-au-desert-du-sahara","status":"publish","type":"page","link":"https:\/\/nextstationmorocco.com\/fr\/2-jours-de-fes-au-desert-du-sahara\/","title":{"rendered":"2 jours de F\u00e8s au d\u00e9sert du Sahara"},"content":{"rendered":"<p>Vous pouvez profiter des meilleures excursions dans le d\u00e9sert \u00e0 partir de F\u00e8s et faire une excursion de deux jours au c\u0153ur du sud du Maroc. La route qui nous m\u00e8ne aux dunes les plus massives du d\u00e9sert danse Merzouga et traverse le Moyen Atlas o\u00f9 vous pouvez voir des singes barbares danser sur les arbres et profiter d&#8217;une oasis de palmiers verts, de beaux paysages, d&#8217;authentiques villages barbares et de villages. La vall\u00e9e du Ziz est une excellente occasion pour ceux qui aiment dormir dans les champs du d\u00e9sert sous les \u00e9toiles et la musique folklorique berb\u00e8re, et c&#8217;est un mode de vie diff\u00e9rent.<\/p>\n<h3>Itin\u00e9raire :<\/h3>\n<h4>Jour 1 : F\u00e8s &#8211; Midelt &#8211; Erfoud &#8211; Merzouga<\/h4>\n<p>Notre visite commence par une marche dans les montagnes de l&#8217;Atlas, o\u00f9 elle s&#8217;arr\u00eate pour visiter les villages d&#8217;Azrou et d&#8217;Ifrane, o\u00f9 nous avons l&#8217;occasion d&#8217;explorer la c\u00e9l\u00e8bre for\u00eat de c\u00e8dres, la maison des singes barbares.<\/p>\n<p>De l\u00e0, nous continuons vers Midelt, apr\u00e8s avoir pass\u00e9 Tiz Ntalghamt et la vall\u00e9e de Ziz (ici nous pouvons nous arr\u00eater pour prendre des photos et prendre un th\u00e9 \u00e0 la menthe local).<\/p>\n<p>Nous traversons ensuite l&#8217;oued Ziz, Erfoud et Rissani. Une oasis s&#8217;est arr\u00eat\u00e9e peu avant d&#8217;atteindre le d\u00e9sert. Une fois que nous arrivons aux dunes du d\u00e9sert d&#8217;Erg Chebbi, nous changerons pour des 4\u00d74 hybrides (en option) et nous nous rendrons \u00e0 notre camp dans le d\u00e9sert. Vous pourrez acc\u00e9der \u00e0 votre arriv\u00e9e, traditionnellement sans service, et le verser du magasin de musique au magasin et \u00e0 la d\u00e9coration au clair de lune.<\/p>\n<h4>Jour 2 : Merzouga &#8211; Midelt &#8211; Fes<\/h4>\n<p>Le dernier jour, nous avons commenc\u00e9 \u00e0 regarder le lever du soleil sur les dunes, puis conduire et conduire (en option) au village et profiter du petit d\u00e9jeuner gratuit \u00e0 l&#8217;h\u00f4tel. Vous appr\u00e9cierez le chemin de Rissani et Erfoud, mais nous nous arr\u00eaterons \u00e0 nouveau avant Ifrane puis F\u00e8s de mani\u00e8re plus continue.<\/p>\n<p><strong>Inclus pendant les 2 jours de conseils sur le d\u00e9sert \u00e0 partir de fes<\/strong><\/p>\n<ul>\n<li>Un 4&#215;4 ou Minivan climatis\u00e9,<\/li>\n<li>Randonn\u00e9e \u00e0 dos de chameau pour passer la nuit dans un campement de luxe avec salle de bain et douche attenantes.<\/li>\n<li>Chauffeur parlant anglais\/fran\u00e7ais\/espagnol pendant l&#8217;excursion.<\/li>\n<li>Chambres\/tentes priv\u00e9es<\/li>\n<li>H\u00f4tels<\/li>\n<li>D\u00eener et petit-d\u00e9jeuner<\/li>\n<li>Prise en charge et retour \u00e0 votre h\u00e9bergement \u00e0 Marrakech<\/li>\n<\/ul>\n","protected":false},"excerpt":{"rendered":"<p>Vous pouvez profiter des meilleures excursions dans le d\u00e9sert \u00e0 partir de F\u00e8s et faire une excursion de deux jours au c\u0153ur du sud du Maroc.<span class=\"excerpt-hellip\"> [\u2026]<\/span><\/p>\n","protected":false},"author":1,"featured_media":0,"parent":0,"menu_order":0,"comment_status":"closed","ping_status":"closed","template":"","meta":{"ngg_post_thumbnail":0,"footnotes":""},"class_list":["post-119","page","type-page","status-publish","hentry"],"_links":{"self":[{"href":"https:\/\/nextstationmorocco.com\/fr\/wp-json\/wp\/v2\/pages\/119","targetHints":{"allow":["GET"]}}],"collection":[{"href":"https:\/\/nextstationmorocco.com\/fr\/wp-json\/wp\/v2\/pages"}],"about":[{"href":"https:\/\/nextstationmorocco.com\/fr\/wp-json\/wp\/v2\/types\/page"}],"author":[{"embeddable":true,"href":"https:\/\/nextstationmorocco.com\/fr\/wp-json\/wp\/v2\/users\/1"}],"replies":[{"embeddable":true,"href":"https:\/\/nextstationmorocco.com\/fr\/wp-json\/wp\/v2\/comments?post=119"}],"version-history":[{"count":5,"href":"https:\/\/nextstationmorocco.com\/fr\/wp-json\/wp\/v2\/pages\/119\/revisions"}],"predecessor-version":[{"id":335,"href":"https:\/\/nextstationmorocco.com\/fr\/wp-json\/wp\/v2\/pages\/119\/revisions\/335"}],"wp:attachment":[{"href":"https:\/\/nextstationmorocco.com\/fr\/wp-json\/wp\/v2\/media?parent=119"}],"curies":[{"name":"wp","href":"https:\/\/api.w.org\/{rel}","templated":true}]}}