{"id":117,"date":"2022-09-30T14:45:55","date_gmt":"2022-09-30T14:45:55","guid":{"rendered":"https:\/\/nextstationmorocco.com\/\/?page_id=117"},"modified":"2022-10-13T15:33:46","modified_gmt":"2022-10-13T15:33:46","slug":"3-jours-de-marrakech-a-fes-dans-le-desert","status":"publish","type":"page","link":"https:\/\/nextstationmorocco.com\/fr\/3-jours-de-marrakech-a-fes-dans-le-desert\/","title":{"rendered":"3 jours de Marrakech \u00e0 F\u00e8s dans le d\u00e9sert"},"content":{"rendered":"<p>L&#8217;excursion priv\u00e9e dans le d\u00e9sert de Marrakech \u00e0 F\u00e8s est l&#8217;excursion de plusieurs jours id\u00e9ale pour rejoindre les deux majestueuses communaut\u00e9s urbaines de Marrakech et de F\u00e8s par un voyage terrestre dans le d\u00e9sert marocain. Vous traverserez les montagnes du Haut Atlas, visiterez la Kasbah d&#8217;Ait Ben Hadou, Ouarzazate, le jardin du d\u00e9sert de Skoura, la vall\u00e9e du Dad\u00e8s, Tinghir et ses grands canyons de Todra. Profitez d&#8217;une randonn\u00e9e \u00e0 dos de chameau au cr\u00e9puscule dans les cr\u00eates de l&#8217;Erg Chebbi et passez la nuit avec les b\u00e9douins dans votre camp du d\u00e9sert du Sahara. Passez par les montagnes du Moyen Atlas et ses c\u00e8dres o\u00f9 vous pourrez apercevoir des singes de Barbarie avant d&#8217;arriver \u00e0 F\u00e8s. En r\u00e9sum\u00e9, c&#8217;est le meilleur circuit dans le d\u00e9sert de Marrakech \u00e0 F\u00e8s.<\/p>\n<h3>L&#8217;ITIN\u00c9RAIRE DE L&#8217;EXCURSION DE 3 JOURS DE MARRAKECH \u00c0 FES<\/h3>\n<h4>Jour 1 : Marrakech &#8211; Montagnes du Haut Atlas &#8211; ait ben Haddou &#8211; vall\u00e9e du Dad\u00e8s.<\/h4>\n<p>L&#8217;excursion dans le d\u00e9sert marocain de Marrakech \u00e0 F\u00e8s commencera \u00e0 partir de votre riad \u00e0 7h30 du matin pour rejoindre la Kasbah Ait Ben Hadou en passant par le col de Tizi Ntichka et les montagnes du Haut Atlas. Divers arr\u00eats seront effectu\u00e9s en route. Visitez la Kasbah Ait Ben Haddou, patrimoine mondial de l&#8217;UNESCO, qui a \u00e9galement servi de d\u00e9cor \u00e0 plusieurs superproductions hollywoodiennes. Vers le soir, nous nous rendons \u00e0 la source du d\u00e9sert de Skoura. De l\u00e0, nous nous rendons \u00e0 Kalaa Mgouna en passant par la Vall\u00e9e des Roses avant d&#8217;arriver \u00e0 notre maison d&#8217;h\u00f4tes situ\u00e9e dans la vall\u00e9e du Dad\u00e8s.<\/p>\n<h4>Jour 2 : Vall\u00e9e du Dad\u00e8s- Gorges de la toudgha- le d\u00e9sert de Merzouga<\/h4>\n<p>Apr\u00e8s avoir fini votre petit d\u00e9jeuner le deuxi\u00e8me jour nous commencerons notre aventure de l&#8217;h\u00f4tel. notre direction est le Sahara de Merzouga ( Erg Chebbi). Dans notre jour nous verrons la famille berb\u00e8re et la culture de Berber en visitant les gorges de toudggha marchant, nous continuerons la conduite \u00e0 Erfoud dans lequel nous sentirons le d\u00e9but de Dunnes de sable du Maroc, alors nous continuons la conduite au d\u00e9sert de Merzouga, apr\u00e8s avoir eu un repos nous irons pour monter les chameaux qui nous prendront sur une aventure de d\u00e9sert dans les dunes et c&#8217;est votre occasion de prendre vos meilleures photos du coucher du soleil dans le d\u00e9sert du Maroc, nous passerons la nuit dans le camp vous appr\u00e9cierez la musique du Sahara dans la nuit apr\u00e8s le d\u00eener.<\/p>\n<h4>Jour 3 : Merzouga &#8211; Ifran &#8211; F\u00e8s<\/h4>\n<p>Le dernier jour de notre circuit de Marrakech \u00e0 F\u00e8s via le d\u00e9sert commencera apr\u00e8s un r\u00e9veil matinal pour profiter d&#8217;une incroyable randonn\u00e9e \u00e0 dos de chameau au lever du soleil sur les dunes de Merzouga, apr\u00e8s un bon petit-d\u00e9jeuner, le chauffeur vous retrouvera pour commencer une route panoramique vers F\u00e8s en traversant la vall\u00e9e du Ziz par Errachidia.<\/p>\n<p>Nous poursuivrons notre voyage jusqu&#8217;\u00e0 Midelt o\u00f9 nous d\u00e9jeunerons \u00e0 loisir avant de continuer \u00e0 rouler \u00e0 travers le centre des montagnes de l&#8217;Atlas avec ses for\u00eats de c\u00e8dres et ses villes berb\u00e8res Ifran, qui sont chacune c\u00e9l\u00e9br\u00e9es comme des stations de ski d&#8217;hiver pour les Marocains.<\/p>\n<p>Votre chauffeur peut rep\u00e9rer quelques singes de Barbarie sur l&#8217;approche et saisir l&#8217;occasion pour exiger quelques photos.<\/p>\n<p><strong>Comprend pendant les 4 jours de conseils \u00e0 partir de Marrakech<\/strong><\/p>\n<ul>\n<li>Un 4&#215;4 ou Minivan climatis\u00e9,<\/li>\n<li>Randonn\u00e9e \u00e0 dos de chameau pour passer la nuit dans un campement de luxe avec salle de bain et douche attenantes.<\/li>\n<li>Chauffeur parlant anglais\/fran\u00e7ais\/espagnol pendant l&#8217;excursion.<\/li>\n<li>Chambres\/tentes priv\u00e9es<\/li>\n<li>H\u00f4tels<\/li>\n<li>D\u00eener et petit-d\u00e9jeuner<\/li>\n<li>Prise en charge et retour \u00e0 votre h\u00e9bergement \u00e0 Marrakech<\/li>\n<\/ul>\n","protected":false},"excerpt":{"rendered":"<p>L&#8217;excursion priv\u00e9e dans le d\u00e9sert de Marrakech \u00e0 F\u00e8s est l&#8217;excursion de plusieurs jours id\u00e9ale pour rejoindre les deux majestueuses communaut\u00e9s urbaines de Marrakech et de<span class=\"excerpt-hellip\"> [\u2026]<\/span><\/p>\n","protected":false},"author":1,"featured_media":0,"parent":0,"menu_order":0,"comment_status":"closed","ping_status":"closed","template":"","meta":{"ngg_post_thumbnail":0,"footnotes":""},"class_list":["post-117","page","type-page","status-publish","hentry"],"_links":{"self":[{"href":"https:\/\/nextstationmorocco.com\/fr\/wp-json\/wp\/v2\/pages\/117","targetHints":{"allow":["GET"]}}],"collection":[{"href":"https:\/\/nextstationmorocco.com\/fr\/wp-json\/wp\/v2\/pages"}],"about":[{"href":"https:\/\/nextstationmorocco.com\/fr\/wp-json\/wp\/v2\/types\/page"}],"author":[{"embeddable":true,"href":"https:\/\/nextstationmorocco.com\/fr\/wp-json\/wp\/v2\/users\/1"}],"replies":[{"embeddable":true,"href":"https:\/\/nextstationmorocco.com\/fr\/wp-json\/wp\/v2\/comments?post=117"}],"version-history":[{"count":5,"href":"https:\/\/nextstationmorocco.com\/fr\/wp-json\/wp\/v2\/pages\/117\/revisions"}],"predecessor-version":[{"id":338,"href":"https:\/\/nextstationmorocco.com\/fr\/wp-json\/wp\/v2\/pages\/117\/revisions\/338"}],"wp:attachment":[{"href":"https:\/\/nextstationmorocco.com\/fr\/wp-json\/wp\/v2\/media?parent=117"}],"curies":[{"name":"wp","href":"https:\/\/api.w.org\/{rel}","templated":true}]}}