{"id":115,"date":"2022-09-30T14:45:12","date_gmt":"2022-09-30T14:45:12","guid":{"rendered":"https:\/\/nextstationmorocco.com\/\/?page_id=115"},"modified":"2022-10-13T15:32:33","modified_gmt":"2022-10-13T15:32:33","slug":"3-jours-dexcursion-dans-le-desert-de-marrakech-a-merzouga","status":"publish","type":"page","link":"https:\/\/nextstationmorocco.com\/fr\/3-jours-dexcursion-dans-le-desert-de-marrakech-a-merzouga\/","title":{"rendered":"3 jours d&#8217;excursion dans le d\u00e9sert de Marrakech \u00e0 Merzouga"},"content":{"rendered":"<p>Le voyage de trois jours dans le d\u00e9sert de Marrakech \u00e0 Merzouga est notre circuit le plus populaire dans le d\u00e9sert marocain. Ce safari dans le d\u00e9sert est parfait pour ceux qui veulent d\u00e9couvrir le Sahara profond au Maroc et ne veulent pas conduire longtemps. L&#8217;excursion est pleine de paysages ; vous ne vous ennuierez jamais car vous admirez une sc\u00e8ne apr\u00e8s l&#8217;autre. Le changement spectaculaire de paysage est fantastique. Des plaines fertiles du Haouz \u00e0 Marrakech jusqu&#8217;au Haut Atlas, puis \u00e0 diff\u00e9rentes vall\u00e9es et oasis. Des hauts plateaux rocheux \u00e0 la fin, suivis des impressionnantes dunes de l&#8217;Erg Chebbi. Le point culminant de notre excursion de trois jours de Marrakech \u00e0 Merzouga est la promenade \u00e0 dos de chameau au coucher du soleil et la nuit pass\u00e9e \u00e0 dormir sous les \u00e9toiles dans le camp b\u00e9douin du d\u00e9sert du Sahara.<\/p>\n<h3>Itin\u00e9raire :<\/h3>\n<h4>JOUR 1 : MARRAKECH &#8211; Ouarzazate &#8211; VALLEE DES DADES<\/h4>\n<p>Les excursions dans le d\u00e9sert commencent t\u00f4t le matin de Marrakech \u00e0 Merzouga avec un voyage \u00e0 l&#8217;est de Marrakech \u00e0 travers le Haut Atlas. Le chauffeur s&#8217;arr\u00eatera pour que vous puissiez prendre des photos, profiter de la vue et boire une tasse de caf\u00e9.<\/p>\n<p>Vous emprunterez une route sinueuse jusqu&#8217;au c\u00e9l\u00e8bre col de Tizi Nitschka avant d&#8217;atteindre la Kasbah d&#8217;Ait Ben Haddou. Fortifi\u00e9e par les Berb\u00e8res, la ville d&#8217;Ait Ben Haddou est un m\u00e9morial de l&#8217;UNESCO et est \u00e9galement connue comme le lieu appropri\u00e9 pour les grandes \u00e9pop\u00e9es hollywoodiennes, pour ne citer que quelques uns des quelques films que la ville a tourn\u00e9s : Kingdom of the Heavens, Lawrence Of Arabia et Gladiator, ils traversent la rivi\u00e8re qui s\u00e9pare la Kasbah de la route principale et explorent le village \u00e0 votre guise.<\/p>\n<p>Apr\u00e8s le d\u00e9jeuner dans un restaurant local, direction la vall\u00e9e du Dad\u00e8s vers Ouarzazate, l&#8217;oasis de Skoura, les agents de Maghouna, et est c\u00e9l\u00e8bre pour sa distillation artisanale d&#8217;eau de rose. Lorsque vous arrivez \u00e0 Bumallen Dades, suivez la rivi\u00e8re Dades le long d&#8217;un petit chemin qui longe de nombreux roseaux fortifi\u00e9s qui bordent la route jusqu&#8217;au canyon du Dades. Vous arriverez \u00e0 votre h\u00f4tel en fin d&#8217;apr\u00e8s-midi.<\/p>\n<h4>Jour 2 : Gorges du Dad\u00e8s &#8211; Merzouga (Dunes de l&#8217;Erg Chebbi)<\/h4>\n<p>Apr\u00e8s un excellent petit-d\u00e9jeuner \u00e0 l&#8217;h\u00f4tel, la journ\u00e9e commencera \u00e0 partir de Dad\u00e8s vers les dunes de Merzouga. Merzouga est c\u00e9l\u00e8bre pour les dunes de l&#8217;Erg Chebbi ou les dunes les plus communes avec plus de 100 kilom\u00e8tres de terrain \u00e0 Merzoug. Profitez d&#8217;une promenade en demi-chameau \u00e0 travers les belles dunes de l&#8217;Erg Shebby et admirez la vue du coucher du soleil, offrant une vue magnifique et unique au monde. La deuxi\u00e8me nuit, un s\u00e9jour temporaire sous les \u00e9toiles apr\u00e8s un d\u00eener traditionnel sur le feu.<\/p>\n<h4>Jour 3 : Merzouga &#8211; Ouarzazate &#8211; Marrakech (9 heures de route)<\/h4>\n<p>Apr\u00e8s le magnifique lever du soleil, profitez d&#8217;un petit-d\u00e9jeuner typique et faites une promenade \u00e0 dos de chameau pour retourner \u00e0 Merzouga. Admirez les magnifiques paysages du Sahara, les oasis, les palmeraies et les vall\u00e9es verdoyantes. Retour \u00e0 Marrakech.<\/p>\n<p><strong>inclus pendant les 3 jours d&#8217;excursions dans le d\u00e9sert au d\u00e9part de Marrakech<\/strong><\/p>\n<ul>\n<li>Un 4&#215;4 ou Minivan climatis\u00e9,<\/li>\n<li>Randonn\u00e9e \u00e0 dos de chameau et nuit en camp de luxe avec salle de bain et douche attenante<\/li>\n<li>Chauffeur parlant anglais\/fran\u00e7ais\/espagnol pendant l&#8217;excursion.<\/li>\n<li>Chambres\/tentes priv\u00e9es<\/li>\n<li>H\u00f4tels<\/li>\n<li>D\u00eener et petit-d\u00e9jeuner<\/li>\n<li>Prise en charge et retour \u00e0 votre h\u00e9bergement \u00e0 Marrakech<\/li>\n<\/ul>\n","protected":false},"excerpt":{"rendered":"<p>Le voyage de trois jours dans le d\u00e9sert de Marrakech \u00e0 Merzouga est notre circuit le plus populaire dans le d\u00e9sert marocain. Ce safari dans le<span class=\"excerpt-hellip\"> [\u2026]<\/span><\/p>\n","protected":false},"author":1,"featured_media":0,"parent":0,"menu_order":0,"comment_status":"closed","ping_status":"closed","template":"","meta":{"ngg_post_thumbnail":0,"footnotes":""},"class_list":["post-115","page","type-page","status-publish","hentry"],"_links":{"self":[{"href":"https:\/\/nextstationmorocco.com\/fr\/wp-json\/wp\/v2\/pages\/115","targetHints":{"allow":["GET"]}}],"collection":[{"href":"https:\/\/nextstationmorocco.com\/fr\/wp-json\/wp\/v2\/pages"}],"about":[{"href":"https:\/\/nextstationmorocco.com\/fr\/wp-json\/wp\/v2\/types\/page"}],"author":[{"embeddable":true,"href":"https:\/\/nextstationmorocco.com\/fr\/wp-json\/wp\/v2\/users\/1"}],"replies":[{"embeddable":true,"href":"https:\/\/nextstationmorocco.com\/fr\/wp-json\/wp\/v2\/comments?post=115"}],"version-history":[{"count":5,"href":"https:\/\/nextstationmorocco.com\/fr\/wp-json\/wp\/v2\/pages\/115\/revisions"}],"predecessor-version":[{"id":336,"href":"https:\/\/nextstationmorocco.com\/fr\/wp-json\/wp\/v2\/pages\/115\/revisions\/336"}],"wp:attachment":[{"href":"https:\/\/nextstationmorocco.com\/fr\/wp-json\/wp\/v2\/media?parent=115"}],"curies":[{"name":"wp","href":"https:\/\/api.w.org\/{rel}","templated":true}]}}