{"id":113,"date":"2022-09-30T14:44:16","date_gmt":"2022-09-30T14:44:16","guid":{"rendered":"https:\/\/nextstationmorocco.com\/\/?page_id=113"},"modified":"2022-10-13T15:38:53","modified_gmt":"2022-10-13T15:38:53","slug":"4-jours-dexcursion-dans-le-desert-marocain-au-depart-de-marrakech","status":"publish","type":"page","link":"https:\/\/nextstationmorocco.com\/fr\/4-jours-dexcursion-dans-le-desert-marocain-au-depart-de-marrakech\/","title":{"rendered":"4 jours d&#8217;excursion dans le d\u00e9sert marocain au d\u00e9part de Marrakech"},"content":{"rendered":"<p>Faire une excursion de trois jours dans le d\u00e9sert \u00e0 travers les dunes de Merzouga signifie passer dix heures en voiture de Merzouga \u00e0 Marrakech. Pour cette raison, nous recommandons un s\u00e9jour minimum de 4 jours pour une excursion dans le d\u00e9sert au d\u00e9part de Marrakech. Vous pouvez interrompre le voyage dans n&#8217;importe quelle direction et visiter les curiosit\u00e9s en cours de route.<\/p>\n<p>L&#8217;excursion de quatre jours de Marrakech au Sahara de Merzouga et retour \u00e0 Marrakech est l&#8217;un des meilleurs circuits recommand\u00e9s car il y a beaucoup \u00e0 voir. Et faites en plus du trekking \u00e0 dos de chameau et de l&#8217;h\u00e9bergement dans une zone profonde du Sahara \u00e0 partir de Marrakech Arrivez t\u00f4t \u00e0 l&#8217;h\u00f4tel sur les collines des dunes de l&#8217;Erg Chebbi, d\u00e9gustez une tasse de th\u00e9, voyez les nomades vivant dans les grottes, promenez-vous dans les palmeraies ou dans les gorges de Dadestal ou Todra avec un guide local.<\/p>\n<h3>Itin\u00e9raire :<\/h3>\n<h4>Jour 1 : Marrakech &#8211; Ait Benhaddou &#8211; Ouarzazate &#8211; Gorges du Dad\u00e8s<\/h4>\n<p>Nous commen\u00e7ons nos excursions de Marrakech vers le d\u00e9sert le matin en traversant les montagnes du Haut Atlas via le Tizi n&#8217;Tichka (2260m), pour atteindre le village d&#8217;Ait Benhaddou, le ksar fortifi\u00e9 avec ses belles Kasbahs. Ait Benhaddou a servi de d\u00e9cor naturel pour de nombreux producteurs de films. Apr\u00e8s le d\u00e9jeuner, nous nous dirigerons vers Dad\u00e8s via Ouarzazate, la palmeraie de Skoura et la Vall\u00e9e des Roses, o\u00f9 nous passerons la premi\u00e8re nuit.<\/p>\n<h4>Jour 2 : Gorges de Dad\u00e8s &#8211; Gorges de Todra -Erfoud &#8211; Risani- Merzouga<\/h4>\n<p>Apr\u00e8s le petit-d\u00e9jeuner, la journ\u00e9e commencera par la visite des gorges du Dad\u00e8s en empruntant la route des 1000 kasbahs pour rouler autour des villages berb\u00e8res color\u00e9s de la vall\u00e9e du Dad\u00e8s. Pour arriver \u00e0 Tineghir avec sa belle palmeraie. Nous continuerons vers les gorges du Todgha, o\u00f9 nous ferons une randonn\u00e9e le long des canyons d&#8217;environ 300 m d&#8217;altitude, lieu de pr\u00e9dilection des alpinistes. Ensuite, nous nous dirigerons vers les dunes d&#8217;Erg Chebbi dans le d\u00e9sert du Sahara de Merzouga, et vous aurez le temps de d\u00e9jeuner en chemin. Une fois arriv\u00e9s aux dunes de l&#8217;Erg Chebbi, vous ferez une promenade \u00e0 dos de chameau d&#8217;une dur\u00e9e d&#8217;une heure et demie, tout en regardant le coucher du soleil, pour rejoindre le camp dans l&#8217;oasis. Passer la nuit dans le bivouac des dunes du Sahara de Merzouga sous des tentes nomades ou \u00e0 l&#8217;ext\u00e9rieur sous les \u00e9toiles filantes. Jouer aux tambours avec les chameliers.<\/p>\n<h4>Jour 3 : Merzouga<\/h4>\n<p>Le troisi\u00e8me jour de ce tour intr\u00e9pide du d\u00e9sert marocain nous verra profiter de Merzouga. Apr\u00e8s avoir pris le petit-d\u00e9jeuner \u00e0 l&#8217;h\u00f4tel, vous aurez l&#8217;occasion de vous baigner dans la piscine de l&#8217;h\u00f4tel, puis du temps libre pour explorer les activit\u00e9s. Il y a beaucoup d&#8217;activit\u00e9s comme le quad, le buggy \u00e0 travers les dunes et le v\u00e9lo, mais elles seront \u00e0 votre charge.<\/p>\n<h4>JOUR 4 : MERZOUGA -MARRAKECH<\/h4>\n<p>Une longue route d&#8217;environ 9 heures nous attend pour retourner \u00e0 Marrakech. Continuation vers Marrakech avec un d\u00e9tour au village berb\u00e8re traditionnel du Haut Atlas de Telouet et visite de la Kasbah el Glaoui et travers\u00e9e du Haut Atlas.<\/p>\n<p><strong>Inclus pendant les 4 jours de conseils \u00e0 partir de Marrakech<\/strong><\/p>\n<ul>\n<li>Un 4&#215;4 ou Minivan climatis\u00e9,<\/li>\n<li>Randonn\u00e9e \u00e0 dos de chameau pour passer la nuit dans un camp de luxe avec salle de bain et douche attenantes.<\/li>\n<li>Chauffeur parlant anglais\/fran\u00e7ais\/espagnol pendant l&#8217;excursion<\/li>\n<li>Chambres\/tentes priv\u00e9es<\/li>\n<li>H\u00f4tels<\/li>\n<li>D\u00eener et petit-d\u00e9jeuner<\/li>\n<li>Prise en charge et retour \u00e0 votre h\u00e9bergement \u00e0 Marrakech<\/li>\n<\/ul>\n","protected":false},"excerpt":{"rendered":"<p>Faire une excursion de trois jours dans le d\u00e9sert \u00e0 travers les dunes de Merzouga signifie passer dix heures en voiture de Merzouga \u00e0 Marrakech. Pour<span class=\"excerpt-hellip\"> [\u2026]<\/span><\/p>\n","protected":false},"author":1,"featured_media":0,"parent":0,"menu_order":0,"comment_status":"closed","ping_status":"closed","template":"","meta":{"ngg_post_thumbnail":0,"footnotes":""},"class_list":["post-113","page","type-page","status-publish","hentry"],"_links":{"self":[{"href":"https:\/\/nextstationmorocco.com\/fr\/wp-json\/wp\/v2\/pages\/113","targetHints":{"allow":["GET"]}}],"collection":[{"href":"https:\/\/nextstationmorocco.com\/fr\/wp-json\/wp\/v2\/pages"}],"about":[{"href":"https:\/\/nextstationmorocco.com\/fr\/wp-json\/wp\/v2\/types\/page"}],"author":[{"embeddable":true,"href":"https:\/\/nextstationmorocco.com\/fr\/wp-json\/wp\/v2\/users\/1"}],"replies":[{"embeddable":true,"href":"https:\/\/nextstationmorocco.com\/fr\/wp-json\/wp\/v2\/comments?post=113"}],"version-history":[{"count":5,"href":"https:\/\/nextstationmorocco.com\/fr\/wp-json\/wp\/v2\/pages\/113\/revisions"}],"predecessor-version":[{"id":343,"href":"https:\/\/nextstationmorocco.com\/fr\/wp-json\/wp\/v2\/pages\/113\/revisions\/343"}],"wp:attachment":[{"href":"https:\/\/nextstationmorocco.com\/fr\/wp-json\/wp\/v2\/media?parent=113"}],"curies":[{"name":"wp","href":"https:\/\/api.w.org\/{rel}","templated":true}]}}