{"id":111,"date":"2022-09-30T14:40:11","date_gmt":"2022-09-30T14:40:11","guid":{"rendered":"https:\/\/nextstationmorocco.com\/\/?page_id=111"},"modified":"2022-10-13T15:42:43","modified_gmt":"2022-10-13T15:42:43","slug":"excursions-dune-journee-au-depart-de-marrakech-vers-les-cascades-douzoud","status":"publish","type":"page","link":"https:\/\/nextstationmorocco.com\/fr\/excursions-dune-journee-au-depart-de-marrakech-vers-les-cascades-douzoud\/","title":{"rendered":"Excursions d&#8217;une journ\u00e9e au d\u00e9part de Marrakech vers les cascades d&#8217;Ouzoud"},"content":{"rendered":"<h3>Excursion d&#8217;une journ\u00e9e \u00e0 partir de Marrakech<\/h3>\n<p>Best Morocco Travels propose des excursions d&#8217;une journ\u00e9e au d\u00e9part de Marrakech pour vous faire d\u00e9couvrir le magnifique pays, ses coutumes, sa culture, ses sites et son histoire. Tous nos circuits priv\u00e9s au Maroc comprennent des visites culturelles, des visites du d\u00e9sert, et des randonn\u00e9es \u00e0 dos de chameau dans le d\u00e9sert du Sahara. Si vous souhaitez modifier nos circuits, n&#8217;h\u00e9sitez pas \u00e0 nous contacter et nous vous pr\u00e9parerons un circuit personnalis\u00e9 en fonction de vos besoins.<\/p>\n<h4>EXCURSION D&#8217;UNE JOURN\u00c9E AUX CHUTES D&#8217;OUZOUD<\/h4>\n<p>L&#8217;excursion commence \u00e0 09 heures du matin \u00e0 partir de Marrakech. Il faut environ 2,5 heures pour que notre minibus ou notre v\u00e9hicule 4&#215;4 se rende aux chutes d&#8217;eau. C&#8217;est une excellente occasion de s&#8217;\u00e9chapper de la ville et de d\u00e9couvrir le Maroc que peu de gens voient ! En chemin, nous pourrons explorer la campagne, en passant par de nombreuses villes traditionnelles marocaines et des villages ruraux.<\/p>\n<p>Une fois que nous aurons atteint les chutes d&#8217;eau, notre chauffeur vous pr\u00e9sentera la r\u00e9gion pour s&#8217;assurer que vous en profitez au maximum. Vous pourrez vous promener le long des cascades, vous d\u00e9tendre en regardant les chutes d&#8217;eau, prendre un pique-nique ou visiter l&#8217;un des nombreux caf\u00e9s et restaurants. N&#8217;oubliez pas d&#8217;observer les singes sauvages qui vivent dans les arbres !<\/p>\n<p>Apr\u00e8s un apr\u00e8s-midi reposant et relaxant, nous retournons \u00e0 Marrakech.<\/p>\n<p>Fin de nos services.<\/p>\n<p><strong>Inclus :<\/strong><\/p>\n<ul>\n<li>Prise en charge \u00e0 partir de votre h\u00f4tel<\/li>\n<li>Transport dans un v\u00e9hicule confortable avec climatisation<\/li>\n<li>Chauffeur professionnel<\/li>\n<li>Visite guid\u00e9e d&#8217;Ouzoud<\/li>\n<\/ul>\n<p><strong>Non inclus :<\/strong><\/p>\n<ul>\n<li>Les d\u00e9jeuners et les boissons<\/li>\n<\/ul>\n","protected":false},"excerpt":{"rendered":"<p>Excursion d&#8217;une journ\u00e9e \u00e0 partir de Marrakech Best Morocco Travels propose des excursions d&#8217;une journ\u00e9e au d\u00e9part de Marrakech pour vous faire d\u00e9couvrir le magnifique pays,<span class=\"excerpt-hellip\"> [\u2026]<\/span><\/p>\n","protected":false},"author":1,"featured_media":0,"parent":0,"menu_order":0,"comment_status":"closed","ping_status":"closed","template":"","meta":{"ngg_post_thumbnail":0,"footnotes":""},"class_list":["post-111","page","type-page","status-publish","hentry"],"_links":{"self":[{"href":"https:\/\/nextstationmorocco.com\/fr\/wp-json\/wp\/v2\/pages\/111","targetHints":{"allow":["GET"]}}],"collection":[{"href":"https:\/\/nextstationmorocco.com\/fr\/wp-json\/wp\/v2\/pages"}],"about":[{"href":"https:\/\/nextstationmorocco.com\/fr\/wp-json\/wp\/v2\/types\/page"}],"author":[{"embeddable":true,"href":"https:\/\/nextstationmorocco.com\/fr\/wp-json\/wp\/v2\/users\/1"}],"replies":[{"embeddable":true,"href":"https:\/\/nextstationmorocco.com\/fr\/wp-json\/wp\/v2\/comments?post=111"}],"version-history":[{"count":4,"href":"https:\/\/nextstationmorocco.com\/fr\/wp-json\/wp\/v2\/pages\/111\/revisions"}],"predecessor-version":[{"id":352,"href":"https:\/\/nextstationmorocco.com\/fr\/wp-json\/wp\/v2\/pages\/111\/revisions\/352"}],"wp:attachment":[{"href":"https:\/\/nextstationmorocco.com\/fr\/wp-json\/wp\/v2\/media?parent=111"}],"curies":[{"name":"wp","href":"https:\/\/api.w.org\/{rel}","templated":true}]}}