{"id":109,"date":"2022-09-30T14:38:38","date_gmt":"2022-09-30T14:38:38","guid":{"rendered":"https:\/\/nextstationmorocco.com\/\/?page_id=109"},"modified":"2022-10-13T15:42:25","modified_gmt":"2022-10-13T15:42:25","slug":"excursions-dune-journee-au-depart-de-marrakech-vers-la-kasbah-ait-benhadou","status":"publish","type":"page","link":"https:\/\/nextstationmorocco.com\/fr\/excursions-dune-journee-au-depart-de-marrakech-vers-la-kasbah-ait-benhadou\/","title":{"rendered":"Excursions d&#8217;une journ\u00e9e au d\u00e9part de Marrakech vers la Kasbah Ait Benhadou"},"content":{"rendered":"<h3>Excursion d&#8217;une journ\u00e9e \u00e0 partir de Marrakech<\/h3>\n<p>Best Morocco Travels propose des excursions d&#8217;une journ\u00e9e au d\u00e9part de Marrakech pour vous faire d\u00e9couvrir le magnifique pays, ses coutumes, sa culture, ses sites et son histoire. Tous nos circuits priv\u00e9s au Maroc comprennent des visites culturelles, des visites du d\u00e9sert, et des randonn\u00e9es \u00e0 dos de chameau dans le d\u00e9sert du Sahara. Si vous souhaitez modifier nos circuits, n&#8217;h\u00e9sitez pas \u00e0 nous contacter et nous vous pr\u00e9parerons un circuit personnalis\u00e9 en fonction de vos besoins.<\/p>\n<h4>MARRAKECH &#8211; AIT BENHADDOU<\/h4>\n<p>A\u00eft Benhaddou est une ville fortifi\u00e9e, ou palais (ksar), le long de l&#8217;ancienne route des caravanes entre le Sahara et Marrakech dans l&#8217;actuel Maroc. La plupart des habitants de la r\u00e9gion vivent aujourd&#8217;hui dans des logements plus modernes dans un village voisin, bien qu&#8217;il y ait 4 familles qui vivent encore dans l&#8217;ancienne ville. Cette fortification g\u00e9ante, qui se compose de six forts (Kasbahs) et de pr\u00e8s de cinquante palais qui sont des forts individuels, est un grand exemple d&#8217;architecture en terre cuite, qui est \u00e9galement utilis\u00e9e dans l&#8217;architecture marocaine.<\/p>\n<p><strong>A\u00eft Benhaddou est inscrit au patrimoine mondial de l&#8217;UNESCO depuis 1987 et plusieurs films y ont \u00e9t\u00e9 tourn\u00e9s, notamment :<\/strong><\/p>\n<ul>\n<li>La derni\u00e8re tentation du Christ (1988)<\/li>\n<li>La momie (1999)<\/li>\n<li>Gladiator (2000)<\/li>\n<li>Alexandre (2004)<\/li>\n<li>Babel (2006)<\/li>\n<li>Prince de Perse (2010)<\/li>\n<li>Fils de Dieu (film) (2014)<\/li>\n<\/ul>\n<p><strong>Inclus :<\/strong><\/p>\n<ul>\n<li>Prise en charge \u00e0 partir de votre h\u00f4tel<\/li>\n<li>Transport en v\u00e9hicule confortable A\/C<\/li>\n<li>Chauffeur \/ guide professionnel<\/li>\n<\/ul>\n<p><strong>Non inclus :<\/strong><\/p>\n<ul>\n<li>Les d\u00e9jeuners et les boissons<\/li>\n<\/ul>\n","protected":false},"excerpt":{"rendered":"<p>Excursion d&#8217;une journ\u00e9e \u00e0 partir de Marrakech Best Morocco Travels propose des excursions d&#8217;une journ\u00e9e au d\u00e9part de Marrakech pour vous faire d\u00e9couvrir le magnifique pays,<span class=\"excerpt-hellip\"> [\u2026]<\/span><\/p>\n","protected":false},"author":1,"featured_media":0,"parent":0,"menu_order":0,"comment_status":"closed","ping_status":"closed","template":"","meta":{"ngg_post_thumbnail":0,"footnotes":""},"class_list":["post-109","page","type-page","status-publish","hentry"],"_links":{"self":[{"href":"https:\/\/nextstationmorocco.com\/fr\/wp-json\/wp\/v2\/pages\/109","targetHints":{"allow":["GET"]}}],"collection":[{"href":"https:\/\/nextstationmorocco.com\/fr\/wp-json\/wp\/v2\/pages"}],"about":[{"href":"https:\/\/nextstationmorocco.com\/fr\/wp-json\/wp\/v2\/types\/page"}],"author":[{"embeddable":true,"href":"https:\/\/nextstationmorocco.com\/fr\/wp-json\/wp\/v2\/users\/1"}],"replies":[{"embeddable":true,"href":"https:\/\/nextstationmorocco.com\/fr\/wp-json\/wp\/v2\/comments?post=109"}],"version-history":[{"count":4,"href":"https:\/\/nextstationmorocco.com\/fr\/wp-json\/wp\/v2\/pages\/109\/revisions"}],"predecessor-version":[{"id":351,"href":"https:\/\/nextstationmorocco.com\/fr\/wp-json\/wp\/v2\/pages\/109\/revisions\/351"}],"wp:attachment":[{"href":"https:\/\/nextstationmorocco.com\/fr\/wp-json\/wp\/v2\/media?parent=109"}],"curies":[{"name":"wp","href":"https:\/\/api.w.org\/{rel}","templated":true}]}}