{"id":106,"date":"2022-09-30T14:36:35","date_gmt":"2022-09-30T14:36:35","guid":{"rendered":"https:\/\/nextstationmorocco.com\/\/?page_id=106"},"modified":"2022-10-13T15:43:29","modified_gmt":"2022-10-13T15:43:29","slug":"excursions-dune-journee-de-marrakech-a-la-vallee-de-lourika","status":"publish","type":"page","link":"https:\/\/nextstationmorocco.com\/fr\/excursions-dune-journee-de-marrakech-a-la-vallee-de-lourika\/","title":{"rendered":"Excursions d&#8217;une journ\u00e9e de Marrakech \u00e0 la vall\u00e9e de l&#8217;Ourika"},"content":{"rendered":"<h3>Excursion d&#8217;une journ\u00e9e \u00e0 partir de Marrakech<\/h3>\n<p>Best Morocco Travels propose des excursions d&#8217;une journ\u00e9e au d\u00e9part de Marrakech pour vous faire d\u00e9couvrir le magnifique pays, ses coutumes, sa culture, ses sites et son histoire. Tous nos circuits priv\u00e9s au Maroc comprennent des visites culturelles, des visites du d\u00e9sert, et des randonn\u00e9es \u00e0 dos de chameau dans le d\u00e9sert du Sahara. Si vous souhaitez modifier nos circuits, n&#8217;h\u00e9sitez pas \u00e0 nous contacter et nous vous pr\u00e9parerons un circuit personnalis\u00e9 en fonction de vos besoins.<\/p>\n<h4>MARRAKECH &#8211; VALL\u00c9E DE L&#8217;OURIKA<\/h4>\n<p>La vall\u00e9e de l&#8217;Ourika, en raison de ses nombreuses chutes d&#8217;eau et de plusieurs attractions, est une excursion d&#8217;une journ\u00e9e tr\u00e8s populaire au d\u00e9part de Marrakech.<\/p>\n<p>La r\u00e9gion est habit\u00e9e par des Berb\u00e8res qui pratiquent un mode de vie traditionnel. Malgr\u00e9 sa proximit\u00e9 avec Marrakech, elle est encore consid\u00e9r\u00e9e comme relativement &#8220;intacte&#8221;.<\/p>\n<p>Les montagnes du Haut-Atlas, sont habit\u00e9es par des Berb\u00e8res, qui vivent de l&#8217;agriculture et du pastoralisme dans les vall\u00e9es. Dans la zone steppique du Haut-Atlas, o\u00f9 les pr\u00e9cipitations sont faibles, les habitants ont cr\u00e9\u00e9 une technique intelligente pour g\u00e9rer les faibles pr\u00e9cipitations et la faiblesse du sol. Ils transforment les terres plut\u00f4t semi-arides en vall\u00e9es fertiles appel\u00e9es localement Agdal (jardin en berb\u00e8re). Cette technique a intrigu\u00e9 de nombreux agronomes occidentaux, qui ont \u00e9t\u00e9 impressionn\u00e9s par la grande efficacit\u00e9 de ce syst\u00e8me agricole. De nombreux scientifiques, notamment fran\u00e7ais, font des exp\u00e9ditions annuelles pour observer la communaut\u00e9 et son syst\u00e8me de vie.<\/p>\n<p><strong>Inclus :<\/strong><\/p>\n<ul>\n<li>Prise en charge \u00e0 partir de votre h\u00f4tel.<\/li>\n<li>Transport en v\u00e9hicule confortable avec climatisation<\/li>\n<li>Chauffeur \/ guide professionnel<\/li>\n<\/ul>\n<p><strong>Non inclus :<\/strong><\/p>\n<ul>\n<li>Les d\u00e9jeuners et les boissons<\/li>\n<\/ul>\n","protected":false},"excerpt":{"rendered":"<p>Excursion d&#8217;une journ\u00e9e \u00e0 partir de Marrakech Best Morocco Travels propose des excursions d&#8217;une journ\u00e9e au d\u00e9part de Marrakech pour vous faire d\u00e9couvrir le magnifique pays,<span class=\"excerpt-hellip\"> [\u2026]<\/span><\/p>\n","protected":false},"author":1,"featured_media":0,"parent":0,"menu_order":0,"comment_status":"closed","ping_status":"closed","template":"","meta":{"ngg_post_thumbnail":0,"footnotes":""},"class_list":["post-106","page","type-page","status-publish","hentry"],"_links":{"self":[{"href":"https:\/\/nextstationmorocco.com\/fr\/wp-json\/wp\/v2\/pages\/106","targetHints":{"allow":["GET"]}}],"collection":[{"href":"https:\/\/nextstationmorocco.com\/fr\/wp-json\/wp\/v2\/pages"}],"about":[{"href":"https:\/\/nextstationmorocco.com\/fr\/wp-json\/wp\/v2\/types\/page"}],"author":[{"embeddable":true,"href":"https:\/\/nextstationmorocco.com\/fr\/wp-json\/wp\/v2\/users\/1"}],"replies":[{"embeddable":true,"href":"https:\/\/nextstationmorocco.com\/fr\/wp-json\/wp\/v2\/comments?post=106"}],"version-history":[{"count":6,"href":"https:\/\/nextstationmorocco.com\/fr\/wp-json\/wp\/v2\/pages\/106\/revisions"}],"predecessor-version":[{"id":354,"href":"https:\/\/nextstationmorocco.com\/fr\/wp-json\/wp\/v2\/pages\/106\/revisions\/354"}],"wp:attachment":[{"href":"https:\/\/nextstationmorocco.com\/fr\/wp-json\/wp\/v2\/media?parent=106"}],"curies":[{"name":"wp","href":"https:\/\/api.w.org\/{rel}","templated":true}]}}