{"id":101,"date":"2022-09-30T14:34:42","date_gmt":"2022-09-30T14:34:42","guid":{"rendered":"https:\/\/nextstationmorocco.com\/\/?page_id=101"},"modified":"2022-10-13T15:43:09","modified_gmt":"2022-10-13T15:43:09","slug":"excursions-dune-journee-de-marrakech-a-essaouira","status":"publish","type":"page","link":"https:\/\/nextstationmorocco.com\/fr\/excursions-dune-journee-de-marrakech-a-essaouira\/","title":{"rendered":"Excursions d&#8217;une journ\u00e9e de Marrakech \u00e0 Essaouira"},"content":{"rendered":"<h3>Excursion d&#8217;une journ\u00e9e \u00e0 partir de Marrakech<\/h3>\n<p>Best Morocco Travels propose des excursions d&#8217;une journ\u00e9e au d\u00e9part de Marrakech pour vous faire d\u00e9couvrir le magnifique pays, ses coutumes, sa culture, ses sites et son histoire. Tous nos circuits priv\u00e9s au Maroc comprennent des visites culturelles, des visites du d\u00e9sert, et des randonn\u00e9es \u00e0 dos de chameau dans le d\u00e9sert du Sahara. Si vous souhaitez modifier nos circuits, n&#8217;h\u00e9sitez pas \u00e0 nous contacter et nous vous pr\u00e9parerons un circuit personnalis\u00e9 en fonction de vos besoins.<\/p>\n<h4>EXCURSION D&#8217;UNE JOURN\u00c9E \u00c0 ESSAOUIRA<\/h4>\n<p>Essaouira, anciennement connue sous le nom de Mogador, est une ville de la r\u00e9gion \u00e9conomique ouest marocaine de Marrakech-Safi, sur la c\u00f4te atlantique. Le nom moderne signifie &#8220;le petit rempart&#8221;, une r\u00e9f\u00e9rence aux murs de la forteresse qui entourent encore une partie de la ville.<\/p>\n<p>\u00c0 partir de la fin des ann\u00e9es 1960, Essaouira est devenue une sorte de repaire de hippies. Malgr\u00e9 les id\u00e9es re\u00e7ues, la chanson de Jimi Hendrix &#8220;Castles Made of Sand&#8221; a \u00e9t\u00e9 \u00e9crite en 1967, deux ans avant qu&#8217;il ne visite les ch\u00e2teaux d&#8217;Essaouira. Cat Stevens a \u00e9galement pass\u00e9 du temps \u00e0 Essaouira.<\/p>\n<p>La m\u00e9dina abrite de nombreuses petites entreprises d&#8217;artisanat, notamment d&#8217;\u00e9b\u00e9nisterie et de sculpture sur bois de &#8220;thuya&#8221; (racines de l&#8217;arbre Tetraclinis), deux activit\u00e9s pratiqu\u00e9es \u00e0 Essaouira depuis des si\u00e8cles.<\/p>\n<p>Le port de p\u00eache, souffrant de la concurrence d&#8217;Agadir et de Safi, reste assez petit, bien que les prises (sardines, congres) soient \u00e9tonnamment abondantes gr\u00e2ce \u00e0 la remont\u00e9e c\u00f4ti\u00e8re g\u00e9n\u00e9r\u00e9e par les puissants aliz\u00e9s et le courant des Canaries. Essaouira reste l&#8217;un des principaux ports de p\u00eache du Maroc.<\/p>\n<p>Essaouira se pr\u00e9sente comme une ville pleine de culture : plusieurs petites galeries d&#8217;art se trouvent un peu partout dans la ville. Depuis 1998, le festival Gnaoua des musiques du monde se tient \u00e0 Essaouira, normalement la derni\u00e8re semaine de juin. Il rassemble des artistes du monde entier. Bien que centr\u00e9 sur la musique gnaoua, il inclut le rock, le jazz et le reggae. Surnomm\u00e9 le &#8220;Woodstock marocain&#8221;, il dure quatre jours et attire chaque ann\u00e9e environ 450 000 spectateurs.<\/p>\n<p><strong>Inclus :<\/strong><\/p>\n<ul>\n<li>Prise en charge \u00e0 partir de votre h\u00f4tel.<\/li>\n<li>Transport en v\u00e9hicule climatis\u00e9 confortable<\/li>\n<li>Chauffeur \/ guide professionnel<\/li>\n<\/ul>\n<p><strong>Non inclus :<\/strong><\/p>\n<ul>\n<li>Les d\u00e9jeuners et les boissons<\/li>\n<\/ul>\n","protected":false},"excerpt":{"rendered":"<p>Excursion d&#8217;une journ\u00e9e \u00e0 partir de Marrakech Best Morocco Travels propose des excursions d&#8217;une journ\u00e9e au d\u00e9part de Marrakech pour vous faire d\u00e9couvrir le magnifique pays,<span class=\"excerpt-hellip\"> [\u2026]<\/span><\/p>\n","protected":false},"author":1,"featured_media":0,"parent":0,"menu_order":0,"comment_status":"closed","ping_status":"closed","template":"","meta":{"ngg_post_thumbnail":0,"footnotes":""},"class_list":["post-101","page","type-page","status-publish","hentry"],"_links":{"self":[{"href":"https:\/\/nextstationmorocco.com\/fr\/wp-json\/wp\/v2\/pages\/101","targetHints":{"allow":["GET"]}}],"collection":[{"href":"https:\/\/nextstationmorocco.com\/fr\/wp-json\/wp\/v2\/pages"}],"about":[{"href":"https:\/\/nextstationmorocco.com\/fr\/wp-json\/wp\/v2\/types\/page"}],"author":[{"embeddable":true,"href":"https:\/\/nextstationmorocco.com\/fr\/wp-json\/wp\/v2\/users\/1"}],"replies":[{"embeddable":true,"href":"https:\/\/nextstationmorocco.com\/fr\/wp-json\/wp\/v2\/comments?post=101"}],"version-history":[{"count":6,"href":"https:\/\/nextstationmorocco.com\/fr\/wp-json\/wp\/v2\/pages\/101\/revisions"}],"predecessor-version":[{"id":353,"href":"https:\/\/nextstationmorocco.com\/fr\/wp-json\/wp\/v2\/pages\/101\/revisions\/353"}],"wp:attachment":[{"href":"https:\/\/nextstationmorocco.com\/fr\/wp-json\/wp\/v2\/media?parent=101"}],"curies":[{"name":"wp","href":"https:\/\/api.w.org\/{rel}","templated":true}]}}